{"id":8194,"date":"2025-09-15T14:29:54","date_gmt":"2025-09-15T12:29:54","guid":{"rendered":"https:\/\/boreait.com\/fr\/?post_type=product&#038;p=8194"},"modified":"2026-01-09T10:14:40","modified_gmt":"2026-01-09T09:14:40","slug":"bouton-dalimentation-usb-pour-dell-latitude-e7450-avec-prise-audio-circuit-imprime-e-s-cable-audio-usb-110-h-lf-a961p-kcxkt","status":"publish","type":"product","link":"https:\/\/boreait.com\/fr\/produit\/bouton-dalimentation-usb-pour-dell-latitude-e7450-avec-prise-audio-circuit-imprime-e-s-cable-audio-usb-110-h-lf-a961p-kcxkt\/","title":{"rendered":"Bouton d&rsquo;alimentation USB pour Dell Latitude E7450 avec prise audio, circuit imprim\u00e9 E\/S, c\u00e2ble audio USB 110\u00a0h (LF-A961P KCXKT)"},"content":{"rendered":"<div class=\"flex-1 overflow-hidden\">\n<div class=\"react-scroll-to-bottom--css-ivmta-79elbk h-full dark:bg-gray-800\">\n<div class=\"react-scroll-to-bottom--css-ivmta-1n7m0yu\">\n<div class=\"flex flex-col text-sm dark:bg-gray-800\">\n<div class=\"group w-full text-gray-800 dark:text-gray-100 border-b border-black\/10 dark:border-gray-900\/50 bg-gray-50 dark:bg-[#444654]\">\n<div class=\"flex p-4 gap-4 text-base md:gap-6 md:max-w-2xl lg:max-w-[38rem] xl:max-w-3xl md:py-6 lg:px-0 m-auto\">\n<div class=\"relative flex w-[calc(100%-50px)] flex-col gap-1 md:gap-3 lg:w-[calc(100%-115px)]\">\n<div class=\"flex flex-grow flex-col gap-3\">\n<div class=\"min-h-[20px] flex items-start overflow-x-auto whitespace-pre-wrap break-words\">\n<div class=\"markdown prose w-full break-words dark:prose-invert light\">\n<p>La carte de circuit imprim\u00e9 110HR avec bouton d&rsquo;alimentation USB et prise audio pour Dell Latitude E7450 est une pi\u00e8ce de rechange d&rsquo;origine OEM sp\u00e9cialement con\u00e7ue pour la s\u00e9rie d&rsquo;ordinateurs portables Dell Latitude E7450. Ce circuit imprim\u00e9 est un composant essentiel qui abrite le bouton d&rsquo;alimentation, un port USB et une prise audio. Il vous permet de contr\u00f4ler l&rsquo;\u00e9tat de l&rsquo;alimentation de votre ordinateur portable, de connecter des p\u00e9riph\u00e9riques USB externes et d&rsquo;utiliser des p\u00e9riph\u00e9riques audio sans probl\u00e8me.<\/p>\n<p>Si le bouton d&rsquo;alimentation de votre ordinateur portable Dell Latitude E7450 ne r\u00e9pond pas, que le port USB ne fonctionne pas ou que la prise audio ne fournit pas de sortie audio, cela peut affecter consid\u00e9rablement son utilisation. Un bouton d&rsquo;alimentation d\u00e9fectueux peut vous emp\u00eacher d&rsquo;allumer ou d&rsquo;\u00e9teindre votre ordinateur portable, tandis que des ports USB et audio non fonctionnels peuvent g\u00eaner la connexion d&rsquo;appareils externes, l&rsquo;utilisation d&rsquo;un casque ou de haut-parleurs.<\/p>\n<p>En rempla\u00e7ant la carte d&rsquo;E\/S du bouton d&rsquo;alimentation USB et de la prise audio endommag\u00e9e ou d\u00e9fectueuse par la carte Dell Latitude E7450 110HR, vous pouvez restaurer pleinement ces fonctionnalit\u00e9s essentielles. Cette pi\u00e8ce de rechange d&rsquo;origine garantit la fiabilit\u00e9 du bouton d&rsquo;alimentation, la connexion fluide du port USB aux p\u00e9riph\u00e9riques externes et la qualit\u00e9 audio de la prise audio. <\/p>\n<p>Il est essentiel de manipuler le remplacement avec pr\u00e9caution afin d&rsquo;\u00e9viter d&rsquo;endommager les autres composants. Nous vous recommandons de confier le remplacement \u00e0 un technicien qualifi\u00e9 ou \u00e0 un centre de service Dell agr\u00e9\u00e9 afin de garantir une installation correcte et d&rsquo;\u00e9viter tout dommage accidentel \u00e0 votre ordinateur portable.<\/p>\n<p>Avec la carte de circuit imprim\u00e9 110HR avec bouton d&rsquo;alimentation USB et prise audio pour Dell Latitude E7450 install\u00e9e, vous pouvez allumer et \u00e9teindre votre ordinateur portable en toute confiance, connecter divers p\u00e9riph\u00e9riques USB et profiter d&rsquo;une excellente exp\u00e9rience audio avec vos p\u00e9riph\u00e9riques audio pr\u00e9f\u00e9r\u00e9s.<\/p>\n<p>Choisissez la carte de circuit imprim\u00e9 110HR avec bouton d&rsquo;alimentation USB et prise audio pour Dell Latitude E7450 d&rsquo;origine pour des performances fiables et une int\u00e9gration transparente avec votre ordinateur portable. Restaurez toutes les fonctionnalit\u00e9s de votre Dell Latitude E7450 et profitez de toutes ses fonctionnalit\u00e9s sans interruption. Investissez dans cette pi\u00e8ce de rechange de haute qualit\u00e9 pour assurer le bon fonctionnement et l&rsquo;efficacit\u00e9 de votre ordinateur portable. <\/p>\n<\/div>\n<\/div>\n<\/div>\n<div class=\"flex justify-between lg:block\">\n<div class=\"text-xs flex items-center justify-center gap-1 self-center pt-2 !invisible\"><\/div>\n<div class=\"text-gray-400 flex self-end lg:self-center justify-center mt-2 gap-2 md:gap-3 lg:gap-1 lg:absolute lg:top-0 lg:translate-x-full lg:right-0 lg:mt-0 lg:pl-2 visible\">\n<div class=\"flex gap-1\"><\/div>\n<\/div>\n<\/div>\n<\/div>\n<\/div>\n<\/div>\n<div class=\"h-32 md:h-48 flex-shrink-0\"><\/div>\n<\/div>\n<\/div>\n<\/div>\n<\/div>\n<div class=\"absolu bas-0 gauche-0 w-plein bordure-t md:border-t-0 fonc\u00e9:bordure-blanc\/20 md:bordure-transparent md:dark:bordure-transparent md:bg-vert-clair-gradient bg-blanc fonc\u00e9:bg-gris-800 md:!bg-transparent fonc\u00e9:md:bg-vert-fonc\u00e9-gradient pt-2 md:pl-2 md:w-[calc(100%-.5rem)]\">\n<div class=\"relative flex h-plein flex-1 \u00e9l\u00e9ments-\u00e9tirement md:flex-col\" role=\"pr\u00e9sentation\">\n<div>\n<div class=\"h-plein flex ml-1 md:w-plein md:m-auto md:mb-4 espace-0 md:espace-2 justifier-centre\"><\/div>\n<\/div>\n<\/div>\n<\/div>\n","protected":false},"excerpt":{"rendered":"<p>La carte m\u00e8re avec bouton d&rsquo;alimentation USB et prise audio pour Dell Latitude E7450 est une pi\u00e8ce de rechange d&rsquo;origine con\u00e7ue pour les ordinateurs portables Dell Latitude E7450. Elle comprend le bouton d&rsquo;alimentation, le port USB et la prise audio, garantissant le bon fonctionnement de toutes ces fonctions essentielles. Retrouvez toutes les fonctionnalit\u00e9s de votre ordinateur portable gr\u00e2ce \u00e0 cette pi\u00e8ce de rechange de haute qualit\u00e9.<\/p>\n","protected":false},"featured_media":8247,"template":"","meta":[],"product_brand":[],"product_cat":[63],"product_tag":[53],"class_list":{"0":"post-8194","1":"product","2":"type-product","3":"status-publish","4":"has-post-thumbnail","6":"product_cat-motherboards-board-parts","7":"product_tag-dell","9":"first","10":"instock","11":"taxable","12":"shipping-taxable","13":"purchasable","14":"product-type-simple"},"_links":{"self":[{"href":"https:\/\/boreait.com\/fr\/wp-json\/wp\/v2\/product\/8194","targetHints":{"allow":["GET"]}}],"collection":[{"href":"https:\/\/boreait.com\/fr\/wp-json\/wp\/v2\/product"}],"about":[{"href":"https:\/\/boreait.com\/fr\/wp-json\/wp\/v2\/types\/product"}],"wp:featuredmedia":[{"embeddable":true,"href":"https:\/\/boreait.com\/fr\/wp-json\/wp\/v2\/media\/8247"}],"wp:attachment":[{"href":"https:\/\/boreait.com\/fr\/wp-json\/wp\/v2\/media?parent=8194"}],"wp:term":[{"taxonomy":"product_brand","embeddable":true,"href":"https:\/\/boreait.com\/fr\/wp-json\/wp\/v2\/product_brand?post=8194"},{"taxonomy":"product_cat","embeddable":true,"href":"https:\/\/boreait.com\/fr\/wp-json\/wp\/v2\/product_cat?post=8194"},{"taxonomy":"product_tag","embeddable":true,"href":"https:\/\/boreait.com\/fr\/wp-json\/wp\/v2\/product_tag?post=8194"}],"curies":[{"name":"wp","href":"https:\/\/api.w.org\/{rel}","templated":true}]}}