{"id":8163,"date":"2025-09-15T14:29:09","date_gmt":"2025-09-15T12:29:09","guid":{"rendered":"https:\/\/boreait.com\/fr\/?post_type=product&#038;p=8163"},"modified":"2026-01-14T09:04:44","modified_gmt":"2026-01-14T08:04:44","slug":"ventilateur-hp-compaq-elite-8300-aio-ksb0605hb-bc18-693953-001","status":"publish","type":"product","link":"https:\/\/boreait.com\/fr\/produit\/ventilateur-hp-compaq-elite-8300-aio-ksb0605hb-bc18-693953-001\/","title":{"rendered":"Ventilateur HP Compaq Elite 8300 AIO KSB0605HB BC18 693953-001"},"content":{"rendered":"<p>Assurez des performances optimales et une long\u00e9vit\u00e9 optimale \u00e0 votre HP Compaq Tout-en-un Elite 8300 AIO gr\u00e2ce au ventilateur KSB0605HB BC18 (693953-001). Le ventilateur est un composant essentiel de tout syst\u00e8me informatique, car il dissipe la chaleur et pr\u00e9vient la surchauffe.<\/p>\n<p>Si vous remarquez que votre ordinateur chauffe ou si vous entendez des bruits inhabituels provenant du ventilateur, il est peut-\u00eatre temps de le remplacer. Ce ventilateur de rechange HP d&rsquo;origine est sp\u00e9cialement con\u00e7u pour l&rsquo;Elite 8300 AIO, garantissant une compatibilit\u00e9 parfaite avec votre syst\u00e8me.<\/p>\n<p>Le ventilateur KSB0605HB BC18 fonctionne silencieusement et efficacement, fournissant un flux d&rsquo;air ad\u00e9quat pour maintenir les composants internes de votre ordinateur au frais m\u00eame en cas d&rsquo;utilisation intensive. En maintenant des temp\u00e9ratures optimales, ce ventilateur pr\u00e9vient les probl\u00e8mes de performances et prolonge la dur\u00e9e de vie de votre syst\u00e8me.<\/p>\n<p>L&rsquo;installation du nouveau ventilateur est simple et vous pouvez suivre les instructions \u00e9tape par \u00e9tape du manuel d&rsquo;entretien de votre ordinateur. Si vous n&rsquo;\u00eates pas s\u00fbr de pouvoir effectuer le remplacement vous-m\u00eame, il est pr\u00e9f\u00e9rable de faire appel \u00e0 un professionnel pour une installation correcte.<\/p>\n<p>Assurez le bon fonctionnement et la fiabilit\u00e9 de votre ordinateur tout-en-un HP Compaq Elite 8300 AIO gr\u00e2ce au ventilateur de refroidissement HP KSB0605HB BC18 d&rsquo;origine (693953-001). Faites confiance aux pi\u00e8ces de rechange d&rsquo;origine HP pour pr\u00e9server la qualit\u00e9 et les performances de votre ordinateur pendant de nombreuses ann\u00e9es.<\/p>\n","protected":false},"excerpt":{"rendered":"<p>Remplacez le ventilateur de votre HP Compaq All-in-One Elite 8300 AIO par ce ventilateur KSB0605HB BC18 (693953-001). Maintenez votre ordinateur \u00e0 des temp\u00e9ratures optimales et garantissez des performances fiables gr\u00e2ce \u00e0 cette pi\u00e8ce de rechange HP d&rsquo;origine.<\/p>\n","protected":false},"featured_media":8219,"template":"","meta":[],"product_brand":[],"product_cat":[69],"product_tag":[61],"class_list":{"0":"post-8163","1":"product","2":"type-product","3":"status-publish","4":"has-post-thumbnail","6":"product_cat-cpu-fans-heatsinks","7":"product_tag-hp","9":"first","10":"instock","11":"taxable","12":"shipping-taxable","13":"purchasable","14":"product-type-simple"},"_links":{"self":[{"href":"https:\/\/boreait.com\/fr\/wp-json\/wp\/v2\/product\/8163","targetHints":{"allow":["GET"]}}],"collection":[{"href":"https:\/\/boreait.com\/fr\/wp-json\/wp\/v2\/product"}],"about":[{"href":"https:\/\/boreait.com\/fr\/wp-json\/wp\/v2\/types\/product"}],"wp:featuredmedia":[{"embeddable":true,"href":"https:\/\/boreait.com\/fr\/wp-json\/wp\/v2\/media\/8219"}],"wp:attachment":[{"href":"https:\/\/boreait.com\/fr\/wp-json\/wp\/v2\/media?parent=8163"}],"wp:term":[{"taxonomy":"product_brand","embeddable":true,"href":"https:\/\/boreait.com\/fr\/wp-json\/wp\/v2\/product_brand?post=8163"},{"taxonomy":"product_cat","embeddable":true,"href":"https:\/\/boreait.com\/fr\/wp-json\/wp\/v2\/product_cat?post=8163"},{"taxonomy":"product_tag","embeddable":true,"href":"https:\/\/boreait.com\/fr\/wp-json\/wp\/v2\/product_tag?post=8163"}],"curies":[{"name":"wp","href":"https:\/\/api.w.org\/{rel}","templated":true}]}}