{"id":8076,"date":"2025-09-15T14:27:08","date_gmt":"2025-09-15T12:27:08","guid":{"rendered":"https:\/\/boreait.com\/fr\/?post_type=product&#038;p=8076"},"modified":"2026-01-07T10:07:35","modified_gmt":"2026-01-07T09:07:35","slug":"commutateur-dinstructions-du-chassis-dell-optiplex-9010-0gw5hk-gw5hk","status":"publish","type":"product","link":"https:\/\/boreait.com\/fr\/produit\/commutateur-dinstructions-du-chassis-dell-optiplex-9010-0gw5hk-gw5hk\/","title":{"rendered":"Commutateur d&rsquo;instructions du ch\u00e2ssis Dell OptiPlex 9010 0GW5HK GW5HK"},"content":{"rendered":"<p>Le commutateur d&rsquo;instructions du ch\u00e2ssis Dell OptiPlex 9010 (0GW5HK) est un composant essentiel con\u00e7u pour renforcer la s\u00e9curit\u00e9 de votre ordinateur de bureau Dell OptiPlex 9010. Il fait partie du syst\u00e8me de d\u00e9tection d&rsquo;intrusion du ch\u00e2ssis, qui prot\u00e8ge les composants internes de l&rsquo;ordinateur contre tout acc\u00e8s non autoris\u00e9.<\/p>\n<p>La fonction de d\u00e9tection d&rsquo;intrusion du ch\u00e2ssis est con\u00e7ue pour d\u00e9tecter toute ouverture ou alt\u00e9ration du ch\u00e2ssis de l&rsquo;ordinateur. Lorsque le commutateur d\u00e9tecte une telle activit\u00e9, il d\u00e9clenche une alerte ou un avertissement \u00e0 l&rsquo;administrateur syst\u00e8me ou \u00e0 l&rsquo;utilisateur, indiquant une faille de s\u00e9curit\u00e9 potentielle. Cette fonctionnalit\u00e9 est particuli\u00e8rement importante dans les environnements o\u00f9 la s\u00e9curit\u00e9 des donn\u00e9es et l&rsquo;int\u00e9grit\u00e9 du syst\u00e8me sont primordiales.<\/p>\n<p>Le commutateur d&rsquo;instructions du ch\u00e2ssis Dell OptiPlex 9010 (0GW5HK) est install\u00e9 en usine et con\u00e7u avec pr\u00e9cision pour s&rsquo;int\u00e9grer parfaitement \u00e0 l&rsquo;ordinateur de bureau OptiPlex 9010. Ce composant Dell d&rsquo;origine garantit compatibilit\u00e9 et performances fiables. Pour b\u00e9n\u00e9ficier des fonctionnalit\u00e9s de s\u00e9curit\u00e9 du syst\u00e8me de d\u00e9tection d&rsquo;intrusion dans le ch\u00e2ssis, assurez-vous que le commutateur d&rsquo;instructions du ch\u00e2ssis est correctement connect\u00e9 et fonctionne correctement. Il est essentiel de suivre les instructions du fabricant ou de faire appel \u00e0 un technicien qualifi\u00e9 pour une installation correcte.<\/p>\n<p>Gr\u00e2ce au commutateur d&rsquo;instructions du ch\u00e2ssis Dell OptiPlex 9010 (0GW5HK), vous avez l&rsquo;esprit tranquille\u00a0: tout acc\u00e8s non autoris\u00e9 aux composants internes de votre ordinateur de bureau Dell OptiPlex 9010 sera rapidement d\u00e9tect\u00e9 et bloqu\u00e9. Prot\u00e9gez vos pr\u00e9cieuses donn\u00e9es et pr\u00e9servez l&rsquo;int\u00e9grit\u00e9 de votre syst\u00e8me gr\u00e2ce \u00e0 ce composant de s\u00e9curit\u00e9 essentiel.<\/p>\n","protected":false},"excerpt":{"rendered":"<p>Le commutateur d&rsquo;instructions du ch\u00e2ssis Dell OptiPlex 9010 (0GW5HK) est un composant essentiel qui active la fonction de d\u00e9tection d&rsquo;intrusion dans le ch\u00e2ssis de l&rsquo;ordinateur. Il permet de d\u00e9tecter et d&#8217;emp\u00eacher tout acc\u00e8s non autoris\u00e9 aux composants internes de l&rsquo;ordinateur de bureau Dell OptiPlex 9010.<\/p>\n","protected":false},"featured_media":8149,"template":"","meta":[],"product_brand":[],"product_cat":[63],"product_tag":[53],"class_list":{"0":"post-8076","1":"product","2":"type-product","3":"status-publish","4":"has-post-thumbnail","6":"product_cat-motherboards-board-parts","7":"product_tag-dell","9":"first","10":"instock","11":"taxable","12":"shipping-taxable","13":"purchasable","14":"product-type-simple"},"_links":{"self":[{"href":"https:\/\/boreait.com\/fr\/wp-json\/wp\/v2\/product\/8076","targetHints":{"allow":["GET"]}}],"collection":[{"href":"https:\/\/boreait.com\/fr\/wp-json\/wp\/v2\/product"}],"about":[{"href":"https:\/\/boreait.com\/fr\/wp-json\/wp\/v2\/types\/product"}],"wp:featuredmedia":[{"embeddable":true,"href":"https:\/\/boreait.com\/fr\/wp-json\/wp\/v2\/media\/8149"}],"wp:attachment":[{"href":"https:\/\/boreait.com\/fr\/wp-json\/wp\/v2\/media?parent=8076"}],"wp:term":[{"taxonomy":"product_brand","embeddable":true,"href":"https:\/\/boreait.com\/fr\/wp-json\/wp\/v2\/product_brand?post=8076"},{"taxonomy":"product_cat","embeddable":true,"href":"https:\/\/boreait.com\/fr\/wp-json\/wp\/v2\/product_cat?post=8076"},{"taxonomy":"product_tag","embeddable":true,"href":"https:\/\/boreait.com\/fr\/wp-json\/wp\/v2\/product_tag?post=8076"}],"curies":[{"name":"wp","href":"https:\/\/api.w.org\/{rel}","templated":true}]}}