{"id":8040,"date":"2025-09-15T14:26:19","date_gmt":"2025-09-15T12:26:19","guid":{"rendered":"https:\/\/boreait.com\/fr\/?post_type=product&#038;p=8040"},"modified":"2026-01-14T08:37:53","modified_gmt":"2026-01-14T07:37:53","slug":"capteur-a-effet-hall-elite-x2-1012-g1","status":"publish","type":"product","link":"https:\/\/boreait.com\/fr\/produit\/capteur-a-effet-hall-elite-x2-1012-g1\/","title":{"rendered":"Capteur \u00e0 effet Hall Elite X2 1012 G1"},"content":{"rendered":"<p>Am\u00e9liorez les fonctionnalit\u00e9s et l&rsquo;exp\u00e9rience utilisateur de votre tablette HP Elite X2 1012 G1 gr\u00e2ce au module Hallsensor. Cet accessoire HP d&rsquo;origine ajoute des fonctionnalit\u00e9s intelligentes qui rendent l&rsquo;utilisation de votre tablette encore plus pratique et efficace.<\/p>\n<p>Le module Hallsensor permet la rotation automatique de l&rsquo;\u00e9cran, s&rsquo;adaptant ainsi \u00e0 la position de la tablette. Que vous visualisiez du contenu en mode paysage ou portrait, le module Hallsensor assure une transition fluide, offrant des angles de vision optimaux dans toutes les positions.<\/p>\n<p>De plus, le module Hallsensor facilite les fonctions intelligentes de veille\/r\u00e9veil. Lorsque vous fermez le couvercle de la tablette, le module Hallsensor signale \u00e0 l&rsquo;appareil de passer automatiquement en mode veille, pr\u00e9servant ainsi l&rsquo;autonomie de la batterie et prot\u00e9geant vos donn\u00e9es. \u00c0 l&rsquo;ouverture du couvercle, la tablette se r\u00e9veille instantan\u00e9ment, vous permettant de reprendre vos t\u00e2ches sans d\u00e9lai.<\/p>\n<p>L&rsquo;installation du module Hallsensor est simple et rapide, gr\u00e2ce \u00e0 sa compatibilit\u00e9 avec la tablette HP Elite X2 1012 G1. Gr\u00e2ce \u00e0 cet accessoire, d\u00e9couvrez une interface plus intuitive qui s&rsquo;adapte \u00e0 vos mouvements et \u00e9conomise intelligemment l&rsquo;\u00e9nergie.<\/p>\n<p>Mettez \u00e0 niveau votre tablette HP Elite X2 1012 G1 avec le module Hallsensor et profitez d&rsquo;une exp\u00e9rience utilisateur plus intuitive et efficace. Simplifiez l&rsquo;utilisation de votre tablette gr\u00e2ce \u00e0 la rotation automatique de l&rsquo;\u00e9cran et aux fonctions veille\/r\u00e9veil intelligentes. Faites confiance \u00e0 cet accessoire HP d&rsquo;origine pour am\u00e9liorer les fonctionnalit\u00e9s de votre tablette et rendre vos t\u00e2ches quotidiennes plus fluides et plus agr\u00e9ables.<\/p>\n","protected":false},"excerpt":{"rendered":"<p>Am\u00e9liorez les fonctionnalit\u00e9s et le confort de votre tablette HP Elite X2 1012 G1 avec le module Hallsensor. Cet accessoire HP d&rsquo;origine offre des fonctionnalit\u00e9s intelligentes, telles que la rotation automatique de l&rsquo;\u00e9cran et la mise en veille\/r\u00e9veil intelligente. Profitez d&rsquo;une exp\u00e9rience utilisateur fluide gr\u00e2ce \u00e0 ce module Hallsensor facile \u00e0 installer.<\/p>\n","protected":false},"featured_media":8105,"template":"","meta":[],"product_brand":[],"product_cat":[63],"product_tag":[61],"class_list":{"0":"post-8040","1":"product","2":"type-product","3":"status-publish","4":"has-post-thumbnail","6":"product_cat-motherboards-board-parts","7":"product_tag-hp","9":"first","10":"instock","11":"taxable","12":"shipping-taxable","13":"purchasable","14":"product-type-simple"},"_links":{"self":[{"href":"https:\/\/boreait.com\/fr\/wp-json\/wp\/v2\/product\/8040","targetHints":{"allow":["GET"]}}],"collection":[{"href":"https:\/\/boreait.com\/fr\/wp-json\/wp\/v2\/product"}],"about":[{"href":"https:\/\/boreait.com\/fr\/wp-json\/wp\/v2\/types\/product"}],"wp:featuredmedia":[{"embeddable":true,"href":"https:\/\/boreait.com\/fr\/wp-json\/wp\/v2\/media\/8105"}],"wp:attachment":[{"href":"https:\/\/boreait.com\/fr\/wp-json\/wp\/v2\/media?parent=8040"}],"wp:term":[{"taxonomy":"product_brand","embeddable":true,"href":"https:\/\/boreait.com\/fr\/wp-json\/wp\/v2\/product_brand?post=8040"},{"taxonomy":"product_cat","embeddable":true,"href":"https:\/\/boreait.com\/fr\/wp-json\/wp\/v2\/product_cat?post=8040"},{"taxonomy":"product_tag","embeddable":true,"href":"https:\/\/boreait.com\/fr\/wp-json\/wp\/v2\/product_tag?post=8040"}],"curies":[{"name":"wp","href":"https:\/\/api.w.org\/{rel}","templated":true}]}}