{"id":8039,"date":"2025-09-15T14:26:19","date_gmt":"2025-09-15T12:26:19","guid":{"rendered":"https:\/\/boreait.com\/fr\/?post_type=product&#038;p=8039"},"modified":"2025-09-15T14:27:50","modified_gmt":"2025-09-15T12:27:50","slug":"webcam-frontale-hp-elite-x2-1012-g1-2-mp-1-080-p-844882-001","status":"publish","type":"product","link":"https:\/\/boreait.com\/fr\/produit\/webcam-frontale-hp-elite-x2-1012-g1-2-mp-1-080-p-844882-001\/","title":{"rendered":"Webcam frontale HP Elite X2 1012 G1 2\u00a0MP (1\u00a0080\u00a0p) 844882-001"},"content":{"rendered":"<p>Restez connect\u00e9 et communiquez en vid\u00e9o en toute fluidit\u00e9 gr\u00e2ce \u00e0 la webcam frontale HP Elite X2 1012 G1. Con\u00e7ue pour offrir une qualit\u00e9 vid\u00e9o exceptionnelle, cette webcam HP authentique est le compl\u00e9ment id\u00e9al de votre appareil.<\/p>\n<p>Avec son capteur 2 Mpx et sa r\u00e9solution 1080p, la webcam frontale HP Elite X2 1012 G1 garantit des appels vid\u00e9o d&rsquo;une clart\u00e9, d&rsquo;une nettet\u00e9 et d&rsquo;une qualit\u00e9 exceptionnelles. Profitez d&rsquo;interactions r\u00e9alistes avec vos amis, votre famille et vos coll\u00e8gues, m\u00eame \u00e0 des kilom\u00e8tres de distance. Que vous participiez \u00e0 des r\u00e9unions virtuelles, partagiez le temps perdu avec vos proches ou collaboriez sur des projets, cette webcam offre une exp\u00e9rience d&rsquo;appel vid\u00e9o immersive.<\/p>\n<p>La webcam frontale HP Elite X2 1012 G1 est con\u00e7ue pour s&rsquo;int\u00e9grer parfaitement \u00e0 votre appareil, garantissant une installation facile et des performances optimales. La fonctionnalit\u00e9 plug-and-play vous permet de commencer \u00e0 utiliser la webcam instantan\u00e9ment, sans configuration complexe. <\/p>\n<p>Que vous soyez professionnel, \u00e9tudiant ou utilisateur occasionnel, cette webcam optimise vos interactions en ligne, les rendant plus agr\u00e9ables et productives. Le microphone int\u00e9gr\u00e9 compl\u00e8te les fonctionnalit\u00e9s de la webcam, garantissant un son clair et net pour vos appels vid\u00e9o.<\/p>\n<p>Profitez d&rsquo;une communication vid\u00e9o am\u00e9lior\u00e9e et faites forte impression avec la webcam frontale HP Elite X2 1012 G1. Am\u00e9liorez votre appareil avec cette webcam HP fiable et de haute qualit\u00e9 et am\u00e9liorez votre exp\u00e9rience d&rsquo;appel vid\u00e9o. Restez connect\u00e9 et impliqu\u00e9 gr\u00e2ce \u00e0 une qualit\u00e9 vid\u00e9o sup\u00e9rieure et des performances optimales.<\/p>\n","protected":false},"excerpt":{"rendered":"<p>Capturez des vid\u00e9os d&rsquo;une nettet\u00e9 exceptionnelle et profitez d&rsquo;appels vid\u00e9o fluides avec la webcam frontale HP Elite X2 1012 G1. Cette webcam 2 Mpx haute qualit\u00e9 offre des vid\u00e9os 1080p nettes et \u00e9clatantes, vous permettant de rester en contact avec vos proches et vos coll\u00e8gues avec un niveau de d\u00e9tail sup\u00e9rieur. Optimisez votre appareil avec cette webcam HP d&rsquo;origine et profitez de communications vid\u00e9o de qualit\u00e9 sup\u00e9rieure.<\/p>\n","protected":false},"featured_media":8104,"template":"","meta":[],"product_brand":[],"product_cat":[59],"product_tag":[61],"class_list":{"0":"post-8039","1":"product","2":"type-product","3":"status-publish","4":"has-post-thumbnail","6":"product_cat-laptop-camera","7":"product_tag-hp","9":"first","10":"instock","11":"taxable","12":"shipping-taxable","13":"purchasable","14":"product-type-simple"},"_links":{"self":[{"href":"https:\/\/boreait.com\/fr\/wp-json\/wp\/v2\/product\/8039","targetHints":{"allow":["GET"]}}],"collection":[{"href":"https:\/\/boreait.com\/fr\/wp-json\/wp\/v2\/product"}],"about":[{"href":"https:\/\/boreait.com\/fr\/wp-json\/wp\/v2\/types\/product"}],"wp:featuredmedia":[{"embeddable":true,"href":"https:\/\/boreait.com\/fr\/wp-json\/wp\/v2\/media\/8104"}],"wp:attachment":[{"href":"https:\/\/boreait.com\/fr\/wp-json\/wp\/v2\/media?parent=8039"}],"wp:term":[{"taxonomy":"product_brand","embeddable":true,"href":"https:\/\/boreait.com\/fr\/wp-json\/wp\/v2\/product_brand?post=8039"},{"taxonomy":"product_cat","embeddable":true,"href":"https:\/\/boreait.com\/fr\/wp-json\/wp\/v2\/product_cat?post=8039"},{"taxonomy":"product_tag","embeddable":true,"href":"https:\/\/boreait.com\/fr\/wp-json\/wp\/v2\/product_tag?post=8039"}],"curies":[{"name":"wp","href":"https:\/\/api.w.org\/{rel}","templated":true}]}}