{"id":8027,"date":"2025-09-15T14:25:57","date_gmt":"2025-09-15T12:25:57","guid":{"rendered":"https:\/\/boreait.com\/fr\/?post_type=product&#038;p=8027"},"modified":"2026-01-07T10:04:57","modified_gmt":"2026-01-07T09:04:57","slug":"ensemble-de-haut-parleurs-hp-elite-x2-1012-g1-lr-6036b0161701","status":"publish","type":"product","link":"https:\/\/boreait.com\/fr\/produit\/ensemble-de-haut-parleurs-hp-elite-x2-1012-g1-lr-6036b0161701\/","title":{"rendered":"Ensemble de haut-parleurs HP Elite X2 1012 G1 Lr 6036B0161701"},"content":{"rendered":"<p>Profitez d&rsquo;un son cristallin et d&rsquo;une richesse sonore exceptionnelle avec le kit de haut-parleurs LR pour HP Elite X2 1012 G1. Con\u00e7us pour offrir une qualit\u00e9 audio exceptionnelle, ces haut-parleurs optimiseront votre exp\u00e9rience d&rsquo;\u00e9coute, que vous regardiez des films, jouiez \u00e0 des jeux ou \u00e9coutiez de la musique.<\/p>\n<p>Le kit de haut-parleurs LR comprend les haut-parleurs gauche et droit, garantissant une sortie audio \u00e9quilibr\u00e9e et immersive. Profitez de vos contenus pr\u00e9f\u00e9r\u00e9s avec une clart\u00e9 et une profondeur impressionnantes, pour une exp\u00e9rience de divertissement encore plus agr\u00e9able.<\/p>\n<p>L&rsquo;installation est simple et, gr\u00e2ce au kit de haut-parleurs LR, remplacez facilement les haut-parleurs d\u00e9fectueux ou endommag\u00e9s de votre HP Elite X2 1012 G1. Con\u00e7us avec pr\u00e9cision, ils s&rsquo;int\u00e8grent parfaitement \u00e0 votre appareil, garantissant un ajustement parfait et des performances fiables.<\/p>\n<p>Ne faites aucun compromis sur la qualit\u00e9 audio\u00a0; \u00e9quipez votre HP Elite X2 1012 G1 du kit de haut-parleurs LR 6036B0161701 et profitez d&rsquo;une exp\u00e9rience audio v\u00e9ritablement immersive. Que vous utilisiez votre appareil pour travailler ou pour jouer, ces haut-parleurs donneront vie \u00e0 votre contenu avec une qualit\u00e9 sonore exceptionnelle.<\/p>\n","protected":false},"excerpt":{"rendered":"<p>Am\u00e9liorez votre HP Elite X2 1012 G1 avec ce kit de haut-parleurs LR de haute qualit\u00e9 (r\u00e9f\u00e9rence 6036B0161701). Retrouvez les performances audio exceptionnelles de votre appareil et profitez d&rsquo;un son immersif pour tous vos besoins multim\u00e9dias.<\/p>\n","protected":false},"featured_media":8102,"template":"","meta":[],"product_brand":[],"product_cat":[54],"product_tag":[61],"class_list":{"0":"post-8027","1":"product","2":"type-product","3":"status-publish","4":"has-post-thumbnail","6":"product_cat-laptop-speakers","7":"product_tag-hp","9":"first","10":"instock","11":"taxable","12":"shipping-taxable","13":"purchasable","14":"product-type-simple"},"_links":{"self":[{"href":"https:\/\/boreait.com\/fr\/wp-json\/wp\/v2\/product\/8027","targetHints":{"allow":["GET"]}}],"collection":[{"href":"https:\/\/boreait.com\/fr\/wp-json\/wp\/v2\/product"}],"about":[{"href":"https:\/\/boreait.com\/fr\/wp-json\/wp\/v2\/types\/product"}],"wp:featuredmedia":[{"embeddable":true,"href":"https:\/\/boreait.com\/fr\/wp-json\/wp\/v2\/media\/8102"}],"wp:attachment":[{"href":"https:\/\/boreait.com\/fr\/wp-json\/wp\/v2\/media?parent=8027"}],"wp:term":[{"taxonomy":"product_brand","embeddable":true,"href":"https:\/\/boreait.com\/fr\/wp-json\/wp\/v2\/product_brand?post=8027"},{"taxonomy":"product_cat","embeddable":true,"href":"https:\/\/boreait.com\/fr\/wp-json\/wp\/v2\/product_cat?post=8027"},{"taxonomy":"product_tag","embeddable":true,"href":"https:\/\/boreait.com\/fr\/wp-json\/wp\/v2\/product_tag?post=8027"}],"curies":[{"name":"wp","href":"https:\/\/api.w.org\/{rel}","templated":true}]}}