{"id":7965,"date":"2025-09-15T14:24:43","date_gmt":"2025-09-15T12:24:43","guid":{"rendered":"https:\/\/boreait.com\/fr\/?post_type=product&#038;p=7965"},"modified":"2025-09-15T14:25:49","modified_gmt":"2025-09-15T12:25:49","slug":"webcam-724294-3h0-pour-ordinateurs-portables-hp-elitebook-840-g1-et-g2-2","status":"publish","type":"product","link":"https:\/\/boreait.com\/fr\/produit\/webcam-724294-3h0-pour-ordinateurs-portables-hp-elitebook-840-g1-et-g2-2\/","title":{"rendered":"Webcam 724294-3H0 pour ordinateurs portables HP EliteBook 840 G1 et G2"},"content":{"rendered":"<p>La webcam 724294-3H0 est un module fiable et performant, sp\u00e9cialement con\u00e7u pour les ordinateurs portables HP EliteBook 840 G1 et G2. Gr\u00e2ce \u00e0 elle, optimisez vos visioconf\u00e9rences, enregistrez des vid\u00e9os ou capturez des images nettes et d\u00e9taill\u00e9es.<\/p>\n<p>Ce module webcam HP d&rsquo;origine assure une compatibilit\u00e9 et une int\u00e9gration parfaites avec votre ordinateur portable EliteBook 840 G1 ou G2. Il offre une excellente qualit\u00e9 vid\u00e9o et audio, vous permettant de communiquer efficacement lors de visioconf\u00e9rences ou de cr\u00e9er des vid\u00e9os de qualit\u00e9 professionnelle.<\/p>\n<p>La webcam 724294-3H0 est facile \u00e0 installer et \u00e0 utiliser. Il suffit de la connecter au connecteur pr\u00e9vu \u00e0 cet effet sur votre ordinateur portable EliteBook pour qu&rsquo;elle soit pr\u00eate \u00e0 l&#8217;emploi. Le module webcam est con\u00e7u pour s&rsquo;int\u00e9grer parfaitement au cadre de l&rsquo;ordinateur portable, garantissant ainsi un design \u00e9pur\u00e9 et int\u00e9gr\u00e9. <\/p>\n<p>Que vous soyez un professionnel devant communiquer avec des clients \u00e0 distance ou un \u00e9tudiant suivant des cours en ligne, la webcam 724294-3H0 est un accessoire indispensable pour votre ordinateur portable HP EliteBook 840 G1 ou G2. B\u00e9n\u00e9ficiez de communications vid\u00e9o et audio claires, enregistrez des vid\u00e9os ou immortalisez vos souvenirs en toute simplicit\u00e9 et en toute confiance.<\/p>\n<p>Remarque\u00a0: Avant l&rsquo;installation, assurez-vous que votre ordinateur portable est \u00e9teint et d\u00e9branch\u00e9 de toute source d&rsquo;alimentation. Si vous n&rsquo;\u00eates pas familiaris\u00e9 avec l&rsquo;installation d&rsquo;un ordinateur portable, il est recommand\u00e9 de faire appel \u00e0 un professionnel ou de consulter les instructions du fabricant.<\/p>\n","protected":false},"excerpt":{"rendered":"<p>Am\u00e9liorez votre ordinateur portable HP EliteBook 840 G1 ou G2 avec la webcam 724294-3H0. Ce module de cam\u00e9ra HP d&rsquo;origine offre une qualit\u00e9 vid\u00e9o et audio optimale pour vos visioconf\u00e9rences et vos enregistrements.<\/p>\n","protected":false},"featured_media":8016,"template":"","meta":[],"product_brand":[],"product_cat":[59],"product_tag":[61],"class_list":{"0":"post-7965","1":"product","2":"type-product","3":"status-publish","4":"has-post-thumbnail","6":"product_cat-laptop-camera","7":"product_tag-hp","9":"first","10":"instock","11":"taxable","12":"shipping-taxable","13":"purchasable","14":"product-type-simple"},"_links":{"self":[{"href":"https:\/\/boreait.com\/fr\/wp-json\/wp\/v2\/product\/7965","targetHints":{"allow":["GET"]}}],"collection":[{"href":"https:\/\/boreait.com\/fr\/wp-json\/wp\/v2\/product"}],"about":[{"href":"https:\/\/boreait.com\/fr\/wp-json\/wp\/v2\/types\/product"}],"wp:featuredmedia":[{"embeddable":true,"href":"https:\/\/boreait.com\/fr\/wp-json\/wp\/v2\/media\/8016"}],"wp:attachment":[{"href":"https:\/\/boreait.com\/fr\/wp-json\/wp\/v2\/media?parent=7965"}],"wp:term":[{"taxonomy":"product_brand","embeddable":true,"href":"https:\/\/boreait.com\/fr\/wp-json\/wp\/v2\/product_brand?post=7965"},{"taxonomy":"product_cat","embeddable":true,"href":"https:\/\/boreait.com\/fr\/wp-json\/wp\/v2\/product_cat?post=7965"},{"taxonomy":"product_tag","embeddable":true,"href":"https:\/\/boreait.com\/fr\/wp-json\/wp\/v2\/product_tag?post=7965"}],"curies":[{"name":"wp","href":"https:\/\/api.w.org\/{rel}","templated":true}]}}