{"id":7954,"date":"2025-09-15T14:24:22","date_gmt":"2025-09-15T12:24:22","guid":{"rendered":"https:\/\/boreait.com\/fr\/?post_type=product&#038;p=7954"},"modified":"2025-09-15T14:25:44","modified_gmt":"2025-09-15T12:25:44","slug":"touches-noires-retroeclairees-pour-hp-elitebook-x360-1030-g3-g2-us-l10860-001-hpm16a63usj9201","status":"publish","type":"product","link":"https:\/\/boreait.com\/fr\/produit\/touches-noires-retroeclairees-pour-hp-elitebook-x360-1030-g3-g2-us-l10860-001-hpm16a63usj9201\/","title":{"rendered":"Touches noires r\u00e9tro\u00e9clair\u00e9es pour HP EliteBook x360 1030 G3 G2 US L10860-001 HPM16A63USJ9201"},"content":{"rendered":"<p><strong>Vous recevrez une touche du clavier pr\u00e9sent\u00e9 sur la photo de l&rsquo;annonce\u00a0! Les touches disponibles sont indiqu\u00e9es sur l&rsquo;image\u00a0!<\/strong><\/p>\n<p>Optimisez les fonctionnalit\u00e9s de votre ordinateur portable gr\u00e2ce \u00e0 notre touche de remplacement haute qualit\u00e9 pour HP EliteBook x360 1030 G3 G2. Con\u00e7ue pour s&rsquo;adapter parfaitement au clavier de votre EliteBook x360, cette touche de remplacement est sp\u00e9cialement con\u00e7ue pour les mod\u00e8les L10860-001 HPM16A63USJ9201. Les touches noires r\u00e9tro\u00e9clair\u00e9es offrent non seulement une esth\u00e9tique \u00e9l\u00e9gante et moderne, mais am\u00e9liorent \u00e9galement la visibilit\u00e9 en conditions de faible luminosit\u00e9 ou de nuit.<\/p>\n<p>Notre touche de remplacement est fabriqu\u00e9e selon les normes de qualit\u00e9 \u00e9lev\u00e9es auxquelles les utilisateurs de HP EliteBook sont habitu\u00e9s. Elle s&rsquo;adapte parfaitement \u00e0 votre clavier actuel, lui donnant un aspect et un toucher comme neufs. Sa conception robuste garantit sa long\u00e9vit\u00e9, vous offrant une solution durable et \u00e9conomique en cas de perte ou de dommage de touche. <\/p>\n<p>Cette touche est con\u00e7ue pour la disposition des claviers am\u00e9ricains, s&rsquo;alignant sur la sensation tactile et la profondeur de frappe sp\u00e9cifiques aux claviers HP. Son installation est extr\u00eamement simple, vous permettant de remplacer vos touches anciennes ou endommag\u00e9es sans l&rsquo;aide d&rsquo;un professionnel.<\/p>\n<p>Le vendeur fournit des informations importantes \u00e0 prendre en compte avant l&rsquo;achat du kit de touches de remplacement, notamment les variations de clips selon le fabricant du clavier. Il est conseill\u00e9 \u00e0 l&rsquo;acheteur de consulter les photos fournies pour s&rsquo;assurer que les clips des touches de remplacement correspondent \u00e0 ceux de son clavier. Pour toute pr\u00e9cision ou demande de photo de la touche, l&rsquo;acheteur peut contacter le vendeur via le lien \u00ab\u00a0Demander au vendeur\u00a0\u00bb et recevoir une r\u00e9ponse sous 24\u00a0heures.<\/p>\n<p>L&rsquo;acheteur recevra une touche de clavier avec des clips en plastique et une protection en caoutchouc sous la touche. Cependant, le vendeur insiste sur l&rsquo;importance de v\u00e9rifier la compatibilit\u00e9 avant l&rsquo;achat, car le fait d&rsquo;avoir le m\u00eame mod\u00e8le d&rsquo;ordinateur portable ou la m\u00eame r\u00e9f\u00e9rence de clavier ne garantit pas le fonctionnement des touches de remplacement. Il est conseill\u00e9 \u00e0 l&rsquo;acheteur de comparer le clip de sa touche actuelle avec les photos fournies et, en cas de doute, d&rsquo;envoyer une photo au vendeur pour \u00e9valuation. Pour acheter des cl\u00e9s de remplacement, l&rsquo;acheteur doit indiquer au vendeur la cl\u00e9 qu&rsquo;il souhaite acheter. La liste des cl\u00e9s disponibles est fournie dans l&rsquo;annonce. L&rsquo;acheteur peut \u00e9crire un message au vendeur lors du paiement ou le contacter apr\u00e8s avoir finalis\u00e9 sa commande via l&rsquo;historique des achats eBay. Il est conseill\u00e9 \u00e0 l&rsquo;acheteur d&rsquo;indiquer s&rsquo;il ach\u00e8te une touche Maj, Ctrl ou Alt (gauche ou droite), et s&rsquo;il ach\u00e8te des touches du haut ou des touches du pav\u00e9 num\u00e9rique (en cas de commande num\u00e9rique). Si l&rsquo;acheteur omet d&rsquo;indiquer la cl\u00e9 qu&rsquo;il souhaite acheter, sa commande ne sera pas trait\u00e9e. <\/p>\n<p>Disposition\u00a0: \u00c9tats-Unis<\/p>\n<p>Nous avons actuellement toutes les touches en stock, comme indiqu\u00e9 sur la photo de la liste, y compris\u00a0:<\/p>\n<p>esc f1 f2 f3 f4 f5 f6 f8 f9 f10 f11 f12 \u00ab\u00a0d\u00e9filement\u00a0\u00bb \u00ab\u00a0pause\u00a0\u00bb \u00ab\u00a0insertion\u00a0\u00bb \u00ab\u00a0suppr\u00a0\u00bb<\/p>\n<p>tilde 2 3 4 5 6 7 8 9 0 &#8211; = retour arri\u00e8re \u00ab\u00a0accueil\u00a0\u00bb<\/p>\n<p>tab w e r y i o p [ ]  \u00ab\u00a0page pr\u00e9c\u00e9dente\u00a0\u00bb<\/p>\n<p>verr maj s f j l\u00a0 \u00ab\u00a0entr\u00e9e\u00a0\u00bb \u00ab\u00a0page suivante\u00a0\u00bb<\/p>\n<p>maj gauche z x c . \/ \u00ab\u00a0maj droite\u00a0\u00bb \u00ab\u00a0fin\u00a0\u00bb<\/p>\n<p>\u00ab\u00a0fn\u00a0\u00bb \u00ab\u00a0fen\u00eatres\u00a0\u00bb \u00ab\u00a0alt gauche\u00a0\u00bb \u00ab\u00a0alt droite\u00a0\u00bb \u00ab\u00a0menu\u00a0\u00bb \u00ab\u00a0contr\u00f4le droit\u00a0\u00bb<\/p>\n<p>\u00ab\u00a0droite\u00a0\u00bb<\/p>\n","protected":false},"excerpt":{"rendered":"<p>Am\u00e9liorez votre exp\u00e9rience HP EliteBook x360 1030 G3 G2 avec notre pi\u00e8ce de rechange \u00e0 cl\u00e9 unique haut de gamme, mod\u00e8le L10860-001 HPM16A63USJ9201, dot\u00e9e d&rsquo;une finition noire \u00e9l\u00e9gante et d&rsquo;un design r\u00e9tro\u00e9clair\u00e9 pour une correspondance parfaite et une visibilit\u00e9 sup\u00e9rieure.<\/p>\n","protected":false},"featured_media":8013,"template":"","meta":[],"product_brand":[],"product_cat":[60],"product_tag":[61],"class_list":{"0":"post-7954","1":"product","2":"type-product","3":"status-publish","4":"has-post-thumbnail","6":"product_cat-individual-keyboard-keys","7":"product_tag-hp","9":"first","10":"instock","11":"taxable","12":"shipping-taxable","13":"purchasable","14":"product-type-simple"},"_links":{"self":[{"href":"https:\/\/boreait.com\/fr\/wp-json\/wp\/v2\/product\/7954","targetHints":{"allow":["GET"]}}],"collection":[{"href":"https:\/\/boreait.com\/fr\/wp-json\/wp\/v2\/product"}],"about":[{"href":"https:\/\/boreait.com\/fr\/wp-json\/wp\/v2\/types\/product"}],"wp:featuredmedia":[{"embeddable":true,"href":"https:\/\/boreait.com\/fr\/wp-json\/wp\/v2\/media\/8013"}],"wp:attachment":[{"href":"https:\/\/boreait.com\/fr\/wp-json\/wp\/v2\/media?parent=7954"}],"wp:term":[{"taxonomy":"product_brand","embeddable":true,"href":"https:\/\/boreait.com\/fr\/wp-json\/wp\/v2\/product_brand?post=7954"},{"taxonomy":"product_cat","embeddable":true,"href":"https:\/\/boreait.com\/fr\/wp-json\/wp\/v2\/product_cat?post=7954"},{"taxonomy":"product_tag","embeddable":true,"href":"https:\/\/boreait.com\/fr\/wp-json\/wp\/v2\/product_tag?post=7954"}],"curies":[{"name":"wp","href":"https:\/\/api.w.org\/{rel}","templated":true}]}}