{"id":7924,"date":"2025-09-15T14:23:34","date_gmt":"2025-09-15T12:23:34","guid":{"rendered":"https:\/\/boreait.com\/fr\/?post_type=product&#038;p=7924"},"modified":"2026-01-07T09:40:46","modified_gmt":"2026-01-07T08:40:46","slug":"carte-reseau-sans-fil-dell-intel-802-11ac-wi-fi-bluetooth-4-0-710663-001","status":"publish","type":"product","link":"https:\/\/boreait.com\/fr\/produit\/carte-reseau-sans-fil-dell-intel-802-11ac-wi-fi-bluetooth-4-0-710663-001\/","title":{"rendered":"Carte r\u00e9seau sans fil Dell Intel 802.11Ac Wi-Fi Bluetooth 4.0 710663-001"},"content":{"rendered":"<p>Am\u00e9liorez les capacit\u00e9s sans fil de votre ordinateur portable Dell avec la carte r\u00e9seau sans fil Dell Intel 802.11Ac Wi-Fi Bluetooth 4.0. Con\u00e7ue pour offrir une connectivit\u00e9 sans fil hautes performances, cette carte offre des d\u00e9bits Internet plus rapides, des connexions sans fil fiables et une connectivit\u00e9 Bluetooth fluide pour une exp\u00e9rience informatique fluide.<\/p>\n<p>La carte r\u00e9seau sans fil Dell Intel 802.11Ac Wi-Fi Bluetooth 4.0 utilise la derni\u00e8re technologie sans fil 802.11ac, offrant des d\u00e9bits de transfert de donn\u00e9es plus rapides et une efficacit\u00e9 r\u00e9seau am\u00e9lior\u00e9e par rapport aux g\u00e9n\u00e9rations pr\u00e9c\u00e9dentes. Gr\u00e2ce \u00e0 la prise en charge des fr\u00e9quences bi-bande, vous pouvez vous connecter aux r\u00e9seaux sans fil 2,4 GHz et 5 GHz, pour des connexions Internet plus rapides et plus stables.<\/p>\n<p>Outre ses fonctionnalit\u00e9s Wi-Fi avanc\u00e9es, cette carte int\u00e8gre \u00e9galement la technologie Bluetooth 4.0. Connectez facilement des appareils Bluetooth tels que des claviers, des souris, des casques et des enceintes sans fil pour une exp\u00e9rience sans fil fluide. Profitez de la libert\u00e9 et du confort du sans fil sans c\u00e2bles ni adaptateurs suppl\u00e9mentaires. <\/p>\n<p>L&rsquo;installation est simple et garantit une mise \u00e0 niveau sans tracas pour votre ordinateur portable Dell. Remplacez simplement votre carte sans fil actuelle par la carte r\u00e9seau sans fil Dell Intel 802.11Ac Wi-Fi Bluetooth 4.0 et suivez les instructions du fabricant pour une installation correcte.<\/p>\n<p>Am\u00e9liorez la connectivit\u00e9 sans fil de votre ordinateur portable Dell avec la carte r\u00e9seau sans fil Dell Intel 802.11Ac Wi-Fi Bluetooth 4.0 et profitez de d\u00e9bits internet plus rapides, de connexions sans fil fiables et d&rsquo;une connectivit\u00e9 Bluetooth fluide. Restez connect\u00e9 o\u00f9 que vous alliez et profitez d&rsquo;une exp\u00e9rience informatique plus fluide gr\u00e2ce \u00e0 des performances sans fil am\u00e9lior\u00e9es.<\/p>\n","protected":false},"excerpt":{"rendered":"<p>Am\u00e9liorez la connectivit\u00e9 sans fil de votre ordinateur portable Dell avec la carte r\u00e9seau sans fil Dell Intel 802.11Ac Wi-Fi Bluetooth 4.0. Profitez de d\u00e9bits Internet plus rapides, de connexions sans fil fiables et d&rsquo;une connectivit\u00e9 Bluetooth fluide pour une exp\u00e9rience informatique fluide.<\/p>\n","protected":false},"featured_media":7992,"template":"","meta":[],"product_brand":[],"product_cat":[63],"product_tag":[53],"class_list":{"0":"post-7924","1":"product","2":"type-product","3":"status-publish","4":"has-post-thumbnail","6":"product_cat-motherboards-board-parts","7":"product_tag-dell","9":"first","10":"instock","11":"taxable","12":"shipping-taxable","13":"purchasable","14":"product-type-simple"},"_links":{"self":[{"href":"https:\/\/boreait.com\/fr\/wp-json\/wp\/v2\/product\/7924","targetHints":{"allow":["GET"]}}],"collection":[{"href":"https:\/\/boreait.com\/fr\/wp-json\/wp\/v2\/product"}],"about":[{"href":"https:\/\/boreait.com\/fr\/wp-json\/wp\/v2\/types\/product"}],"wp:featuredmedia":[{"embeddable":true,"href":"https:\/\/boreait.com\/fr\/wp-json\/wp\/v2\/media\/7992"}],"wp:attachment":[{"href":"https:\/\/boreait.com\/fr\/wp-json\/wp\/v2\/media?parent=7924"}],"wp:term":[{"taxonomy":"product_brand","embeddable":true,"href":"https:\/\/boreait.com\/fr\/wp-json\/wp\/v2\/product_brand?post=7924"},{"taxonomy":"product_cat","embeddable":true,"href":"https:\/\/boreait.com\/fr\/wp-json\/wp\/v2\/product_cat?post=7924"},{"taxonomy":"product_tag","embeddable":true,"href":"https:\/\/boreait.com\/fr\/wp-json\/wp\/v2\/product_tag?post=7924"}],"curies":[{"name":"wp","href":"https:\/\/api.w.org\/{rel}","templated":true}]}}