{"id":7889,"date":"2025-09-15T14:22:44","date_gmt":"2025-09-15T12:22:44","guid":{"rendered":"https:\/\/boreait.com\/fr\/?post_type=product&#038;p=7889"},"modified":"2025-09-15T14:24:29","modified_gmt":"2025-09-15T12:24:29","slug":"023-4003e-0001-haut-parleurs-pour-lenovo-thinkpad-x1-carbon-3rd","status":"publish","type":"product","link":"https:\/\/boreait.com\/fr\/produit\/023-4003e-0001-haut-parleurs-pour-lenovo-thinkpad-x1-carbon-3rd\/","title":{"rendered":"023.4003E.0001 Haut-parleurs pour Lenovo Thinkpad X1 Carbon 3rd"},"content":{"rendered":"<p>Les haut-parleurs 023.4003E.0001 pour Lenovo Thinkpad X1 Carbon 3e sont la solution id\u00e9ale si vous rencontrez des probl\u00e8mes audio avec votre ordinateur portable, ou si vos haut-parleurs sont endommag\u00e9s ou d\u00e9fectueux. Ces haut-parleurs sont sp\u00e9cialement con\u00e7us pour le mod\u00e8le X1 Carbon 3e g\u00e9n\u00e9ration, garantissant ainsi leur compatibilit\u00e9 et une installation facile.<\/p>\n<p>Avec ces haut-parleurs de remplacement, profitez d&rsquo;un son clair et immersif lorsque vous regardez des films, \u00e9coutez de la musique ou participez \u00e0 des visioconf\u00e9rences. Ils offrent une reproduction audio de haute qualit\u00e9, vous permettant de profiter pleinement de la richesse et de la profondeur de votre contenu multim\u00e9dia.<\/p>\n<p>Ces haut-parleurs Lenovo d&rsquo;origine sont con\u00e7us pour r\u00e9pondre aux normes de qualit\u00e9 et de durabilit\u00e9 les plus strictes. Ils sont con\u00e7us pour offrir des performances durables, vous permettant de profiter pleinement des capacit\u00e9s audio de votre ordinateur portable pendant de nombreuses ann\u00e9es. Gr\u00e2ce \u00e0 leur conception pr\u00e9cise, ces haut-parleurs offrent une reproduction sonore pr\u00e9cise sur une large plage de fr\u00e9quences, offrant des aigus nets, des m\u00e9diums \u00e9quilibr\u00e9s et des graves profonds.<br \/>\nRemplacer vos haut-parleurs endommag\u00e9s ou us\u00e9s par les haut-parleurs 023.4003E.0001 pour Lenovo Thinkpad X1 Carbon 3rd restaurera les performances audio de votre ordinateur portable et am\u00e9liorera votre exp\u00e9rience multim\u00e9dia globale.<\/p>\n","protected":false},"excerpt":{"rendered":"<p>Les haut-parleurs 023.4003E.0001 pour Lenovo Thinkpad X1 Carbon 3rd sont des haut-parleurs de remplacement d&rsquo;origine con\u00e7us pour restaurer un son de haute qualit\u00e9 sur votre ordinateur portable. Ils offrent un son clair et immersif, am\u00e9liorant ainsi votre exp\u00e9rience multim\u00e9dia.<\/p>\n","protected":false},"featured_media":7957,"template":"","meta":[],"product_brand":[],"product_cat":[54],"product_tag":[62],"class_list":{"0":"post-7889","1":"product","2":"type-product","3":"status-publish","4":"has-post-thumbnail","6":"product_cat-laptop-speakers","7":"product_tag-lenovo","9":"first","10":"instock","11":"taxable","12":"shipping-taxable","13":"purchasable","14":"product-type-simple"},"_links":{"self":[{"href":"https:\/\/boreait.com\/fr\/wp-json\/wp\/v2\/product\/7889","targetHints":{"allow":["GET"]}}],"collection":[{"href":"https:\/\/boreait.com\/fr\/wp-json\/wp\/v2\/product"}],"about":[{"href":"https:\/\/boreait.com\/fr\/wp-json\/wp\/v2\/types\/product"}],"wp:featuredmedia":[{"embeddable":true,"href":"https:\/\/boreait.com\/fr\/wp-json\/wp\/v2\/media\/7957"}],"wp:attachment":[{"href":"https:\/\/boreait.com\/fr\/wp-json\/wp\/v2\/media?parent=7889"}],"wp:term":[{"taxonomy":"product_brand","embeddable":true,"href":"https:\/\/boreait.com\/fr\/wp-json\/wp\/v2\/product_brand?post=7889"},{"taxonomy":"product_cat","embeddable":true,"href":"https:\/\/boreait.com\/fr\/wp-json\/wp\/v2\/product_cat?post=7889"},{"taxonomy":"product_tag","embeddable":true,"href":"https:\/\/boreait.com\/fr\/wp-json\/wp\/v2\/product_tag?post=7889"}],"curies":[{"name":"wp","href":"https:\/\/api.w.org\/{rel}","templated":true}]}}