{"id":7877,"date":"2025-09-15T14:22:17","date_gmt":"2025-09-15T12:22:17","guid":{"rendered":"https:\/\/boreait.com\/fr\/?post_type=product&#038;p=7877"},"modified":"2026-01-14T08:37:19","modified_gmt":"2026-01-14T07:37:19","slug":"support-de-disque-dur-sata-0vx90n-pour-dell-latitude-e5570","status":"publish","type":"product","link":"https:\/\/boreait.com\/fr\/produit\/support-de-disque-dur-sata-0vx90n-pour-dell-latitude-e5570\/","title":{"rendered":"Support de disque dur SATA 0VX90N pour Dell Latitude E5570"},"content":{"rendered":"<div class=\"group w-full text-gray-800 dark:text-gray-100 border-b border-black\/10 dark:border-gray-900\/50 bg-gray-50 dark:bg-[#444654]\">\n<div class=\"flex p-4 gap-4 text-base md:gap-6 md:max-w-2xl lg:max-w-[38rem] xl:max-w-3xl md:py-6 lg:px-0 m-auto\">\n<div class=\"relative flex w-[calc(100%-50px)] flex-col gap-1 md:gap-3 lg:w-[calc(100%-115px)]\">\n<div class=\"flex flex-grow flex-col gap-3\">\n<div class=\"min-h-[20px] flex items-start overflow-x-auto whitespace-pre-wrap break-words flex-col gap-4\">\n<div class=\"markdown prose w-full break-words dark:prose-invert light\">\n<p>Le support de disque dur SATA 0VX90N est la solution id\u00e9ale pour ajouter du stockage suppl\u00e9mentaire \u00e0 votre ordinateur portable Dell Latitude E5570. Que vous ayez besoin de plus d&rsquo;espace pour stocker des fichiers, des applications ou du contenu multim\u00e9dia, ce support offre un moyen pratique et s\u00e9curis\u00e9 d&rsquo;installer un disque dur ou un SSD SATA.<\/p>\n<p>Con\u00e7u avec pr\u00e9cision et compatibilit\u00e9, ce support de disque dur Dell d&rsquo;origine assure un ajustement et un alignement parfaits avec les composants internes de votre ordinateur portable. Son installation est facile et ne n\u00e9cessite qu&rsquo;une expertise technique minimale. Retirez simplement le support existant de votre ordinateur portable, fixez le nouveau support \u00e0 sa place et connectez solidement votre disque dur ou SSD SATA. <\/p>\n<p>En ajoutant un disque dur ou un SSD suppl\u00e9mentaire \u00e0 votre Dell Latitude E5570, vous b\u00e9n\u00e9ficiez d&rsquo;une capacit\u00e9 de stockage accrue pour vos fichiers, d&rsquo;un acc\u00e8s aux donn\u00e9es et de vitesses de transfert plus rapides, ainsi que de performances syst\u00e8me am\u00e9lior\u00e9es. Que vous ayez besoin d&rsquo;espace suppl\u00e9mentaire pour vos travaux professionnels, vos contenus multim\u00e9dias ou vos fichiers personnels, ce support de disque dur offre une solution de stockage fiable et efficace.<\/p>\n<p>Mettez \u00e0 niveau votre Dell Latitude E5570 avec le support de disque dur SATA 0VX90N et profitez d&rsquo;un stockage suppl\u00e9mentaire. Augmentez la capacit\u00e9 de votre ordinateur portable, am\u00e9liorez ses performances et optimisez votre productivit\u00e9. Avec cette pi\u00e8ce de rechange Dell d&rsquo;origine, vous pouvez compter sur sa qualit\u00e9 et sa compatibilit\u00e9 avec votre ordinateur portable. <\/p>\n<\/div>\n<\/div>\n<\/div>\n<div class=\"flex justify-between lg:block\">\n<div class=\"text-xs flex items-center justify-center gap-1 self-center pt-2 !invisible\"><\/div>\n<div class=\"text-gray-400 flex self-end lg:self-center justify-center mt-2 gap-2 md:gap-3 lg:gap-1 lg:absolute lg:top-0 lg:translate-x-full lg:right-0 lg:mt-0 lg:pl-2 visible\">\n<p>&nbsp;<\/p>\n<div class=\"flex gap-1\"><\/div>\n<\/div>\n<\/div>\n<\/div>\n<\/div>\n<\/div>\n","protected":false},"excerpt":{"rendered":"<p>Le support de disque dur SATA 0VX90N est une pi\u00e8ce de rechange Dell d&rsquo;origine, sp\u00e9cialement con\u00e7ue pour l&rsquo;ordinateur portable Dell Latitude E5570. Il permet d&rsquo;installer et de connecter en toute s\u00e9curit\u00e9 un disque dur SATA ou SSD \u00e0 votre ordinateur portable, augmentant ainsi sa capacit\u00e9 de stockage et am\u00e9liorant ses performances globales.<\/p>\n","protected":false},"featured_media":7947,"template":"","meta":[],"product_brand":[],"product_cat":[52],"product_tag":[53],"class_list":{"0":"post-7877","1":"product","2":"type-product","3":"status-publish","4":"has-post-thumbnail","6":"product_cat-laptop-housing","7":"product_tag-dell","9":"first","10":"instock","11":"taxable","12":"shipping-taxable","13":"purchasable","14":"product-type-simple"},"_links":{"self":[{"href":"https:\/\/boreait.com\/fr\/wp-json\/wp\/v2\/product\/7877","targetHints":{"allow":["GET"]}}],"collection":[{"href":"https:\/\/boreait.com\/fr\/wp-json\/wp\/v2\/product"}],"about":[{"href":"https:\/\/boreait.com\/fr\/wp-json\/wp\/v2\/types\/product"}],"wp:featuredmedia":[{"embeddable":true,"href":"https:\/\/boreait.com\/fr\/wp-json\/wp\/v2\/media\/7947"}],"wp:attachment":[{"href":"https:\/\/boreait.com\/fr\/wp-json\/wp\/v2\/media?parent=7877"}],"wp:term":[{"taxonomy":"product_brand","embeddable":true,"href":"https:\/\/boreait.com\/fr\/wp-json\/wp\/v2\/product_brand?post=7877"},{"taxonomy":"product_cat","embeddable":true,"href":"https:\/\/boreait.com\/fr\/wp-json\/wp\/v2\/product_cat?post=7877"},{"taxonomy":"product_tag","embeddable":true,"href":"https:\/\/boreait.com\/fr\/wp-json\/wp\/v2\/product_tag?post=7877"}],"curies":[{"name":"wp","href":"https:\/\/api.w.org\/{rel}","templated":true}]}}