{"id":7826,"date":"2025-09-15T14:21:08","date_gmt":"2025-09-15T12:21:08","guid":{"rendered":"https:\/\/boreait.com\/fr\/?post_type=product&#038;p=7826"},"modified":"2025-09-15T14:22:31","modified_gmt":"2025-09-15T12:22:31","slug":"charnieres-pour-ibm-lenovo-t460p-ensemble-de-supports-de-charniere-gd-bt463rbt463l","status":"publish","type":"product","link":"https:\/\/boreait.com\/fr\/produit\/charnieres-pour-ibm-lenovo-t460p-ensemble-de-supports-de-charniere-gd-bt463rbt463l\/","title":{"rendered":"Charni\u00e8res pour IBM Lenovo T460P, ensemble de supports de charni\u00e8re G+D BT463R+BT463L"},"content":{"rendered":"<p>Le kit de charni\u00e8res et supports est con\u00e7u pour l&rsquo;ordinateur portable IBM Lenovo T460P et remplace parfaitement les charni\u00e8res d&rsquo;origine. Avec le temps, les charni\u00e8res peuvent s&rsquo;user ou se desserrer, ce qui rend difficile l&rsquo;ouverture et la fermeture de l&rsquo;\u00e9cran. Gr\u00e2ce \u00e0 ce kit, vous pouvez restaurer la fonctionnalit\u00e9 et la stabilit\u00e9 du m\u00e9canisme de charni\u00e8re de votre ordinateur portable.<\/p>\n<p>Ce kit comprend les charni\u00e8res gauche et droite, garantissant une fixation \u00e9quilibr\u00e9e et s\u00fbre de l&rsquo;\u00e9cran. Fabriqu\u00e9es \u00e0 partir de mat\u00e9riaux durables, les charni\u00e8res offrent des performances et une fiabilit\u00e9 durables. Elles sont con\u00e7ues pour r\u00e9sister \u00e0 une utilisation r\u00e9guli\u00e8re et conserver leur solidit\u00e9 et leur stabilit\u00e9.<\/p>\n<p>Le remplacement des charni\u00e8res de votre ordinateur portable permet non seulement de restaurer le bon fonctionnement de l&rsquo;ordinateur portable, mais aussi d&rsquo;\u00e9viter d&rsquo;endommager d&rsquo;autres composants, tels que les c\u00e2bles ou le cadre de l&rsquo;\u00e9cran. Il est recommand\u00e9 de remplacer les deux charni\u00e8res simultan\u00e9ment pour garantir un alignement et un fonctionnement corrects de l&rsquo;\u00e9cran.<\/p>\n<p>L&rsquo;installation du kit de charni\u00e8res et supports est simple et peut \u00eatre r\u00e9alis\u00e9e avec des outils simples. Cependant, il est conseill\u00e9 de faire appel \u00e0 un professionnel si vous n&rsquo;\u00eates pas familier avec le d\u00e9montage et le remplacement des charni\u00e8res d&rsquo;un ordinateur portable.<\/p>\n<p>Am\u00e9liorez votre ordinateur portable IBM Lenovo T460P avec le kit de charni\u00e8res et de supports et profitez d&rsquo;un m\u00e9canisme de charni\u00e8re fiable pour un fonctionnement fluide et sans probl\u00e8me de l&rsquo;\u00e9cran de votre ordinateur portable. Assurez une connexion s\u00fbre et stable entre l&rsquo;\u00e9cran et le corps principal de votre ordinateur portable.<\/p>\n","protected":false},"excerpt":{"rendered":"<p>Remplacez les charni\u00e8res us\u00e9es ou endommag\u00e9es de votre ordinateur portable IBM Lenovo T460P gr\u00e2ce au kit de charni\u00e8res et supports. Ce kit comprend les charni\u00e8res gauche et droite, offrant un m\u00e9canisme fiable et s\u00e9curis\u00e9 pour une ouverture et une fermeture fluides de l&rsquo;\u00e9cran de votre ordinateur portable.<\/p>\n","protected":false},"featured_media":7883,"template":"","meta":[],"product_brand":[],"product_cat":[55],"product_tag":[62],"class_list":{"0":"post-7826","1":"product","2":"type-product","3":"status-publish","4":"has-post-thumbnail","6":"product_cat-screen-hinge","7":"product_tag-lenovo","9":"first","10":"instock","11":"taxable","12":"shipping-taxable","13":"purchasable","14":"product-type-simple"},"_links":{"self":[{"href":"https:\/\/boreait.com\/fr\/wp-json\/wp\/v2\/product\/7826","targetHints":{"allow":["GET"]}}],"collection":[{"href":"https:\/\/boreait.com\/fr\/wp-json\/wp\/v2\/product"}],"about":[{"href":"https:\/\/boreait.com\/fr\/wp-json\/wp\/v2\/types\/product"}],"wp:featuredmedia":[{"embeddable":true,"href":"https:\/\/boreait.com\/fr\/wp-json\/wp\/v2\/media\/7883"}],"wp:attachment":[{"href":"https:\/\/boreait.com\/fr\/wp-json\/wp\/v2\/media?parent=7826"}],"wp:term":[{"taxonomy":"product_brand","embeddable":true,"href":"https:\/\/boreait.com\/fr\/wp-json\/wp\/v2\/product_brand?post=7826"},{"taxonomy":"product_cat","embeddable":true,"href":"https:\/\/boreait.com\/fr\/wp-json\/wp\/v2\/product_cat?post=7826"},{"taxonomy":"product_tag","embeddable":true,"href":"https:\/\/boreait.com\/fr\/wp-json\/wp\/v2\/product_tag?post=7826"}],"curies":[{"name":"wp","href":"https:\/\/api.w.org\/{rel}","templated":true}]}}