{"id":7824,"date":"2025-09-15T14:21:07","date_gmt":"2025-09-15T12:21:07","guid":{"rendered":"https:\/\/boreait.com\/fr\/?post_type=product&#038;p=7824"},"modified":"2026-01-07T09:25:40","modified_gmt":"2026-01-07T08:25:40","slug":"carte-lecteur-dempreintes-digitales-avec-cable-pour-lenovo-thinkpad-t460s-sc50f54325","status":"publish","type":"product","link":"https:\/\/boreait.com\/fr\/produit\/carte-lecteur-dempreintes-digitales-avec-cable-pour-lenovo-thinkpad-t460s-sc50f54325\/","title":{"rendered":"Carte lecteur d&#8217;empreintes digitales avec c\u00e2ble pour Lenovo ThinkPad T460s SC50F54325"},"content":{"rendered":"<p>Le lecteur d&#8217;empreintes digitales avec c\u00e2ble SC50F54325 pour Lenovo ThinkPad T460s est un accessoire Lenovo d&rsquo;origine con\u00e7u pour am\u00e9liorer la s\u00e9curit\u00e9 et le confort de votre ordinateur portable. Gr\u00e2ce \u00e0 ce lecteur d&#8217;empreintes digitales, vous pouvez vous connecter facilement et en toute s\u00e9curit\u00e9 \u00e0 votre Lenovo ThinkPad T460s gr\u00e2ce \u00e0 votre empreinte digitale unique.<\/p>\n<p>Gr\u00e2ce \u00e0 la technologie biom\u00e9trique, le lecteur d&#8217;empreintes digitales offre une protection suppl\u00e9mentaire pour votre ordinateur portable et vos donn\u00e9es sensibles. Au lieu de vous fier aux mots de passe traditionnels, facilement oubli\u00e9s ou compromis, il vous suffit de glisser votre doigt sur le capteur pour d\u00e9verrouiller votre ordinateur portable. Ainsi, seuls les utilisateurs autoris\u00e9s ont acc\u00e8s \u00e0 votre appareil.<\/p>\n<p>Le lecteur d&#8217;empreintes digitales avec c\u00e2ble SC50F54325 est sp\u00e9cialement con\u00e7u pour le Lenovo ThinkPad T460s, garantissant ainsi une compatibilit\u00e9 et une int\u00e9gration parfaites avec votre ordinateur portable. Il est fourni avec le c\u00e2ble n\u00e9cessaire pour une installation et une connexion faciles \u00e0 la carte m\u00e8re de votre ordinateur portable.<\/p>\n<p>Avec le lecteur d&#8217;empreintes digitales, vous b\u00e9n\u00e9ficiez d&rsquo;un acc\u00e8s rapide et s\u00e9curis\u00e9 \u00e0 votre ordinateur portable sans mot de passe. Gagnez du temps et ayez l&rsquo;esprit tranquille\u00a0: vos donn\u00e9es personnelles et professionnelles sont prot\u00e9g\u00e9es.<\/p>\n<p>Mettez \u00e0 niveau votre Lenovo ThinkPad T460s avec la carte lecteur d&#8217;empreintes digitales avec c\u00e2ble SC50F54325 et profitez de la s\u00e9curit\u00e9 et de la commodit\u00e9 accrues de l&rsquo;authentification par empreinte digitale. B\u00e9n\u00e9ficiez d&rsquo;une connexion rapide et s\u00e9curis\u00e9e, prot\u00e9gez vos informations sensibles et simplifiez votre travail quotidien.<\/p>\n","protected":false},"excerpt":{"rendered":"<p>Am\u00e9liorez la s\u00e9curit\u00e9 et le confort de votre Lenovo ThinkPad T460s gr\u00e2ce \u00e0 la carte lecteur d&#8217;empreintes digitales avec c\u00e2ble SC50F54325. Cet accessoire Lenovo d&rsquo;origine vous permet de vous connecter facilement et en toute s\u00e9curit\u00e9 \u00e0 votre ordinateur portable gr\u00e2ce \u00e0 votre empreinte digitale, offrant ainsi une protection suppl\u00e9mentaire \u00e0 vos donn\u00e9es sensibles.<\/p>\n","protected":false},"featured_media":7881,"template":"","meta":[],"product_brand":[],"product_cat":[63],"product_tag":[62],"class_list":{"0":"post-7824","1":"product","2":"type-product","3":"status-publish","4":"has-post-thumbnail","6":"product_cat-motherboards-board-parts","7":"product_tag-lenovo","9":"first","10":"instock","11":"taxable","12":"shipping-taxable","13":"purchasable","14":"product-type-simple"},"_links":{"self":[{"href":"https:\/\/boreait.com\/fr\/wp-json\/wp\/v2\/product\/7824","targetHints":{"allow":["GET"]}}],"collection":[{"href":"https:\/\/boreait.com\/fr\/wp-json\/wp\/v2\/product"}],"about":[{"href":"https:\/\/boreait.com\/fr\/wp-json\/wp\/v2\/types\/product"}],"wp:featuredmedia":[{"embeddable":true,"href":"https:\/\/boreait.com\/fr\/wp-json\/wp\/v2\/media\/7881"}],"wp:attachment":[{"href":"https:\/\/boreait.com\/fr\/wp-json\/wp\/v2\/media?parent=7824"}],"wp:term":[{"taxonomy":"product_brand","embeddable":true,"href":"https:\/\/boreait.com\/fr\/wp-json\/wp\/v2\/product_brand?post=7824"},{"taxonomy":"product_cat","embeddable":true,"href":"https:\/\/boreait.com\/fr\/wp-json\/wp\/v2\/product_cat?post=7824"},{"taxonomy":"product_tag","embeddable":true,"href":"https:\/\/boreait.com\/fr\/wp-json\/wp\/v2\/product_tag?post=7824"}],"curies":[{"name":"wp","href":"https:\/\/api.w.org\/{rel}","templated":true}]}}