{"id":7823,"date":"2025-09-15T14:21:07","date_gmt":"2025-09-15T12:21:07","guid":{"rendered":"https:\/\/boreait.com\/fr\/?post_type=product&#038;p=7823"},"modified":"2026-01-07T09:25:21","modified_gmt":"2026-01-07T08:25:21","slug":"module-bluetooth-intel-8260-ngw-wi-fi-set-dell-mini-3020-3060-3040-3050-9020-7040","status":"publish","type":"product","link":"https:\/\/boreait.com\/fr\/produit\/module-bluetooth-intel-8260-ngw-wi-fi-set-dell-mini-3020-3060-3040-3050-9020-7040\/","title":{"rendered":"Module Bluetooth Intel 8260 NGW Wi-Fi SET Dell MINI 3020 3060 3040 3050 9020 7040"},"content":{"rendered":"<p>Am\u00e9liorez les capacit\u00e9s sans fil de votre ordinateur de bureau Dell MINI 3020, 3060, 3040, 3050, 9020 ou 7040 avec le module Bluetooth Intel 8260 NGW. Ce module comprend une carte sans fil puissante qui offre une connectivit\u00e9 sans fil fiable et haut d\u00e9bit \u00e0 votre ordinateur de bureau.<\/p>\n<p>Le module Bluetooth Intel 8260 NGW prend en charge la derni\u00e8re norme Wi-Fi 802.11ac, offrant des d\u00e9bits plus rapides, une port\u00e9e am\u00e9lior\u00e9e et des interf\u00e9rences r\u00e9duites par rapport aux normes Wi-Fi pr\u00e9c\u00e9dentes. Gr\u00e2ce \u00e0 ce module, profitez de jeux en ligne, de streaming et de t\u00e9l\u00e9chargements fluides et sans latence.<\/p>\n<p>De plus, le module int\u00e8gre la technologie Bluetooth 4.2, vous permettant de connecter des p\u00e9riph\u00e9riques sans fil tels que des claviers, des souris et des \u00e9couteurs. Vous pouvez facilement coupler votre ordinateur de bureau avec des appareils compatibles Bluetooth pour un transfert de donn\u00e9es fluide et un contr\u00f4le sans fil pratique. <\/p>\n<p>L&rsquo;installation du module Intel 8260 NGW Wi-Fi Bluetooth est simple et ne n\u00e9cessite que des connaissances informatiques de base. Compatible avec les mod\u00e8les d&rsquo;ordinateurs de bureau Dell sp\u00e9cifi\u00e9s, ce module s&rsquo;ins\u00e8re parfaitement dans l&#8217;emplacement PCIe disponible, garantissant une connexion stable et fiable.<\/p>\n<p>Mettez \u00e0 niveau votre ordinateur de bureau Dell MINI avec le module Intel 8260 NGW Wi-Fi Bluetooth et profitez d&rsquo;une connectivit\u00e9 sans fil rapide, fiable et pratique. Restez connect\u00e9, diffusez du contenu multim\u00e9dia et travaillez efficacement sans vous soucier des c\u00e2bles emm\u00eal\u00e9s. Gr\u00e2ce \u00e0 cette mise \u00e0 niveau, votre ordinateur de bureau sera \u00e9quip\u00e9 des derni\u00e8res technologies sans fil, pour une exp\u00e9rience informatique am\u00e9lior\u00e9e.<\/p>\n","protected":false},"excerpt":{"rendered":"<p>Am\u00e9liorez votre ordinateur de bureau Dell MINI 3020, 3060, 3040, 3050, 9020 ou 7040 avec le module Wi-Fi Bluetooth Intel 8260 NGW. Ce module comprend une carte sans fil hautes performances prenant en charge les derni\u00e8res technologies Wi-Fi et Bluetooth, vous permettant ainsi de b\u00e9n\u00e9ficier d&rsquo;une connectivit\u00e9 sans fil rapide et fiable pour votre ordinateur de bureau.<\/p>\n","protected":false},"featured_media":7880,"template":"","meta":[],"product_brand":[],"product_cat":[63],"product_tag":[53],"class_list":{"0":"post-7823","1":"product","2":"type-product","3":"status-publish","4":"has-post-thumbnail","6":"product_cat-motherboards-board-parts","7":"product_tag-dell","9":"first","10":"instock","11":"taxable","12":"shipping-taxable","13":"purchasable","14":"product-type-simple"},"_links":{"self":[{"href":"https:\/\/boreait.com\/fr\/wp-json\/wp\/v2\/product\/7823","targetHints":{"allow":["GET"]}}],"collection":[{"href":"https:\/\/boreait.com\/fr\/wp-json\/wp\/v2\/product"}],"about":[{"href":"https:\/\/boreait.com\/fr\/wp-json\/wp\/v2\/types\/product"}],"wp:featuredmedia":[{"embeddable":true,"href":"https:\/\/boreait.com\/fr\/wp-json\/wp\/v2\/media\/7880"}],"wp:attachment":[{"href":"https:\/\/boreait.com\/fr\/wp-json\/wp\/v2\/media?parent=7823"}],"wp:term":[{"taxonomy":"product_brand","embeddable":true,"href":"https:\/\/boreait.com\/fr\/wp-json\/wp\/v2\/product_brand?post=7823"},{"taxonomy":"product_cat","embeddable":true,"href":"https:\/\/boreait.com\/fr\/wp-json\/wp\/v2\/product_cat?post=7823"},{"taxonomy":"product_tag","embeddable":true,"href":"https:\/\/boreait.com\/fr\/wp-json\/wp\/v2\/product_tag?post=7823"}],"curies":[{"name":"wp","href":"https:\/\/api.w.org\/{rel}","templated":true}]}}