{"id":7809,"date":"2025-09-15T14:20:42","date_gmt":"2025-09-15T12:20:42","guid":{"rendered":"https:\/\/boreait.com\/fr\/?post_type=product&#038;p=7809"},"modified":"2025-09-15T14:21:59","modified_gmt":"2025-09-15T12:21:59","slug":"memoire-dordinateur-ddr3-non-ecc-carry-ca3u1333c4g9-b-pc3-10600u-1333-mhz-1rx8-lot-de-5-x-2-go","status":"publish","type":"product","link":"https:\/\/boreait.com\/fr\/produit\/memoire-dordinateur-ddr3-non-ecc-carry-ca3u1333c4g9-b-pc3-10600u-1333-mhz-1rx8-lot-de-5-x-2-go\/","title":{"rendered":"M\u00e9moire d&rsquo;ordinateur DDR3 non ECC Carry CA3U1333C4G9-B PC3-10600U 1333 MHz 1Rx8 (lot de 5 x 2 Go)"},"content":{"rendered":"<p>Module m\u00e9moire Carry 2 Go 1RX8 PC3-10800U-999 CA3U1333C4G9-B<\/p>\n<p>ELPIDA 2 Go 2Rx8 PC3-8500R-7-10-BP 0934AXH0521A<\/p>\n<p>Am\u00e9liorez la capacit\u00e9 m\u00e9moire de votre ordinateur avec le module m\u00e9moire DDR3 Carry CA3U1333C4G9-B de 2 Go. Ce module m\u00e9moire non ECC est con\u00e7u pour optimiser les performances de votre ordinateur en offrant un traitement des donn\u00e9es plus rapide et des capacit\u00e9s multit\u00e2ches am\u00e9lior\u00e9es.<\/p>\n<p>Avec une vitesse de 1333 MHz, ce module m\u00e9moire assure un transfert de donn\u00e9es rapide et efficace, vous permettant d&rsquo;ex\u00e9cuter plusieurs applications simultan\u00e9ment sans ralentissement. Que vous travailliez sur des t\u00e2ches complexes, que vous jouiez ou que vous fassiez du montage multim\u00e9dia, ce module m\u00e9moire garantit des performances fluides et r\u00e9actives. <\/p>\n<p>La capacit\u00e9 de 2 Go offre un espace de stockage et d&rsquo;acc\u00e8s aux donn\u00e9es suffisant, vous permettant de travailler avec des fichiers volumineux et d&rsquo;ex\u00e9cuter facilement des applications gourmandes en m\u00e9moire. Elle permet \u00e9galement un multit\u00e2che efficace, vous permettant de basculer facilement entre diff\u00e9rents programmes.<\/p>\n<p>L&rsquo;installation est simple et peut \u00eatre effectu\u00e9e en suivant les instructions du fabricant ou en faisant appel \u00e0 un professionnel si n\u00e9cessaire. Ins\u00e9rez simplement le module m\u00e9moire dans l&#8217;emplacement pr\u00e9vu \u00e0 cet effet sur la carte m\u00e8re de votre ordinateur\u00a0; il sera automatiquement reconnu par le syst\u00e8me.<\/p>\n<p>Mettez \u00e0 niveau la m\u00e9moire de votre ordinateur avec le module m\u00e9moire DDR3 Carry CA3U1333C4G9-B de 2 Go, fiable et performant. Que vous soyez un utilisateur occasionnel ou exp\u00e9riment\u00e9, ce module m\u00e9moire am\u00e9liorera votre exp\u00e9rience informatique en optimisant le traitement des donn\u00e9es et les performances globales du syst\u00e8me.<\/p>\n","protected":false},"excerpt":{"rendered":"<p>Am\u00e9liorez les performances de votre ordinateur avec ce module de m\u00e9moire DDR3 Carry CA3U1333C4G9-B de 2 Go. Avec une fr\u00e9quence de 1333 MHz et une capacit\u00e9 de 2 Go, il assure un traitement des donn\u00e9es rapide et efficace pour un multit\u00e2che optimis\u00e9 et des performances syst\u00e8me globales plus fluides.<\/p>\n","protected":false},"featured_media":7865,"template":"","meta":[],"product_brand":[],"product_cat":[73,72],"product_tag":[],"class_list":{"0":"post-7809","1":"product","2":"type-product","3":"status-publish","4":"has-post-thumbnail","6":"product_cat-ddr3-ddr3l","7":"product_cat-ram-memory","9":"first","10":"instock","11":"taxable","12":"shipping-taxable","13":"purchasable","14":"product-type-simple"},"_links":{"self":[{"href":"https:\/\/boreait.com\/fr\/wp-json\/wp\/v2\/product\/7809","targetHints":{"allow":["GET"]}}],"collection":[{"href":"https:\/\/boreait.com\/fr\/wp-json\/wp\/v2\/product"}],"about":[{"href":"https:\/\/boreait.com\/fr\/wp-json\/wp\/v2\/types\/product"}],"wp:featuredmedia":[{"embeddable":true,"href":"https:\/\/boreait.com\/fr\/wp-json\/wp\/v2\/media\/7865"}],"wp:attachment":[{"href":"https:\/\/boreait.com\/fr\/wp-json\/wp\/v2\/media?parent=7809"}],"wp:term":[{"taxonomy":"product_brand","embeddable":true,"href":"https:\/\/boreait.com\/fr\/wp-json\/wp\/v2\/product_brand?post=7809"},{"taxonomy":"product_cat","embeddable":true,"href":"https:\/\/boreait.com\/fr\/wp-json\/wp\/v2\/product_cat?post=7809"},{"taxonomy":"product_tag","embeddable":true,"href":"https:\/\/boreait.com\/fr\/wp-json\/wp\/v2\/product_tag?post=7809"}],"curies":[{"name":"wp","href":"https:\/\/api.w.org\/{rel}","templated":true}]}}