{"id":7771,"date":"2025-09-15T14:19:30","date_gmt":"2025-09-15T12:19:30","guid":{"rendered":"https:\/\/boreait.com\/fr\/?post_type=product&#038;p=7771"},"modified":"2025-09-15T14:21:05","modified_gmt":"2025-09-15T12:21:05","slug":"webcam-724294-3h0-pour-ordinateurs-portables-hp-elitebook-840-g1-et-g2","status":"publish","type":"product","link":"https:\/\/boreait.com\/fr\/produit\/webcam-724294-3h0-pour-ordinateurs-portables-hp-elitebook-840-g1-et-g2\/","title":{"rendered":"Webcam 724294-3H0 pour ordinateurs portables HP EliteBook 840 G1 et G2"},"content":{"rendered":"<p>Am\u00e9liorez les capacit\u00e9s de communication de votre ordinateur portable HP EliteBook 840 G1 ou G2 avec la webcam 724294-3H0. Cette webcam de remplacement HP d&rsquo;origine est sp\u00e9cialement con\u00e7ue pour les mod\u00e8les EliteBook 840 G1 et G2, garantissant une compatibilit\u00e9 et une int\u00e9gration parfaites.<\/p>\n<p>La webcam 724294-3H0 vous permet de participer \u00e0 des visioconf\u00e9rences, des chats vid\u00e9o et des r\u00e9unions en ligne avec vos coll\u00e8gues, vos amis et votre famille. Elle capture des images claires et nettes, vous garantissant une excellente visibilit\u00e9 et une excellente \u00e9coute. Elle vous permet \u00e9galement de prendre des photos et d&rsquo;enregistrer des vid\u00e9os, ce qui en fait un outil polyvalent pour diverses applications multim\u00e9dias.<\/p>\n<p>L&rsquo;installation de la webcam 724294-3H0 est simple. Assurez-vous que votre ordinateur portable est \u00e9teint et d\u00e9branch\u00e9 de toute source d&rsquo;alimentation. Localisez l&#8217;emplacement ou le connecteur appropri\u00e9 sur l&rsquo;\u00e9cran de l&rsquo;ordinateur portable pour la cam\u00e9ra et ins\u00e9rez-le soigneusement afin d&rsquo;assurer une connexion s\u00e9curis\u00e9e. Une fois install\u00e9e, vous pourrez profiter de fonctionnalit\u00e9s de communication vid\u00e9o et multim\u00e9dia am\u00e9lior\u00e9es. <\/p>\n<p>Am\u00e9liorez votre ordinateur portable HP EliteBook 840 G1 ou G2 avec la webcam 724294-3H0 d&rsquo;origine. Restez en contact avec vos coll\u00e8gues, vos amis et votre famille gr\u00e2ce aux visioconf\u00e9rences et aux chats vid\u00e9o. Capturez des images claires et de haute qualit\u00e9 pour une exp\u00e9rience de communication optimale.<\/p>\n","protected":false},"excerpt":{"rendered":"<p>Am\u00e9liorez votre ordinateur portable HP EliteBook 840 G1 ou G2 avec la webcam 724294-3H0. Cette webcam de remplacement HP d&rsquo;origine vous permet de participer \u00e0 des visioconf\u00e9rences, de prendre des photos et d&rsquo;enregistrer des vid\u00e9os avec une qualit\u00e9 d&rsquo;image claire et nette. Restez connect\u00e9 et am\u00e9liorez votre exp\u00e9rience de communication gr\u00e2ce \u00e0 cette webcam haute qualit\u00e9.<\/p>\n","protected":false},"featured_media":7822,"template":"","meta":[],"product_brand":[],"product_cat":[59],"product_tag":[61],"class_list":{"0":"post-7771","1":"product","2":"type-product","3":"status-publish","4":"has-post-thumbnail","6":"product_cat-laptop-camera","7":"product_tag-hp","9":"first","10":"instock","11":"taxable","12":"shipping-taxable","13":"purchasable","14":"product-type-simple"},"_links":{"self":[{"href":"https:\/\/boreait.com\/fr\/wp-json\/wp\/v2\/product\/7771","targetHints":{"allow":["GET"]}}],"collection":[{"href":"https:\/\/boreait.com\/fr\/wp-json\/wp\/v2\/product"}],"about":[{"href":"https:\/\/boreait.com\/fr\/wp-json\/wp\/v2\/types\/product"}],"wp:featuredmedia":[{"embeddable":true,"href":"https:\/\/boreait.com\/fr\/wp-json\/wp\/v2\/media\/7822"}],"wp:attachment":[{"href":"https:\/\/boreait.com\/fr\/wp-json\/wp\/v2\/media?parent=7771"}],"wp:term":[{"taxonomy":"product_brand","embeddable":true,"href":"https:\/\/boreait.com\/fr\/wp-json\/wp\/v2\/product_brand?post=7771"},{"taxonomy":"product_cat","embeddable":true,"href":"https:\/\/boreait.com\/fr\/wp-json\/wp\/v2\/product_cat?post=7771"},{"taxonomy":"product_tag","embeddable":true,"href":"https:\/\/boreait.com\/fr\/wp-json\/wp\/v2\/product_tag?post=7771"}],"curies":[{"name":"wp","href":"https:\/\/api.w.org\/{rel}","templated":true}]}}