{"id":7599,"date":"2025-09-15T14:15:58","date_gmt":"2025-09-15T12:15:58","guid":{"rendered":"https:\/\/boreait.com\/fr\/?post_type=product&#038;p=7599"},"modified":"2025-09-15T14:16:23","modified_gmt":"2025-09-15T12:16:23","slug":"support-de-disque-dur-ssd-dorigine-pour-hp-elitebook-840-850-740-750-745-755-g1-g2-vis-incluses","status":"publish","type":"product","link":"https:\/\/boreait.com\/fr\/produit\/support-de-disque-dur-ssd-dorigine-pour-hp-elitebook-840-850-740-750-745-755-g1-g2-vis-incluses\/","title":{"rendered":"Support de disque dur SSD d&rsquo;origine pour HP EliteBook 840 850 740 750 745 755 G1 G2 &#8211; Vis incluses"},"content":{"rendered":"<p><strong>Identique \u00e0 la photo\u00a0! Vis incluses.<\/strong><\/p>\n<p>Offrez \u00e0 votre ordinateur portable HP EliteBook une capacit\u00e9 de stockage accrue gr\u00e2ce au nouveau support de disque dur\/SSD 2,5&Prime; d&rsquo;origine HP EliteBook. Ce support est sp\u00e9cialement con\u00e7u pour les mod\u00e8les HP EliteBook 840, 850, 740, 750, 745 et 755 G1 et G2, garantissant un ajustement parfait et un fonctionnement fluide.<\/p>\n<p>Ce support de disque est con\u00e7u pour accueillir des disques durs (HDD) ou des SSD 2,5&Prime;. Que vous soyez un professionnel utilisant des applications gourmandes en donn\u00e9es, un \u00e9tudiant g\u00e9rant de nombreux fichiers acad\u00e9miques ou un passionn\u00e9 de jeux vid\u00e9o ayant besoin de plus d&rsquo;espace pour ses jeux, ce support de disque offre une solution flexible pour augmenter l&rsquo;espace de stockage de votre ordinateur portable.<\/p>\n<p>Le support de disque dur\/SSD HP EliteBook est une solution de mise \u00e0 niveau fiable pour ceux dont les besoins de stockage augmentent. Il offre la commodit\u00e9 d&rsquo;un disque de stockage suppl\u00e9mentaire, vous permettant d&rsquo;augmenter la capacit\u00e9 de stockage de votre syst\u00e8me sans avoir recours \u00e0 des disques externes, souvent encombrants et peu pratiques.<\/p>\n<p>Fabriqu\u00e9 avec des mat\u00e9riaux de premi\u00e8re qualit\u00e9, ce bo\u00eetier robuste assure la protection de votre disque dur ou SSD. Il maintient fermement votre disque, r\u00e9duisant ainsi les risques de dommages dus aux chocs ou aux vibrations, et assurant la long\u00e9vit\u00e9 de vos donn\u00e9es.<\/p>\n<p>Facile \u00e0 installer, le bo\u00eetier vous permet de remplacer rapidement le lecteur optique de votre ordinateur portable par un disque de stockage suppl\u00e9mentaire. Aucun outil sp\u00e9cialis\u00e9 ni assistance professionnelle ne sont n\u00e9cessaires\u00a0: l&rsquo;installation s&rsquo;effectue en quelques minutes \u00e0 l&rsquo;aide d&rsquo;un tournevis standard. <\/p>\n<p>Le nouveau support de disque dur\/SSD 2,5&Prime; HP EliteBook d&rsquo;origine ne se limite pas \u00e0 optimiser l&rsquo;espace de stockage de votre ordinateur portable\u00a0; il optimise \u00e9galement sa capacit\u00e9 \u00e0 g\u00e9rer des t\u00e2ches plus importantes et plus exigeantes, sans compromis.<\/p>\n<p>Exp\u00e9di\u00e9 dans toute l&rsquo;Europe, ce produit est disponible d\u00e8s aujourd&rsquo;hui pour les clients souhaitant augmenter les capacit\u00e9s de stockage de leur HP EliteBook. Procurez-vous d\u00e8s aujourd&rsquo;hui votre nouveau support de disque dur\/SSD 2,5&Prime; HP EliteBook d&rsquo;origine et profitez d&rsquo;une exp\u00e9rience informatique plus spacieuse et plus performante.<\/p>\n","protected":false},"excerpt":{"rendered":"<p>Lib\u00e9rez la capacit\u00e9 de stockage de votre ordinateur portable avec le nouveau support de disque dur\/SSD HP EliteBook d&rsquo;origine 2,5&Prime;, con\u00e7u sp\u00e9cifiquement pour les mod\u00e8les HP EliteBook 840, 850, 740, 750, 745 et 755 G1 et G2.<\/p>\n","protected":false},"featured_media":7631,"template":"","meta":[],"product_brand":[],"product_cat":[52],"product_tag":[61],"class_list":{"0":"post-7599","1":"product","2":"type-product","3":"status-publish","4":"has-post-thumbnail","6":"product_cat-laptop-housing","7":"product_tag-hp","9":"first","10":"instock","11":"taxable","12":"shipping-taxable","13":"purchasable","14":"product-type-simple"},"_links":{"self":[{"href":"https:\/\/boreait.com\/fr\/wp-json\/wp\/v2\/product\/7599","targetHints":{"allow":["GET"]}}],"collection":[{"href":"https:\/\/boreait.com\/fr\/wp-json\/wp\/v2\/product"}],"about":[{"href":"https:\/\/boreait.com\/fr\/wp-json\/wp\/v2\/types\/product"}],"wp:featuredmedia":[{"embeddable":true,"href":"https:\/\/boreait.com\/fr\/wp-json\/wp\/v2\/media\/7631"}],"wp:attachment":[{"href":"https:\/\/boreait.com\/fr\/wp-json\/wp\/v2\/media?parent=7599"}],"wp:term":[{"taxonomy":"product_brand","embeddable":true,"href":"https:\/\/boreait.com\/fr\/wp-json\/wp\/v2\/product_brand?post=7599"},{"taxonomy":"product_cat","embeddable":true,"href":"https:\/\/boreait.com\/fr\/wp-json\/wp\/v2\/product_cat?post=7599"},{"taxonomy":"product_tag","embeddable":true,"href":"https:\/\/boreait.com\/fr\/wp-json\/wp\/v2\/product_tag?post=7599"}],"curies":[{"name":"wp","href":"https:\/\/api.w.org\/{rel}","templated":true}]}}