{"id":7597,"date":"2025-09-15T14:15:58","date_gmt":"2025-09-15T12:15:58","guid":{"rendered":"https:\/\/boreait.com\/fr\/?post_type=product&#038;p=7597"},"modified":"2026-01-14T08:34:22","modified_gmt":"2026-01-14T07:34:22","slug":"memoire-ram-samsung-4-go-ddr3l-1600-mhz-pour-ordinateur-portable-pc3l-12800s-1rx8-204-broches-sodimm-m471b173db0-yk0","status":"publish","type":"product","link":"https:\/\/boreait.com\/fr\/produit\/memoire-ram-samsung-4-go-ddr3l-1600-mhz-pour-ordinateur-portable-pc3l-12800s-1rx8-204-broches-sodimm-m471b173db0-yk0\/","title":{"rendered":"M\u00e9moire RAM Samsung 4\u00a0Go DDR3L 1600\u00a0MHz pour ordinateur portable PC3L 12800S 1Rx8, 204\u00a0broches SODIMM m471b173db0-yk0"},"content":{"rendered":"<p>\u00c0 propos de la m\u00e9moire Samsung 4 Go m471b173db0-yk0\u00a0: Ce module RAM utilise la technologie DDR3L (Double Data Rate 3 Low Voltage). Cette technologie permet des transferts de donn\u00e9es plus rapides et des performances syst\u00e8me am\u00e9lior\u00e9es par rapport aux anciens modules DDR2. Le \u00ab\u00a0L\u00a0\u00bb de DDR3L indique un fonctionnement \u00e0 basse tension, ce qui signifie qu&rsquo;elle fonctionne \u00e0 une tension inf\u00e9rieure (1,35\u00a0V) \u00e0 celle des modules DDR3 standard, r\u00e9duisant ainsi la consommation d&rsquo;\u00e9nergie et la production de chaleur.<\/p>\n<p>La m\u00e9moire fonctionne \u00e0 une fr\u00e9quence d&rsquo;horloge de 1\u00a0600\u00a0MHz (ou 1,6\u00a0GHz), ce qui d\u00e9termine la fr\u00e9quence de lecture et d&rsquo;\u00e9criture des donn\u00e9es sur le module. Une fr\u00e9quence d&rsquo;horloge plus \u00e9lev\u00e9e se traduit par des transferts de donn\u00e9es plus rapides et une meilleure r\u00e9activit\u00e9 du syst\u00e8me.<\/p>\n<p>La sp\u00e9cification PC3L 12800S indique que le module RAM est conforme \u00e0 la norme PC3L-12800, \u00e9quivalente \u00e0 la DDR3-1600. Le \u00ab\u00a0S\u00a0\u00bb signifie Small Outline Dual Inline Memory Module (SODIMM), un module de m\u00e9moire \u00e0 double rang\u00e9e de connexions (SODIMM), sp\u00e9cialement con\u00e7u pour les ordinateurs portables et les syst\u00e8mes compacts. Ce module poss\u00e8de 204 broches, soit le nombre standard de broches pour les SODIMM.<\/p>\n<p>La d\u00e9signation 1Rx8 indique que le module poss\u00e8de une seule rang\u00e9e et utilise huit puces m\u00e9moire sur un c\u00f4t\u00e9. Cette configuration permet un acc\u00e8s efficace aux donn\u00e9es et des performances m\u00e9moire am\u00e9lior\u00e9es.<\/p>\n<p>Globalement, la m\u00e9moire SODIMM 4\u00a0Go DDR3L 1600\u00a0MHz pour ordinateur portable PC3L 12800S 1Rx8 204\u00a0broches est un module de m\u00e9moire fiable et \u00e9conome en \u00e9nergie qui am\u00e9liore les performances et la r\u00e9activit\u00e9 de votre ordinateur portable, le rendant ainsi id\u00e9al pour les t\u00e2ches informatiques quotidiennes, la navigation web et le multit\u00e2che l\u00e9ger.<\/p>\n","protected":false},"excerpt":{"rendered":"<p>La m\u00e9moire RAM 4 Go DDR3L 1600 MHz PC3L 12800S 1Rx8 204 broches SODIMM pour ordinateur portable est un module m\u00e9moire hautes performances sp\u00e9cialement con\u00e7u pour les ordinateurs portables. Sa capacit\u00e9 de 4 Go est suffisante pour la plupart des t\u00e2ches informatiques courantes et le multit\u00e2che l\u00e9ger.<\/p>\n","protected":false},"featured_media":7629,"template":"","meta":[],"product_brand":[],"product_cat":[73,72],"product_tag":[],"class_list":{"0":"post-7597","1":"product","2":"type-product","3":"status-publish","4":"has-post-thumbnail","6":"product_cat-ddr3-ddr3l","7":"product_cat-ram-memory","9":"first","10":"instock","11":"taxable","12":"shipping-taxable","13":"purchasable","14":"product-type-simple"},"_links":{"self":[{"href":"https:\/\/boreait.com\/fr\/wp-json\/wp\/v2\/product\/7597","targetHints":{"allow":["GET"]}}],"collection":[{"href":"https:\/\/boreait.com\/fr\/wp-json\/wp\/v2\/product"}],"about":[{"href":"https:\/\/boreait.com\/fr\/wp-json\/wp\/v2\/types\/product"}],"wp:featuredmedia":[{"embeddable":true,"href":"https:\/\/boreait.com\/fr\/wp-json\/wp\/v2\/media\/7629"}],"wp:attachment":[{"href":"https:\/\/boreait.com\/fr\/wp-json\/wp\/v2\/media?parent=7597"}],"wp:term":[{"taxonomy":"product_brand","embeddable":true,"href":"https:\/\/boreait.com\/fr\/wp-json\/wp\/v2\/product_brand?post=7597"},{"taxonomy":"product_cat","embeddable":true,"href":"https:\/\/boreait.com\/fr\/wp-json\/wp\/v2\/product_cat?post=7597"},{"taxonomy":"product_tag","embeddable":true,"href":"https:\/\/boreait.com\/fr\/wp-json\/wp\/v2\/product_tag?post=7597"}],"curies":[{"name":"wp","href":"https:\/\/api.w.org\/{rel}","templated":true}]}}