{"id":7572,"date":"2025-09-15T14:15:36","date_gmt":"2025-09-15T12:15:36","guid":{"rendered":"https:\/\/boreait.com\/fr\/?post_type=product&#038;p=7572"},"modified":"2025-09-15T14:16:19","modified_gmt":"2025-09-15T12:16:19","slug":"processeur-intel-core-i5-3470-6-mo-de-cache-jusqua-360-ghz-sr0t8","status":"publish","type":"product","link":"https:\/\/boreait.com\/fr\/produit\/processeur-intel-core-i5-3470-6-mo-de-cache-jusqua-360-ghz-sr0t8\/","title":{"rendered":"Processeur Intel\u00ae Core\u2122 i5-3470 6 Mo de cache, jusqu&rsquo;\u00e0 3,60 GHz SR0T8"},"content":{"rendered":"<p>Dot\u00e9 de 6 Mo de cache, le processeur Intel\u00ae Core\u2122 i5-3470 SR0T8 offre un acc\u00e8s aux donn\u00e9es ultra-rapide, vous permettant de r\u00e9cup\u00e9rer et de traiter les informations \u00e0 une vitesse remarquable. Que vous utilisiez plusieurs applications en m\u00eame temps ou des programmes gourmands en ressources, ce processeur assure un fonctionnement fluide sans compromettre les performances.<\/p>\n<p>Avec une fr\u00e9quence d&rsquo;horloge de base pouvant atteindre 3,20 GHz, le processeur Intel\u00ae Core\u2122 i5-3470 offre des performances rapides et r\u00e9actives, g\u00e9rant sans effort vos t\u00e2ches informatiques quotidiennes. Besoin d&rsquo;un coup de pouce suppl\u00e9mentaire\u00a0? Gr\u00e2ce \u00e0 la technologie Intel\u00ae Turbo Boost, le processeur peut augmenter dynamiquement sa fr\u00e9quence d&rsquo;horloge jusqu&rsquo;\u00e0 3,60 GHz, offrant des performances exceptionnelles lorsque vous en avez le plus besoin.<\/p>\n<p>Bas\u00e9 sur l&rsquo;architecture avanc\u00e9e d&rsquo;Intel, ce processeur offre une efficacit\u00e9 \u00e9nerg\u00e9tique am\u00e9lior\u00e9e, garantissant des performances optimales tout en minimisant la consommation d&rsquo;\u00e9nergie. Vous pouvez ainsi profiter des avantages d&rsquo;un calcul haute vitesse sans vous soucier d&rsquo;une consommation excessive d&rsquo;\u00e9nergie ou d&rsquo;un d\u00e9gagement de chaleur. <\/p>\n<p>Le processeur Intel\u00ae Core\u2122 i5-3470 est extr\u00eamement polyvalent et compatible avec une large gamme d&rsquo;appareils et de syst\u00e8mes. Que vous construisiez un ordinateur de bureau ou que vous mettiez \u00e0 niveau votre configuration existante, ce processeur vous offre la flexibilit\u00e9 dont vous avez besoin. Il prend en charge diff\u00e9rents types de sockets et est compatible avec les syst\u00e8mes d&rsquo;exploitation Windows et macOS, garantissant une int\u00e9gration transparente dans votre environnement pr\u00e9f\u00e9r\u00e9.<\/p>\n<p>Que vous soyez un professionnel \u00e0 la recherche de performances fiables pour des t\u00e2ches exigeantes ou un utilisateur occasionnel souhaitant am\u00e9liorer son exp\u00e9rience informatique, le processeur Intel\u00ae Core\u2122 i5-3470 est un excellent choix. B\u00e9n\u00e9ficiez d&rsquo;une vitesse, d&rsquo;une efficacit\u00e9 et d&rsquo;une r\u00e9activit\u00e9 exceptionnelles avec ce processeur remarquable et propulsez vos capacit\u00e9s informatiques au niveau sup\u00e9rieur.<\/p>\n","protected":false},"excerpt":{"rendered":"<p>D\u00e9couvrez le processeur Intel\u00ae Core\u2122 i5-3470, une solution informatique puissante con\u00e7ue pour propulser vos performances et votre productivit\u00e9 vers de nouveaux sommets. Gr\u00e2ce \u00e0 ses fonctionnalit\u00e9s impressionnantes et \u00e0 sa technologie de pointe, ce processeur offre une exp\u00e9rience informatique fluide et efficace.<\/p>\n","protected":false},"featured_media":7628,"template":"","meta":[],"product_brand":[],"product_cat":[75],"product_tag":[],"class_list":{"0":"post-7572","1":"product","2":"type-product","3":"status-publish","4":"has-post-thumbnail","6":"product_cat-processors-cpu","8":"first","9":"instock","10":"taxable","11":"shipping-taxable","12":"purchasable","13":"product-type-simple"},"_links":{"self":[{"href":"https:\/\/boreait.com\/fr\/wp-json\/wp\/v2\/product\/7572","targetHints":{"allow":["GET"]}}],"collection":[{"href":"https:\/\/boreait.com\/fr\/wp-json\/wp\/v2\/product"}],"about":[{"href":"https:\/\/boreait.com\/fr\/wp-json\/wp\/v2\/types\/product"}],"wp:featuredmedia":[{"embeddable":true,"href":"https:\/\/boreait.com\/fr\/wp-json\/wp\/v2\/media\/7628"}],"wp:attachment":[{"href":"https:\/\/boreait.com\/fr\/wp-json\/wp\/v2\/media?parent=7572"}],"wp:term":[{"taxonomy":"product_brand","embeddable":true,"href":"https:\/\/boreait.com\/fr\/wp-json\/wp\/v2\/product_brand?post=7572"},{"taxonomy":"product_cat","embeddable":true,"href":"https:\/\/boreait.com\/fr\/wp-json\/wp\/v2\/product_cat?post=7572"},{"taxonomy":"product_tag","embeddable":true,"href":"https:\/\/boreait.com\/fr\/wp-json\/wp\/v2\/product_tag?post=7572"}],"curies":[{"name":"wp","href":"https:\/\/api.w.org\/{rel}","templated":true}]}}