{"id":7571,"date":"2025-09-15T14:15:36","date_gmt":"2025-09-15T12:15:36","guid":{"rendered":"https:\/\/boreait.com\/fr\/?post_type=product&#038;p=7571"},"modified":"2026-01-14T08:34:09","modified_gmt":"2026-01-14T07:34:09","slug":"intel-core-i5-4460-sr1qk","status":"publish","type":"product","link":"https:\/\/boreait.com\/fr\/produit\/intel-core-i5-4460-sr1qk\/","title":{"rendered":"Intel\u00ae Core\u2122 i5-4460 SR1QK"},"content":{"rendered":"<p>Dot\u00e9 d&rsquo;un important cache de 6 Mo, le processeur Core\u2122 i5-4460 SR1QK garantit une r\u00e9activit\u00e9 ultra-rapide et des capacit\u00e9s multit\u00e2ches fluides. Quelles que soient vos t\u00e2ches, ce processeur les g\u00e8re avec aisance et offre des performances fluides et efficaces.<\/p>\n<p>Avec une fr\u00e9quence d&rsquo;horloge pouvant atteindre 3,40 GHz, le processeur Core\u2122 i5-4460 offre une puissance de traitement incroyable. Que vous ex\u00e9cutiez des applications gourmandes en ressources, que vous \u00e9ditiez du contenu multim\u00e9dia haute r\u00e9solution ou que vous jouiez aux jeux les plus r\u00e9cents, ce processeur offre une vitesse et une r\u00e9activit\u00e9 exceptionnelles, garantissant une exp\u00e9rience informatique fluide.<\/p>\n<p>Le processeur Intel\u00ae Core\u2122 i5-4460 int\u00e8gre \u00e9galement la technologie avanc\u00e9e Intel\u00ae Turbo Boost, qui augmente dynamiquement la fr\u00e9quence d&rsquo;horloge en fonction de votre charge de travail. Ainsi, lorsque vous avez besoin d&rsquo;un surcro\u00eet de puissance, le processeur ajuste automatiquement sa fr\u00e9quence, offrant ainsi un gain de performances significatif sans intervention manuelle. <\/p>\n<p>Bas\u00e9 sur l&rsquo;architecture de pointe d&rsquo;Intel, ce processeur offre une consommation d&rsquo;\u00e9nergie optimis\u00e9e, vous permettant de profiter de calculs hautes performances sans sacrifier l&rsquo;efficacit\u00e9 \u00e9nerg\u00e9tique. Que vous soyez soucieux de l&rsquo;environnement ou que vous souhaitiez simplement r\u00e9duire vos factures d&rsquo;\u00e9lectricit\u00e9, le processeur Core\u2122 i5-4460 est un excellent choix.<\/p>\n<p>Outre ses performances exceptionnelles, ce processeur est \u00e9galement con\u00e7u pour offrir une exp\u00e9rience visuelle fluide et immersive. Gr\u00e2ce \u00e0 la carte graphique Intel\u00ae HD Graphics int\u00e9gr\u00e9e, il offre des graphismes \u00e9poustouflants, des couleurs \u00e9clatantes et un rendu graphique fluide, vous permettant de profiter de films, de jeux et de contenus multim\u00e9dias avec un niveau de d\u00e9tail \u00e9poustouflant.<\/p>\n<p>Am\u00e9liorez votre exp\u00e9rience informatique avec le processeur Intel\u00ae Core\u2122 i5-4460. Avec ses performances impressionnantes, sa consommation d&rsquo;\u00e9nergie optimis\u00e9e et ses capacit\u00e9s graphiques immersives, ce processeur est le choix id\u00e9al pour les utilisateurs \u00e0 la recherche d&rsquo;une solution fiable et performante. Lib\u00e9rez votre plein potentiel et accomplissez n&rsquo;importe quelle t\u00e2che en toute confiance gr\u00e2ce \u00e0 ce processeur de pointe.<\/p>\n","protected":false},"excerpt":{"rendered":"<p>D\u00e9couvrez le processeur Intel\u00ae Core\u2122 i5-4460, une solution informatique puissante con\u00e7ue pour booster votre productivit\u00e9 et optimiser vos exp\u00e9riences num\u00e9riques. Gr\u00e2ce \u00e0 sa technologie de pointe et \u00e0 ses performances impressionnantes, ce processeur est id\u00e9al pour le travail comme pour les loisirs.<\/p>\n","protected":false},"featured_media":7627,"template":"","meta":[],"product_brand":[],"product_cat":[75],"product_tag":[],"class_list":{"0":"post-7571","1":"product","2":"type-product","3":"status-publish","4":"has-post-thumbnail","6":"product_cat-processors-cpu","8":"first","9":"instock","10":"taxable","11":"shipping-taxable","12":"purchasable","13":"product-type-simple"},"_links":{"self":[{"href":"https:\/\/boreait.com\/fr\/wp-json\/wp\/v2\/product\/7571","targetHints":{"allow":["GET"]}}],"collection":[{"href":"https:\/\/boreait.com\/fr\/wp-json\/wp\/v2\/product"}],"about":[{"href":"https:\/\/boreait.com\/fr\/wp-json\/wp\/v2\/types\/product"}],"wp:featuredmedia":[{"embeddable":true,"href":"https:\/\/boreait.com\/fr\/wp-json\/wp\/v2\/media\/7627"}],"wp:attachment":[{"href":"https:\/\/boreait.com\/fr\/wp-json\/wp\/v2\/media?parent=7571"}],"wp:term":[{"taxonomy":"product_brand","embeddable":true,"href":"https:\/\/boreait.com\/fr\/wp-json\/wp\/v2\/product_brand?post=7571"},{"taxonomy":"product_cat","embeddable":true,"href":"https:\/\/boreait.com\/fr\/wp-json\/wp\/v2\/product_cat?post=7571"},{"taxonomy":"product_tag","embeddable":true,"href":"https:\/\/boreait.com\/fr\/wp-json\/wp\/v2\/product_tag?post=7571"}],"curies":[{"name":"wp","href":"https:\/\/api.w.org\/{rel}","templated":true}]}}