{"id":7549,"date":"2025-09-15T14:15:11","date_gmt":"2025-09-15T12:15:11","guid":{"rendered":"https:\/\/boreait.com\/fr\/?post_type=product&#038;p=7549"},"modified":"2026-01-14T08:33:17","modified_gmt":"2026-01-14T07:33:17","slug":"carte-de-port-usb-vbl20-ls-9245p-pour-lecteur-de-carte-sd-audio-hp-zbook-15-g2-dorigine","status":"publish","type":"product","link":"https:\/\/boreait.com\/fr\/produit\/carte-de-port-usb-vbl20-ls-9245p-pour-lecteur-de-carte-sd-audio-hp-zbook-15-g2-dorigine\/","title":{"rendered":"Carte de port USB VBL20 LS-9245P pour lecteur de carte SD audio HP ZBook 15 G2 d&rsquo;origine"},"content":{"rendered":"<p>Cette carte est un composant HP d&rsquo;origine, garantissant compatibilit\u00e9 et fiabilit\u00e9 avec l&rsquo;ordinateur portable ZBook 15 G2. Con\u00e7ue pour r\u00e9pondre aux normes de qualit\u00e9 \u00e9lev\u00e9es de HP, elle garantit des performances optimales et une int\u00e9gration parfaite avec le syst\u00e8me interne de l&rsquo;ordinateur portable.<\/p>\n<p>La fonctionnalit\u00e9 audio permet de connecter un casque, des haut-parleurs ou d&rsquo;autres p\u00e9riph\u00e9riques audio pour profiter d&rsquo;un son de haute qualit\u00e9. Le lecteur de carte SD permet de transf\u00e9rer facilement des donn\u00e9es directement vers l&rsquo;ordinateur portable depuis des cartes SD, couramment utilis\u00e9es dans les appareils photo, les smartphones et autres appareils.<\/p>\n<p>De plus, les ports USB de cette carte offrent des options de connectivit\u00e9 suppl\u00e9mentaires, permettant de connecter divers p\u00e9riph\u00e9riques USB tels que des disques de stockage externes, des imprimantes, des claviers, des souris, etc. Cela am\u00e9liore la polyvalence de l&rsquo;ordinateur portable et \u00e9largit ses possibilit\u00e9s d&rsquo;utilisation.<\/p>\n<p>En r\u00e9sum\u00e9, la carte de port USB VBL20 LS-9245P pour lecteur de carte SD audio HP ZBook 15 G2 est un composant fiable et essentiel qui am\u00e9liore les fonctionnalit\u00e9s de l&rsquo;ordinateur portable HP ZBook 15 G2. Son audio int\u00e9gr\u00e9, son lecteur de carte SD et ses ports USB en font un ajout pratique et pratique pour les utilisateurs qui ont besoin d&rsquo;options de connectivit\u00e9 \u00e9tendues et de capacit\u00e9s de transfert de donn\u00e9es faciles.<\/p>\n","protected":false},"excerpt":{"rendered":"<p>La carte VBL20 LS-9245P d&rsquo;origine pour lecteur de carte SD audio et port USB du HP ZBook 15 G2 est un composant sp\u00e9cialis\u00e9 con\u00e7u sp\u00e9cifiquement pour le mod\u00e8le d&rsquo;ordinateur portable HP ZBook 15 G2. Elle offre de multiples fonctions, notamment des fonctions audio, un lecteur de carte SD et des ports USB, le tout int\u00e9gr\u00e9 sur une seule carte.<\/p>\n","protected":false},"featured_media":7618,"template":"","meta":[],"product_brand":[],"product_cat":[63],"product_tag":[61],"class_list":{"0":"post-7549","1":"product","2":"type-product","3":"status-publish","4":"has-post-thumbnail","6":"product_cat-motherboards-board-parts","7":"product_tag-hp","9":"first","10":"instock","11":"taxable","12":"shipping-taxable","13":"purchasable","14":"product-type-simple"},"_links":{"self":[{"href":"https:\/\/boreait.com\/fr\/wp-json\/wp\/v2\/product\/7549","targetHints":{"allow":["GET"]}}],"collection":[{"href":"https:\/\/boreait.com\/fr\/wp-json\/wp\/v2\/product"}],"about":[{"href":"https:\/\/boreait.com\/fr\/wp-json\/wp\/v2\/types\/product"}],"wp:featuredmedia":[{"embeddable":true,"href":"https:\/\/boreait.com\/fr\/wp-json\/wp\/v2\/media\/7618"}],"wp:attachment":[{"href":"https:\/\/boreait.com\/fr\/wp-json\/wp\/v2\/media?parent=7549"}],"wp:term":[{"taxonomy":"product_brand","embeddable":true,"href":"https:\/\/boreait.com\/fr\/wp-json\/wp\/v2\/product_brand?post=7549"},{"taxonomy":"product_cat","embeddable":true,"href":"https:\/\/boreait.com\/fr\/wp-json\/wp\/v2\/product_cat?post=7549"},{"taxonomy":"product_tag","embeddable":true,"href":"https:\/\/boreait.com\/fr\/wp-json\/wp\/v2\/product_tag?post=7549"}],"curies":[{"name":"wp","href":"https:\/\/api.w.org\/{rel}","templated":true}]}}