{"id":7546,"date":"2025-09-15T14:15:10","date_gmt":"2025-09-15T12:15:10","guid":{"rendered":"https:\/\/boreait.com\/fr\/?post_type=product&#038;p=7546"},"modified":"2025-09-15T14:15:56","modified_gmt":"2025-09-15T12:15:56","slug":"cache-charniere-dorigine-pour-ordinateur-portable-hp-zbook-15-g2-156-pouces-ec0tj000600","status":"publish","type":"product","link":"https:\/\/boreait.com\/fr\/produit\/cache-charniere-dorigine-pour-ordinateur-portable-hp-zbook-15-g2-156-pouces-ec0tj000600\/","title":{"rendered":"Cache charni\u00e8re d&rsquo;origine pour ordinateur portable HP ZBook 15 G2 15,6 pouces EC0TJ000600"},"content":{"rendered":"<p>Con\u00e7u avec pr\u00e9cision et durabilit\u00e9, ce cache-charni\u00e8re d&rsquo;origine pour ordinateur portable est fabriqu\u00e9 \u00e0 partir de mat\u00e9riaux haut de gamme pour une protection durable du m\u00e9canisme de charni\u00e8re de votre ordinateur portable. Il prot\u00e8ge les charni\u00e8res fragiles de la poussi\u00e8re, de la salet\u00e9 et des autres \u00e9l\u00e9ments externes, pr\u00e9servant ainsi le bon fonctionnement de votre ordinateur portable.<\/p>\n<p>Con\u00e7u pour s&rsquo;int\u00e9grer parfaitement \u00e0 l&rsquo;esth\u00e9tique \u00e9l\u00e9gante de votre HP ZBook 15 G2, ce cache-charni\u00e8re pr\u00e9serve l&rsquo;esth\u00e9tique g\u00e9n\u00e9rale de votre ordinateur portable. Son design subtil compl\u00e8te sa forme \u00e9l\u00e9gante, am\u00e9liorant son attrait visuel tout en offrant une protection fiable.<\/p>\n<p>Non seulement le cache-charni\u00e8re prot\u00e8ge le m\u00e9canisme de charni\u00e8re de votre ordinateur portable, mais il agit \u00e9galement comme une barri\u00e8re contre les dommages accidentels. Il emp\u00eache les objets de p\u00e9n\u00e9trer dans la zone de la charni\u00e8re, minimisant ainsi le risque d&rsquo;endommager les composants fragiles de votre ordinateur portable.<\/p>\n<p>Facile \u00e0 installer, ce cache-charni\u00e8re d&rsquo;origine est con\u00e7u pour une installation facile. Il suffit de l&rsquo;aligner avec la zone de la charni\u00e8re et de l&rsquo;enclencher. Son ajustement pr\u00e9cis assure une fixation s\u00fbre, vous permettant de profiter de la tranquillit\u00e9 d&rsquo;esprit de savoir que votre ordinateur portable est bien prot\u00e9g\u00e9.<\/p>\n<p>Investissez dans le cache de charni\u00e8re d&rsquo;origine pour ordinateur portable HP ZBook 15 G2 15,6&Prime; EC0TJ000600 et profitez d&rsquo;une durabilit\u00e9, d&rsquo;une protection et d&rsquo;une esth\u00e9tique am\u00e9lior\u00e9es pour votre pr\u00e9cieux ordinateur portable HP ZBook 15 G2.<\/p>\n","protected":false},"excerpt":{"rendered":"<p>D\u00e9couvrez le cache charni\u00e8re d&rsquo;origine pour ordinateur portable HP ZBook 15 G2 15,6&Prime; EC0TJ000600, un accessoire indispensable pour votre ordinateur portable HP ZBook 15 G2. Ce cache charni\u00e8re de haute qualit\u00e9 est sp\u00e9cialement con\u00e7u pour s&rsquo;adapter parfaitement \u00e0 votre appareil.<\/p>\n","protected":false},"featured_media":7595,"template":"","meta":[],"product_brand":[],"product_cat":[52],"product_tag":[61],"class_list":{"0":"post-7546","1":"product","2":"type-product","3":"status-publish","4":"has-post-thumbnail","6":"product_cat-laptop-housing","7":"product_tag-hp","9":"first","10":"instock","11":"taxable","12":"shipping-taxable","13":"purchasable","14":"product-type-simple"},"_links":{"self":[{"href":"https:\/\/boreait.com\/fr\/wp-json\/wp\/v2\/product\/7546","targetHints":{"allow":["GET"]}}],"collection":[{"href":"https:\/\/boreait.com\/fr\/wp-json\/wp\/v2\/product"}],"about":[{"href":"https:\/\/boreait.com\/fr\/wp-json\/wp\/v2\/types\/product"}],"wp:featuredmedia":[{"embeddable":true,"href":"https:\/\/boreait.com\/fr\/wp-json\/wp\/v2\/media\/7595"}],"wp:attachment":[{"href":"https:\/\/boreait.com\/fr\/wp-json\/wp\/v2\/media?parent=7546"}],"wp:term":[{"taxonomy":"product_brand","embeddable":true,"href":"https:\/\/boreait.com\/fr\/wp-json\/wp\/v2\/product_brand?post=7546"},{"taxonomy":"product_cat","embeddable":true,"href":"https:\/\/boreait.com\/fr\/wp-json\/wp\/v2\/product_cat?post=7546"},{"taxonomy":"product_tag","embeddable":true,"href":"https:\/\/boreait.com\/fr\/wp-json\/wp\/v2\/product_tag?post=7546"}],"curies":[{"name":"wp","href":"https:\/\/api.w.org\/{rel}","templated":true}]}}