{"id":7525,"date":"2025-09-15T14:14:42","date_gmt":"2025-09-15T12:14:42","guid":{"rendered":"https:\/\/boreait.com\/fr\/?post_type=product&#038;p=7525"},"modified":"2026-01-14T08:32:57","modified_gmt":"2026-01-14T07:32:57","slug":"carte-reseau-sans-fil-intel-ultimate-n-6300-mini-pci-e-wi-fi-633anhmw","status":"publish","type":"product","link":"https:\/\/boreait.com\/fr\/produit\/carte-reseau-sans-fil-intel-ultimate-n-6300-mini-pci-e-wi-fi-633anhmw\/","title":{"rendered":"Carte r\u00e9seau sans fil Intel Ultimate-n 6300 Mini PCI-E Wi-Fi 633anhmw"},"content":{"rendered":"<div class=\"group w-full text-gray-800 dark:text-gray-100 border-b border-black\/10 dark:border-gray-900\/50 bg-gray-50 dark:bg-[#444654]\">\n<div class=\"flex p-4 gap-4 text-base md:gap-6 md:max-w-2xl lg:max-w-[38rem] xl:max-w-3xl md:py-6 lg:px-0 m-auto\">\n<div class=\"relative flex w-[calc(100%-50px)] flex-col gap-1 md:gap-3 lg:w-[calc(100%-115px)]\">\n<div class=\"flex flex-grow flex-col gap-3\">\n<div class=\"min-h-[20px] flex flex-col items-start gap-4 whitespace-pre-wrap break-words\">\n<div class=\"markdown prose w-full break-words dark:prose-invert light\">\n<p>La carte 633ANHMW utilise le format PCI Express Mini Card, un format compact couramment utilis\u00e9 sur les ordinateurs portables pour la connectivit\u00e9 sans fil. Compatible avec les normes IEEE 802.11a\/b\/g\/n, elle offre une connectivit\u00e9 sans fil fiable et r\u00e9trocompatible avec les anciennes normes Wi-Fi.<\/p>\n<p>La carte Intel Ultimate-N 6300 prend en charge trois flux spatiaux et fonctionne sur les bandes de fr\u00e9quences 2,4 GHz et 5 GHz, offrant des vitesses de transfert de donn\u00e9es et une qualit\u00e9 de signal am\u00e9lior\u00e9es. Gr\u00e2ce \u00e0 sa technologie MIMO (entr\u00e9es multiples, sorties multiples), elle offre des connexions sans fil plus rapides et plus fiables, r\u00e9duisant ainsi les risques d&rsquo;interf\u00e9rences et de pertes de paquets. <\/p>\n<p>Dot\u00e9e de la technologie sans fil avanc\u00e9e d&rsquo;Intel, la carte Intel Ultimate-N 6300 prend en charge des d\u00e9bits sans fil allant jusqu&rsquo;\u00e0 450 Mbit\/s, permettant un streaming fluide, des jeux en ligne et des t\u00e2ches gourmandes en donn\u00e9es. Elle prend \u00e9galement en charge diverses fonctionnalit\u00e9s de s\u00e9curit\u00e9, notamment le chiffrement WPA et WPA2, garantissant des communications sans fil s\u00e9curis\u00e9es.<\/p>\n<p>La carte 633ANHMW est r\u00e9put\u00e9e pour ses performances et sa stabilit\u00e9 robustes, ce qui la rend id\u00e9ale pour les applications et sc\u00e9narios exigeants o\u00f9 une connexion sans fil fiable est essentielle. Elle est pl\u00e9biscit\u00e9e par les utilisateurs qui recherchent une connectivit\u00e9 sans fil haut d\u00e9bit et fiable pour leurs ordinateurs portables ou leurs appareils compacts.<\/p>\n<p>Globalement, la carte r\u00e9seau sans fil Intel Ultimate-N 6300 Mini PCI-E Wi-Fi (633ANHMW) offre d&rsquo;excellentes performances sans fil, des fonctionnalit\u00e9s avanc\u00e9es et une connectivit\u00e9 fiable, ce qui en fait le choix id\u00e9al pour ceux qui recherchent une mise \u00e0 niveau ou un remplacement de leur carte r\u00e9seau sans fil actuelle. <\/p>\n<\/div>\n<\/div>\n<\/div>\n<\/div>\n<\/div>\n<\/div>\n","protected":false},"excerpt":{"rendered":"<p>La carte r\u00e9seau sans fil Intel Ultimate-N 6300 Mini PCI-E Wi-Fi (633ANHMW) est une carte r\u00e9seau sans fil hautes performances con\u00e7ue pour les ordinateurs portables et les appareils compacts. Elle est fabriqu\u00e9e par Intel, une entreprise technologique renomm\u00e9e pour ses composants informatiques de haute qualit\u00e9.<\/p>\n","protected":false},"featured_media":7588,"template":"","meta":[],"product_brand":[],"product_cat":[63],"product_tag":[],"class_list":{"0":"post-7525","1":"product","2":"type-product","3":"status-publish","4":"has-post-thumbnail","6":"product_cat-motherboards-board-parts","8":"first","9":"instock","10":"taxable","11":"shipping-taxable","12":"purchasable","13":"product-type-simple"},"_links":{"self":[{"href":"https:\/\/boreait.com\/fr\/wp-json\/wp\/v2\/product\/7525","targetHints":{"allow":["GET"]}}],"collection":[{"href":"https:\/\/boreait.com\/fr\/wp-json\/wp\/v2\/product"}],"about":[{"href":"https:\/\/boreait.com\/fr\/wp-json\/wp\/v2\/types\/product"}],"wp:featuredmedia":[{"embeddable":true,"href":"https:\/\/boreait.com\/fr\/wp-json\/wp\/v2\/media\/7588"}],"wp:attachment":[{"href":"https:\/\/boreait.com\/fr\/wp-json\/wp\/v2\/media?parent=7525"}],"wp:term":[{"taxonomy":"product_brand","embeddable":true,"href":"https:\/\/boreait.com\/fr\/wp-json\/wp\/v2\/product_brand?post=7525"},{"taxonomy":"product_cat","embeddable":true,"href":"https:\/\/boreait.com\/fr\/wp-json\/wp\/v2\/product_cat?post=7525"},{"taxonomy":"product_tag","embeddable":true,"href":"https:\/\/boreait.com\/fr\/wp-json\/wp\/v2\/product_tag?post=7525"}],"curies":[{"name":"wp","href":"https:\/\/api.w.org\/{rel}","templated":true}]}}