{"id":7495,"date":"2025-09-15T14:13:51","date_gmt":"2025-09-15T12:13:51","guid":{"rendered":"https:\/\/boreait.com\/fr\/?post_type=product&#038;p=7495"},"modified":"2026-01-14T08:31:38","modified_gmt":"2026-01-14T07:31:38","slug":"module-reseau-sans-fil-3g-hp-huawei-mu736-748599-001","status":"publish","type":"product","link":"https:\/\/boreait.com\/fr\/produit\/module-reseau-sans-fil-3g-hp-huawei-mu736-748599-001\/","title":{"rendered":"Module r\u00e9seau sans fil 3G HP Huawei MU736 748599-001"},"content":{"rendered":"<p>Ce module r\u00e9seau prend en charge la connectivit\u00e9 3G, qui permet une transmission de donn\u00e9es sans fil fiable et relativement rapide. Il permet d&rsquo;\u00e9tablir des connexions aux r\u00e9seaux cellulaires, permettant ainsi aux appareils d&rsquo;acc\u00e9der \u00e0 Internet ou de communiquer \u00e0 distance.<\/p>\n<p>Ce module est con\u00e7u pour \u00eatre int\u00e9gr\u00e9 aux appareils HP compatibles, tels que les ordinateurs portables ou les tablettes, et leur offre ainsi une connectivit\u00e9 sans fil int\u00e9gr\u00e9e. Il offre une solution pratique aux utilisateurs qui ont besoin d&rsquo;acc\u00e9der aux donn\u00e9es mobiles sur leurs appareils HP sans avoir recours \u00e0 des modems ou des cl\u00e9s externes.<\/p>\n<p>Le module r\u00e9seau sans fil 3G HP Huawei MU736 748599-001 est une solution extr\u00eamement fiable et efficace pour les utilisateurs qui souhaitent rester connect\u00e9s en d\u00e9placement. Sa taille compacte et sa compatibilit\u00e9 avec les appareils HP en font une option pratique pour les personnes qui utilisent la connectivit\u00e9 sans fil pour leur travail ou leur usage personnel.<\/p>\n","protected":false},"excerpt":{"rendered":"<p>Le module r\u00e9seau sans fil 3G HP Huawei MU736 748599-001 est un module compact et polyvalent con\u00e7u pour fournir une connectivit\u00e9 sans fil aux appareils HP compatibles. Il est fabriqu\u00e9 par Huawei, fabricant reconnu d&rsquo;\u00e9quipements de t\u00e9l\u00e9communications et d&rsquo;\u00e9lectronique grand public.<\/p>\n","protected":false},"featured_media":7573,"template":"","meta":[],"product_brand":[],"product_cat":[63],"product_tag":[61],"class_list":{"0":"post-7495","1":"product","2":"type-product","3":"status-publish","4":"has-post-thumbnail","6":"product_cat-motherboards-board-parts","7":"product_tag-hp","9":"first","10":"instock","11":"taxable","12":"shipping-taxable","13":"purchasable","14":"product-type-simple"},"_links":{"self":[{"href":"https:\/\/boreait.com\/fr\/wp-json\/wp\/v2\/product\/7495","targetHints":{"allow":["GET"]}}],"collection":[{"href":"https:\/\/boreait.com\/fr\/wp-json\/wp\/v2\/product"}],"about":[{"href":"https:\/\/boreait.com\/fr\/wp-json\/wp\/v2\/types\/product"}],"wp:featuredmedia":[{"embeddable":true,"href":"https:\/\/boreait.com\/fr\/wp-json\/wp\/v2\/media\/7573"}],"wp:attachment":[{"href":"https:\/\/boreait.com\/fr\/wp-json\/wp\/v2\/media?parent=7495"}],"wp:term":[{"taxonomy":"product_brand","embeddable":true,"href":"https:\/\/boreait.com\/fr\/wp-json\/wp\/v2\/product_brand?post=7495"},{"taxonomy":"product_cat","embeddable":true,"href":"https:\/\/boreait.com\/fr\/wp-json\/wp\/v2\/product_cat?post=7495"},{"taxonomy":"product_tag","embeddable":true,"href":"https:\/\/boreait.com\/fr\/wp-json\/wp\/v2\/product_tag?post=7495"}],"curies":[{"name":"wp","href":"https:\/\/api.w.org\/{rel}","templated":true}]}}