{"id":7492,"date":"2025-09-15T14:13:51","date_gmt":"2025-09-15T12:13:51","guid":{"rendered":"https:\/\/boreait.com\/fr\/?post_type=product&#038;p=7492"},"modified":"2025-09-15T14:15:29","modified_gmt":"2025-09-15T12:15:29","slug":"carte-de-lecteur-dempreintes-digitales-avec-cable-pour-lenovo-thinkpad-t440p-0c45850","status":"publish","type":"product","link":"https:\/\/boreait.com\/fr\/produit\/carte-de-lecteur-dempreintes-digitales-avec-cable-pour-lenovo-thinkpad-t440p-0c45850\/","title":{"rendered":"Carte de lecteur d&#8217;empreintes digitales avec c\u00e2ble pour Lenovo ThinkPad T440p 0C45850"},"content":{"rendered":"<p>Cette carte de lecteur d&#8217;empreintes digitales est fournie avec un c\u00e2ble permettant de la connecter \u00e0 la carte m\u00e8re de l&rsquo;ordinateur portable. Ce c\u00e2ble permet le transfert de donn\u00e9es et d&rsquo;alimentation entre la carte de lecteur d&#8217;empreintes digitales et le syst\u00e8me principal de l&rsquo;ordinateur portable.<\/p>\n<p>La carte de lecteur d&#8217;empreintes digitales renforce la s\u00e9curit\u00e9 de l&rsquo;ordinateur portable gr\u00e2ce \u00e0 l&rsquo;authentification par empreinte digitale. Elle permet aux utilisateurs de se connecter \u00e0 leur syst\u00e8me ou d&rsquo;effectuer des actions s\u00e9curis\u00e9es en pla\u00e7ant simplement leur doigt sur le capteur d&#8217;empreintes digitales. La carte capture les empreintes digitales uniques de l&rsquo;utilisateur et les compare aux donn\u00e9es enregistr\u00e9es pour autoriser ou refuser l&rsquo;acc\u00e8s.<\/p>\n<p>La carte de lecteur d&#8217;empreintes digitales avec c\u00e2ble pour Lenovo ThinkPad T440p (0C45850) est une pi\u00e8ce d&rsquo;origine Lenovo sp\u00e9cialement con\u00e7ue pour le mod\u00e8le d&rsquo;ordinateur portable ThinkPad T440p. Cet accessoire optionnel peut \u00eatre ajout\u00e9 \u00e0 l&rsquo;ordinateur portable si n\u00e9cessaire, offrant ainsi une s\u00e9curit\u00e9 et un confort accrus aux utilisateurs.<\/p>\n","protected":false},"excerpt":{"rendered":"<p>La carte lecteur d&#8217;empreintes digitales avec c\u00e2ble pour Lenovo ThinkPad T440p (r\u00e9f\u00e9rence 0C45850) est un composant con\u00e7u pour l&rsquo;ordinateur portable Lenovo ThinkPad T440p. La carte lecteur d&#8217;empreintes digitales est un petit circuit imprim\u00e9 qui int\u00e8gre la technologie d&rsquo;authentification biom\u00e9trique de l&rsquo;ordinateur portable.<\/p>\n","protected":false},"featured_media":7560,"template":"","meta":[],"product_brand":[],"product_cat":[63],"product_tag":[62],"class_list":{"0":"post-7492","1":"product","2":"type-product","3":"status-publish","4":"has-post-thumbnail","6":"product_cat-motherboards-board-parts","7":"product_tag-lenovo","9":"first","10":"instock","11":"taxable","12":"shipping-taxable","13":"purchasable","14":"product-type-simple"},"_links":{"self":[{"href":"https:\/\/boreait.com\/fr\/wp-json\/wp\/v2\/product\/7492","targetHints":{"allow":["GET"]}}],"collection":[{"href":"https:\/\/boreait.com\/fr\/wp-json\/wp\/v2\/product"}],"about":[{"href":"https:\/\/boreait.com\/fr\/wp-json\/wp\/v2\/types\/product"}],"wp:featuredmedia":[{"embeddable":true,"href":"https:\/\/boreait.com\/fr\/wp-json\/wp\/v2\/media\/7560"}],"wp:attachment":[{"href":"https:\/\/boreait.com\/fr\/wp-json\/wp\/v2\/media?parent=7492"}],"wp:term":[{"taxonomy":"product_brand","embeddable":true,"href":"https:\/\/boreait.com\/fr\/wp-json\/wp\/v2\/product_brand?post=7492"},{"taxonomy":"product_cat","embeddable":true,"href":"https:\/\/boreait.com\/fr\/wp-json\/wp\/v2\/product_cat?post=7492"},{"taxonomy":"product_tag","embeddable":true,"href":"https:\/\/boreait.com\/fr\/wp-json\/wp\/v2\/product_tag?post=7492"}],"curies":[{"name":"wp","href":"https:\/\/api.w.org\/{rel}","templated":true}]}}