{"id":7479,"date":"2025-09-15T14:13:25","date_gmt":"2025-09-15T12:13:25","guid":{"rendered":"https:\/\/boreait.com\/fr\/?post_type=product&#038;p=7479"},"modified":"2026-01-14T08:30:59","modified_gmt":"2026-01-14T07:30:59","slug":"memoire-ram-4-go-pour-ordinateur-portable-samsung-pc3l-12800s-m471b5173qh0-pour-hp-dell-sony","status":"publish","type":"product","link":"https:\/\/boreait.com\/fr\/produit\/memoire-ram-4-go-pour-ordinateur-portable-samsung-pc3l-12800s-m471b5173qh0-pour-hp-dell-sony\/","title":{"rendered":"M\u00e9moire RAM 4 Go pour ordinateur portable Samsung PC3L-12800S (M471B5173QH0) pour HP, Dell, Sony"},"content":{"rendered":"<div class=\"flex-1 overflow-hidden\">\n<div class=\"react-scroll-to-bottom--css-yocrx-79elbk h-full dark:bg-gray-800\">\n<div class=\"react-scroll-to-bottom--css-yocrx-1n7m0yu\">\n<div class=\"flex flex-col text-sm dark:bg-gray-800\">\n<div class=\"group w-full text-gray-800 dark:text-gray-100 border-b border-black\/10 dark:border-gray-900\/50 bg-gray-50 dark:bg-[#444654]\">\n<div class=\"flex p-4 gap-4 text-base md:gap-6 md:max-w-2xl lg:max-w-[38rem] xl:max-w-3xl md:py-6 lg:px-0 m-auto\">\n<div class=\"relative flex w-[calc(100%-50px)] flex-col gap-1 md:gap-3 lg:w-[calc(100%-115px)]\">\n<div class=\"flex flex-grow flex-col gap-3\">\n<div class=\"min-h-[20px] flex flex-col items-start gap-4 whitespace-pre-wrap break-words\">\n<div class=\"markdown prose w-full break-words dark:prose-invert light\">\n<p>Le module de m\u00e9moire RAM OEM Samsung PC3L-12800S de 4 Go pour ordinateur portable, mod\u00e8le M471B5173QH0, est con\u00e7u pour am\u00e9liorer les performances et la vitesse de votre ordinateur portable. Sa capacit\u00e9 de 4 Go offre un espace suffisant pour le multit\u00e2che et l&rsquo;ex\u00e9cution d&rsquo;applications gourmandes en m\u00e9moire. La sp\u00e9cification PC3L-12800S d\u00e9signe un module SDRAM DDR3L basse tension fonctionnant \u00e0 une fr\u00e9quence de 1600 MHz.<\/p>\n<p>Ce module m\u00e9moire est sp\u00e9cialement con\u00e7u pour les ordinateurs portables et est compatible avec une large gamme de syst\u00e8mes. Son format compact et sa conception efficace garantissent une installation facile et des performances optimales. Gr\u00e2ce \u00e0 la norme PC3L-12800S, ce module RAM offre une meilleure efficacit\u00e9 \u00e9nerg\u00e9tique, r\u00e9duisant la consommation d&rsquo;\u00e9nergie et la production de chaleur.<\/p>\n<p>Le module M471B5173QH0 est un produit Samsung, fabricant renomm\u00e9 pour ses solutions m\u00e9moire fiables et de haute qualit\u00e9. Il est soumis \u00e0 des tests et \u00e0 des contr\u00f4les qualit\u00e9 rigoureux pour garantir sa stabilit\u00e9 et sa compatibilit\u00e9 avec diff\u00e9rents mod\u00e8les d&rsquo;ordinateurs portables.<\/p>\n<p>Mettez \u00e0 niveau la m\u00e9moire de votre ordinateur portable avec le module m\u00e9moire RAM Samsung PC3L-12800S OEM de 4 Go pour ordinateur portable et b\u00e9n\u00e9ficiez d&rsquo;un traitement des donn\u00e9es plus rapide, d&rsquo;un multit\u00e2che plus fluide et de performances syst\u00e8me am\u00e9lior\u00e9es.<\/p>\n<\/div>\n<\/div>\n<\/div>\n<div class=\"flex justify-between lg:block\">\n<div class=\"text-gray-400 flex self-end lg:self-center justify-center mt-2 gap-2 md:gap-3 lg:gap-1 lg:absolute lg:top-0 lg:translate-x-full lg:right-0 lg:mt-0 lg:pl-2 visible\">\n<p>&nbsp;<\/p>\n<div class=\"flex gap-1\"><\/div>\n<\/div>\n<\/div>\n<\/div>\n<\/div>\n<\/div>\n<div class=\"h-32 md:h-48 flex-shrink-0\"><\/div>\n<\/div>\n<p>&nbsp; <\/p>\n<\/div>\n<\/div>\n<\/div>\n<div class=\"absolu bas-0 gauche-0 w-plein bordure-t md:border-t-0 fonc\u00e9:bordure-blanc\/20 md:bordure-transparent md:dark:bordure-transparent md:bg-vert-clair-gradient bg-blanc fonc\u00e9:bg-gris-800 md:!bg-transparent fonc\u00e9:md:bg-vert-fonc\u00e9-gradient pt-2 md:-gauche-2\">\n<div class=\"relative flex h-plein flex-1 \u00e9l\u00e9ments-\u00e9tirement md:flex-col\" role=\"pr\u00e9sentation\">\n<div class=\"\">\n<div class=\"h-plein flex ml-1 md:w-plein md:m-auto md:mb-2 espace-0 md:gap-2 justifier-centre\">\n<div class=\"flex w-plein espace-2 \u00e9l\u00e9ments-centre justify-center\">R\u00e9g\u00e9n\u00e9rer la r\u00e9ponse<\/div>\n<\/div>\n<\/div>\n<\/div>\n<\/div>\n","protected":false},"excerpt":{"rendered":"<p>Le module de m\u00e9moire RAM pour ordinateur portable OEM 4 Go Samsung PC3L-12800S avec le num\u00e9ro de mod\u00e8le M471B5173QH0 est un type sp\u00e9cifique de module RAM fabriqu\u00e9 par Samsung.<\/p>\n","protected":false},"featured_media":7554,"template":"","meta":[],"product_brand":[],"product_cat":[73,72],"product_tag":[],"class_list":{"0":"post-7479","1":"product","2":"type-product","3":"status-publish","4":"has-post-thumbnail","6":"product_cat-ddr3-ddr3l","7":"product_cat-ram-memory","9":"first","10":"instock","11":"taxable","12":"shipping-taxable","13":"purchasable","14":"product-type-simple"},"_links":{"self":[{"href":"https:\/\/boreait.com\/fr\/wp-json\/wp\/v2\/product\/7479","targetHints":{"allow":["GET"]}}],"collection":[{"href":"https:\/\/boreait.com\/fr\/wp-json\/wp\/v2\/product"}],"about":[{"href":"https:\/\/boreait.com\/fr\/wp-json\/wp\/v2\/types\/product"}],"wp:featuredmedia":[{"embeddable":true,"href":"https:\/\/boreait.com\/fr\/wp-json\/wp\/v2\/media\/7554"}],"wp:attachment":[{"href":"https:\/\/boreait.com\/fr\/wp-json\/wp\/v2\/media?parent=7479"}],"wp:term":[{"taxonomy":"product_brand","embeddable":true,"href":"https:\/\/boreait.com\/fr\/wp-json\/wp\/v2\/product_brand?post=7479"},{"taxonomy":"product_cat","embeddable":true,"href":"https:\/\/boreait.com\/fr\/wp-json\/wp\/v2\/product_cat?post=7479"},{"taxonomy":"product_tag","embeddable":true,"href":"https:\/\/boreait.com\/fr\/wp-json\/wp\/v2\/product_tag?post=7479"}],"curies":[{"name":"wp","href":"https:\/\/api.w.org\/{rel}","templated":true}]}}