{"id":7477,"date":"2025-09-15T14:13:24","date_gmt":"2025-09-15T12:13:24","guid":{"rendered":"https:\/\/boreait.com\/fr\/?post_type=product&#038;p=7477"},"modified":"2026-01-14T08:30:42","modified_gmt":"2026-01-14T07:30:42","slug":"prise-dalimentation-cc-dorigine-fujitsu-lifebook-e734-133-avec-3-cables-cc-a-4-broches","status":"publish","type":"product","link":"https:\/\/boreait.com\/fr\/produit\/prise-dalimentation-cc-dorigine-fujitsu-lifebook-e734-133-avec-3-cables-cc-a-4-broches\/","title":{"rendered":"Prise d&rsquo;alimentation CC d&rsquo;origine Fujitsu Lifebook E734 13,3&Prime; avec 3 c\u00e2bles CC \u00e0 4 broches"},"content":{"rendered":"<p>Le syst\u00e8me d&rsquo;alimentation par prise CC est m\u00e9ticuleusement con\u00e7u, refl\u00e9tant l&rsquo;engagement de Fujitsu en mati\u00e8re de qualit\u00e9 et de durabilit\u00e9. Les trois c\u00e2bles assurent une distribution \u00e9lectrique optimale, minimisant les fluctuations de tension potentielles et garantissant des performances stables pendant les p\u00e9riodes d&rsquo;utilisation prolong\u00e9es.<\/p>\n<p>Gr\u00e2ce \u00e0 sa configuration \u00e0 quatre broches, le syst\u00e8me d&rsquo;alimentation par prise CC assure une connexion s\u00fbre et robuste, r\u00e9duisant ainsi le risque de d\u00e9connexion accidentelle. Cette fonctionnalit\u00e9 est particuli\u00e8rement importante pour les personnes constamment en d\u00e9placement, car elle garantit une alimentation \u00e9lectrique ininterrompue, m\u00eame en cas d&rsquo;urgence.<\/p>\n<p>La conception soign\u00e9e du syst\u00e8me d&rsquo;alimentation par prise CC illustre le souci du d\u00e9tail de Fujitsu, permettant aux utilisateurs du Lifebook E734 de se concentrer sur leurs t\u00e2ches sans \u00eatre distraits par l&rsquo;alimentation. Que vous soyez un professionnel travaillant sur des projets critiques ou un \u00e9tudiant prenant des notes pendant ses cours, le syst\u00e8me d&rsquo;alimentation de cet ordinateur portable offre fiabilit\u00e9 et tranquillit\u00e9 d&rsquo;esprit, ce qui en fait un excellent choix pour ceux qui recherchent une exp\u00e9rience informatique fluide.<\/p>\n","protected":false},"excerpt":{"rendered":"<p>Le Fujitsu Lifebook E734 13,3&Prime; original est un ordinateur portable \u00e9l\u00e9gant et puissant, con\u00e7u pour r\u00e9pondre aux exigences des professionnels modernes. L&rsquo;une de ses caract\u00e9ristiques les plus remarquables est son alimentation par prise CC avec trois c\u00e2bles et une configuration \u00e0 quatre broches. Cette configuration unique garantit une alimentation fiable et efficace, permettant aux utilisateurs de travailler en toute fluidit\u00e9 sans se soucier de l&rsquo;autonomie de la batterie.<\/p>\n","protected":false},"featured_media":7550,"template":"","meta":[],"product_brand":[],"product_cat":[56],"product_tag":[64],"class_list":{"0":"post-7477","1":"product","2":"type-product","3":"status-publish","4":"has-post-thumbnail","6":"product_cat-cables","7":"product_tag-fujitsu","9":"first","10":"instock","11":"taxable","12":"shipping-taxable","13":"purchasable","14":"product-type-simple"},"_links":{"self":[{"href":"https:\/\/boreait.com\/fr\/wp-json\/wp\/v2\/product\/7477","targetHints":{"allow":["GET"]}}],"collection":[{"href":"https:\/\/boreait.com\/fr\/wp-json\/wp\/v2\/product"}],"about":[{"href":"https:\/\/boreait.com\/fr\/wp-json\/wp\/v2\/types\/product"}],"wp:featuredmedia":[{"embeddable":true,"href":"https:\/\/boreait.com\/fr\/wp-json\/wp\/v2\/media\/7550"}],"wp:attachment":[{"href":"https:\/\/boreait.com\/fr\/wp-json\/wp\/v2\/media?parent=7477"}],"wp:term":[{"taxonomy":"product_brand","embeddable":true,"href":"https:\/\/boreait.com\/fr\/wp-json\/wp\/v2\/product_brand?post=7477"},{"taxonomy":"product_cat","embeddable":true,"href":"https:\/\/boreait.com\/fr\/wp-json\/wp\/v2\/product_cat?post=7477"},{"taxonomy":"product_tag","embeddable":true,"href":"https:\/\/boreait.com\/fr\/wp-json\/wp\/v2\/product_tag?post=7477"}],"curies":[{"name":"wp","href":"https:\/\/api.w.org\/{rel}","templated":true}]}}