{"id":7476,"date":"2025-09-15T14:13:24","date_gmt":"2025-09-15T12:13:24","guid":{"rendered":"https:\/\/boreait.com\/fr\/?post_type=product&#038;p=7476"},"modified":"2025-09-15T14:15:07","modified_gmt":"2025-09-15T12:15:07","slug":"cable-decran-lcd-sbb0j08711-pour-lenovo-thinkpad-t460s","status":"publish","type":"product","link":"https:\/\/boreait.com\/fr\/produit\/cable-decran-lcd-sbb0j08711-pour-lenovo-thinkpad-t460s\/","title":{"rendered":"C\u00e2ble d&rsquo;\u00e9cran LCD SBB0J08711 pour Lenovo ThinkPad T460s"},"content":{"rendered":"<div class=\"flex-1 overflow-hidden\">\n<div class=\"react-scroll-to-bottom--css-setzj-79elbk h-full dark:bg-gray-800\">\n<div class=\"react-scroll-to-bottom--css-setzj-1n7m0yu\">\n<div class=\"flex flex-col text-sm dark:bg-gray-800\">\n<div class=\"group w-full text-gray-800 dark:text-gray-100 border-b border-black\/10 dark:border-gray-900\/50 bg-gray-50 dark:bg-[#444654]\">\n<div class=\"flex p-4 gap-4 text-base md:gap-6 md:max-w-2xl lg:max-w-[38rem] xl:max-w-3xl md:py-6 lg:px-0 m-auto\">\n<div class=\"relative flex w-[calc(100%-50px)] flex-col gap-1 md:gap-3 lg:w-[calc(100%-115px)]\">\n<div class=\"flex flex-grow flex-col gap-3\">\n<div class=\"min-h-[20px] flex flex-col items-start gap-4 whitespace-pre-wrap break-words\">\n<div class=\"markdown prose w-full break-words dark:prose-invert light\">\n<p>Le c\u00e2ble est un composant essentiel au bon fonctionnement de l&rsquo;\u00e9cran de l&rsquo;ordinateur portable. Il transmet le signal vid\u00e9o de la carte graphique ou du chipset graphique int\u00e9gr\u00e9 \u00e0 l&rsquo;\u00e9cran LCD, vous permettant ainsi de visualiser des images, des vid\u00e9os et d&rsquo;autres contenus visuels \u00e0 l&rsquo;\u00e9cran. <\/p>\n<p>Le c\u00e2ble d&rsquo;\u00e9cran LCD SBB0J08711 est sp\u00e9cialement con\u00e7u pour le ThinkPad T460s, garantissant une compatibilit\u00e9 et des performances optimales. Fabriqu\u00e9 avec des mat\u00e9riaux de haute qualit\u00e9 et une construction pr\u00e9cise, il assure une connexion fiable et durable entre la carte m\u00e8re et l&rsquo;\u00e9cran.<\/p>\n<p>Si vous rencontrez des probl\u00e8mes d&rsquo;affichage sur votre ThinkPad T460s, tels qu&rsquo;un \u00e9cran qui scintille, une absence d&rsquo;affichage ou des images d\u00e9form\u00e9es, le c\u00e2ble de l&rsquo;\u00e9cran LCD peut en \u00eatre la cause. Dans ce cas, le remplacement du c\u00e2ble par un c\u00e2ble compatible comme le SBB0J08711 peut r\u00e9soudre le probl\u00e8me et restaurer le bon fonctionnement de l&rsquo;\u00e9cran de votre ordinateur portable.<\/p>\n<p>Si vous n&rsquo;\u00eates pas familiaris\u00e9 avec le mat\u00e9riel et la r\u00e9paration d&rsquo;ordinateurs portables, il est recommand\u00e9 de faire appel \u00e0 un professionnel pour remplacer le c\u00e2ble de l&rsquo;\u00e9cran LCD afin d&rsquo;\u00e9viter tout dommage potentiel \u00e0 l&rsquo;ordinateur ou \u00e0 ses composants. <\/p>\n<\/div>\n<\/div>\n<\/div>\n<\/div>\n<\/div>\n<\/div>\n<\/div>\n<\/div>\n<\/div>\n<\/div>\n","protected":false},"excerpt":{"rendered":"<p>Le c\u00e2ble d&rsquo;\u00e9cran LCD SBB0J08711 est sp\u00e9cialement con\u00e7u pour l&rsquo;ordinateur portable Lenovo ThinkPad T460s. Il relie la carte m\u00e8re de l&rsquo;ordinateur portable \u00e0 son \u00e9cran LCD, transmettant le signal vid\u00e9o et l&rsquo;alimentation n\u00e9cessaires \u00e0 l&rsquo;affichage des images et des graphiques.<\/p>\n","protected":false},"featured_media":7541,"template":"","meta":[],"product_brand":[],"product_cat":[56],"product_tag":[],"class_list":{"0":"post-7476","1":"product","2":"type-product","3":"status-publish","4":"has-post-thumbnail","6":"product_cat-cables","8":"first","9":"instock","10":"taxable","11":"shipping-taxable","12":"purchasable","13":"product-type-simple"},"_links":{"self":[{"href":"https:\/\/boreait.com\/fr\/wp-json\/wp\/v2\/product\/7476","targetHints":{"allow":["GET"]}}],"collection":[{"href":"https:\/\/boreait.com\/fr\/wp-json\/wp\/v2\/product"}],"about":[{"href":"https:\/\/boreait.com\/fr\/wp-json\/wp\/v2\/types\/product"}],"wp:featuredmedia":[{"embeddable":true,"href":"https:\/\/boreait.com\/fr\/wp-json\/wp\/v2\/media\/7541"}],"wp:attachment":[{"href":"https:\/\/boreait.com\/fr\/wp-json\/wp\/v2\/media?parent=7476"}],"wp:term":[{"taxonomy":"product_brand","embeddable":true,"href":"https:\/\/boreait.com\/fr\/wp-json\/wp\/v2\/product_brand?post=7476"},{"taxonomy":"product_cat","embeddable":true,"href":"https:\/\/boreait.com\/fr\/wp-json\/wp\/v2\/product_cat?post=7476"},{"taxonomy":"product_tag","embeddable":true,"href":"https:\/\/boreait.com\/fr\/wp-json\/wp\/v2\/product_tag?post=7476"}],"curies":[{"name":"wp","href":"https:\/\/api.w.org\/{rel}","templated":true}]}}