{"id":7475,"date":"2025-09-15T14:13:24","date_gmt":"2025-09-15T12:13:24","guid":{"rendered":"https:\/\/boreait.com\/fr\/?post_type=product&#038;p=7475"},"modified":"2025-09-15T14:15:00","modified_gmt":"2025-09-15T12:15:00","slug":"haut-parleurs-dorigine-fujitsu-lifebook-e736-g-d-cp629840-02","status":"publish","type":"product","link":"https:\/\/boreait.com\/fr\/produit\/haut-parleurs-dorigine-fujitsu-lifebook-e736-g-d-cp629840-02\/","title":{"rendered":"Haut-parleurs d&rsquo;origine Fujitsu Lifebook E736 G\/D CP629840-02"},"content":{"rendered":"<p>Les haut-parleurs sont strat\u00e9giquement positionn\u00e9s \u00e0 gauche et \u00e0 droite de l&rsquo;ordinateur portable, offrant un son st\u00e9r\u00e9o pour une exp\u00e9rience audio plus immersive. Con\u00e7us pour produire un son clair et \u00e9quilibr\u00e9, que vous \u00e9coutiez de la musique, regardiez des vid\u00e9os ou participiez \u00e0 des visioconf\u00e9rences.<\/p>\n<p>Les haut-parleurs Cp629840-02 sont compacts et parfaitement int\u00e9gr\u00e9s au design de l&rsquo;ordinateur portable, pr\u00e9servant ainsi l&rsquo;aspect \u00e9l\u00e9gant et professionnel du Lifebook E736. Leur positionnement permet de projeter le son directement vers l&rsquo;utilisateur, pour une clart\u00e9 et une pr\u00e9cision accrues.<\/p>\n<p>Avec ces haut-parleurs, vous pouvez vous attendre \u00e0 une reproduction sonore riche et dynamique sur une large gamme de fr\u00e9quences. Que vous \u00e9coutiez vos morceaux pr\u00e9f\u00e9r\u00e9s ou que vous participiez \u00e0 des pr\u00e9sentations multim\u00e9dias, les haut-parleurs Lifebook E736 offrent une exp\u00e9rience audio agr\u00e9able qui compl\u00e8te les fonctionnalit\u00e9s globales de l&rsquo;ordinateur portable.<\/p>\n","protected":false},"excerpt":{"rendered":"<p>Les haut-parleurs Fujitsu Lifebook E736 d&rsquo;origine, r\u00e9f\u00e9rence Cp629840-02, sont con\u00e7us pour offrir une sortie audio de haute qualit\u00e9 et une exp\u00e9rience multim\u00e9dia optimis\u00e9e. Sp\u00e9cialement con\u00e7us pour le mod\u00e8le Lifebook E736, ils garantissent compatibilit\u00e9 et performances optimales.<\/p>\n","protected":false},"featured_media":7539,"template":"","meta":[],"product_brand":[],"product_cat":[54],"product_tag":[64],"class_list":{"0":"post-7475","1":"product","2":"type-product","3":"status-publish","4":"has-post-thumbnail","6":"product_cat-laptop-speakers","7":"product_tag-fujitsu","9":"first","10":"instock","11":"taxable","12":"shipping-taxable","13":"purchasable","14":"product-type-simple"},"_links":{"self":[{"href":"https:\/\/boreait.com\/fr\/wp-json\/wp\/v2\/product\/7475","targetHints":{"allow":["GET"]}}],"collection":[{"href":"https:\/\/boreait.com\/fr\/wp-json\/wp\/v2\/product"}],"about":[{"href":"https:\/\/boreait.com\/fr\/wp-json\/wp\/v2\/types\/product"}],"wp:featuredmedia":[{"embeddable":true,"href":"https:\/\/boreait.com\/fr\/wp-json\/wp\/v2\/media\/7539"}],"wp:attachment":[{"href":"https:\/\/boreait.com\/fr\/wp-json\/wp\/v2\/media?parent=7475"}],"wp:term":[{"taxonomy":"product_brand","embeddable":true,"href":"https:\/\/boreait.com\/fr\/wp-json\/wp\/v2\/product_brand?post=7475"},{"taxonomy":"product_cat","embeddable":true,"href":"https:\/\/boreait.com\/fr\/wp-json\/wp\/v2\/product_cat?post=7475"},{"taxonomy":"product_tag","embeddable":true,"href":"https:\/\/boreait.com\/fr\/wp-json\/wp\/v2\/product_tag?post=7475"}],"curies":[{"name":"wp","href":"https:\/\/api.w.org\/{rel}","templated":true}]}}