{"id":7474,"date":"2025-09-15T14:13:24","date_gmt":"2025-09-15T12:13:24","guid":{"rendered":"https:\/\/boreait.com\/fr\/?post_type=product&#038;p=7474"},"modified":"2026-01-14T08:30:23","modified_gmt":"2026-01-14T07:30:23","slug":"carte-lecteur-de-carte-sd-audio-usb-fujitsu-lifebook-serie-s935","status":"publish","type":"product","link":"https:\/\/boreait.com\/fr\/produit\/carte-lecteur-de-carte-sd-audio-usb-fujitsu-lifebook-serie-s935\/","title":{"rendered":"Carte lecteur de carte SD audio USB Fujitsu Lifebook s\u00e9rie S935"},"content":{"rendered":"<p>Cette carte est \u00e9quip\u00e9e d&rsquo;un port USB permettant de connecter divers p\u00e9riph\u00e9riques USB, tels que des disques durs externes, des claviers, des souris et des cl\u00e9s USB. Elle offre des d\u00e9bits de transfert de donn\u00e9es ultra-rapides, garantissant une connectivit\u00e9 efficace et fiable entre votre ordinateur portable et les p\u00e9riph\u00e9riques USB connect\u00e9s.<\/p>\n<p>De plus, la fonction audio USB vous permet de connecter des p\u00e9riph\u00e9riques audio, tels que des \u00e9couteurs, des haut-parleurs et des microphones. Cette fonctionnalit\u00e9 garantit une sortie ou une entr\u00e9e audio claire et de haute qualit\u00e9, am\u00e9liorant ainsi votre exp\u00e9rience multim\u00e9dia et facilitant la communication.<\/p>\n<p>Le lecteur de carte SD de cette carte vous permet d&rsquo;acc\u00e9der et de transf\u00e9rer facilement des donn\u00e9es depuis des cartes m\u00e9moire SD. Il prend en charge diff\u00e9rents types de cartes SD, notamment les cartes SDHC (Secure Digital High Capacity) et SDXC (Secure Digital eXtended Capacity), couramment utilis\u00e9es dans les appareils photo num\u00e9riques, les smartphones et autres appareils portables. Gr\u00e2ce au lecteur de carte SD, vous pouvez importer rapidement des photos, des vid\u00e9os, des documents et d&rsquo;autres fichiers depuis vos cartes SD vers votre ordinateur portable Fujitsu Lifebook S935. Dans l&rsquo;ensemble, la carte lecteur de carte SD audio USB Fujitsu Lifebook s\u00e9rie S935 offre une solution polyvalente et pratique pour \u00e9tendre les options de connectivit\u00e9 et les capacit\u00e9s de transfert de donn\u00e9es de votre ordinateur portable.<\/p>\n","protected":false},"excerpt":{"rendered":"<p>La carte lecteur de carte SD audio USB Fujitsu Lifebook S935 est un composant sp\u00e9cialement con\u00e7u pour les ordinateurs portables Fujitsu Lifebook S935. Elle sert d&rsquo;interface pour la connexion de p\u00e9riph\u00e9riques USB, de p\u00e9riph\u00e9riques audio et la lecture de cartes m\u00e9moire SD.<\/p>\n","protected":false},"featured_media":7537,"template":"","meta":[],"product_brand":[],"product_cat":[63],"product_tag":[64],"class_list":{"0":"post-7474","1":"product","2":"type-product","3":"status-publish","4":"has-post-thumbnail","6":"product_cat-motherboards-board-parts","7":"product_tag-fujitsu","9":"first","10":"instock","11":"taxable","12":"shipping-taxable","13":"purchasable","14":"product-type-simple"},"_links":{"self":[{"href":"https:\/\/boreait.com\/fr\/wp-json\/wp\/v2\/product\/7474","targetHints":{"allow":["GET"]}}],"collection":[{"href":"https:\/\/boreait.com\/fr\/wp-json\/wp\/v2\/product"}],"about":[{"href":"https:\/\/boreait.com\/fr\/wp-json\/wp\/v2\/types\/product"}],"wp:featuredmedia":[{"embeddable":true,"href":"https:\/\/boreait.com\/fr\/wp-json\/wp\/v2\/media\/7537"}],"wp:attachment":[{"href":"https:\/\/boreait.com\/fr\/wp-json\/wp\/v2\/media?parent=7474"}],"wp:term":[{"taxonomy":"product_brand","embeddable":true,"href":"https:\/\/boreait.com\/fr\/wp-json\/wp\/v2\/product_brand?post=7474"},{"taxonomy":"product_cat","embeddable":true,"href":"https:\/\/boreait.com\/fr\/wp-json\/wp\/v2\/product_cat?post=7474"},{"taxonomy":"product_tag","embeddable":true,"href":"https:\/\/boreait.com\/fr\/wp-json\/wp\/v2\/product_tag?post=7474"}],"curies":[{"name":"wp","href":"https:\/\/api.w.org\/{rel}","templated":true}]}}