{"id":7473,"date":"2025-09-15T14:13:24","date_gmt":"2025-09-15T12:13:24","guid":{"rendered":"https:\/\/boreait.com\/fr\/?post_type=product&#038;p=7473"},"modified":"2025-09-15T14:14:56","modified_gmt":"2025-09-15T12:14:56","slug":"ventilateur-t-317c-pour-ordinateur-portable-fujitsu-e751-e752-cpu-brushless","status":"publish","type":"product","link":"https:\/\/boreait.com\/fr\/produit\/ventilateur-t-317c-pour-ordinateur-portable-fujitsu-e751-e752-cpu-brushless\/","title":{"rendered":"Ventilateur T-317C pour ordinateur portable Fujitsu E751-E752 CPU Brushless"},"content":{"rendered":"<p>Gr\u00e2ce \u00e0 son design \u00e9l\u00e9gant et compact, le ventilateur T-317C s&rsquo;int\u00e8gre parfaitement \u00e0 votre processeur Fujitsu E751-E752, am\u00e9liorant ainsi sa fonctionnalit\u00e9 et sa fiabilit\u00e9. Con\u00e7u avec pr\u00e9cision, ce ventilateur fonctionne silencieusement, vous permettant de travailler ou de profiter de votre exp\u00e9rience multim\u00e9dia sans bruit g\u00eanant.<\/p>\n<p>\u00c9quip\u00e9 d&rsquo;un syst\u00e8me avanc\u00e9 d&rsquo;optimisation du flux d&rsquo;air, le ventilateur T-317C dissipe efficacement la chaleur g\u00e9n\u00e9r\u00e9e par le processeur, \u00e9vitant ainsi tout probl\u00e8me de surchauffe. Sa conception intelligente comprend plusieurs pales de refroidissement strat\u00e9giquement positionn\u00e9es pour cr\u00e9er un flux d&rsquo;air puissant et constant, r\u00e9duisant ainsi efficacement les risques de ralentissement du syst\u00e8me ou de d\u00e9gradation des performances.<\/p>\n<p>L&rsquo;installation du ventilateur T-317C est un jeu d&rsquo;enfant. Sa conception intuitive garantit une installation simple et rapide, vous permettant de le fixer rapidement et en toute s\u00e9curit\u00e9 \u00e0 votre processeur Fujitsu E751-E752. Une fois install\u00e9, vous pouvez avoir l&rsquo;esprit tranquille\u00a0: votre ordinateur portable est prot\u00e9g\u00e9 de la chaleur excessive, garantissant ainsi un multit\u00e2che fluide et une utilisation prolong\u00e9e. <\/p>\n<p>Outre ses impressionnantes capacit\u00e9s de refroidissement, le ventilateur T-317C est fabriqu\u00e9 \u00e0 partir de mat\u00e9riaux de haute qualit\u00e9, garantissant durabilit\u00e9 et long\u00e9vit\u00e9. Votre investissement dans ce ventilateur vous offrira ainsi des avantages durables, garantissant des performances optimales pour votre Fujitsu E751-E752 pendant de nombreuses ann\u00e9es.<\/p>\n<p>Am\u00e9liorez le syst\u00e8me de refroidissement de votre ordinateur portable et d\u00e9couvrez la puissance du ventilateur T-317C. Dites adieu aux probl\u00e8mes de surchauffe et profitez d&rsquo;une productivit\u00e9 et d&rsquo;une fiabilit\u00e9 accrues. Adoptez l&rsquo;avenir de la technologie de refroidissement efficace et exploitez tout le potentiel de votre Fujitsu E751-E752 gr\u00e2ce au ventilateur sans balais T-317C.<\/p>\n","protected":false},"excerpt":{"rendered":"<p>D\u00e9couvrez le ventilateur T-317C, la solution de refroidissement ultime sp\u00e9cialement con\u00e7ue pour le processeur Fujitsu E751-E752. Dot\u00e9 d&rsquo;une technologie innovante sans balais, ce ventilateur offre des performances in\u00e9gal\u00e9es, garantissant un contr\u00f4le optimal de la temp\u00e9rature et maximisant la dur\u00e9e de vie de votre ordinateur portable.<\/p>\n","protected":false},"featured_media":7535,"template":"","meta":[],"product_brand":[],"product_cat":[69],"product_tag":[],"class_list":{"0":"post-7473","1":"product","2":"type-product","3":"status-publish","4":"has-post-thumbnail","6":"product_cat-cpu-fans-heatsinks","8":"first","9":"instock","10":"taxable","11":"shipping-taxable","12":"purchasable","13":"product-type-simple"},"_links":{"self":[{"href":"https:\/\/boreait.com\/fr\/wp-json\/wp\/v2\/product\/7473","targetHints":{"allow":["GET"]}}],"collection":[{"href":"https:\/\/boreait.com\/fr\/wp-json\/wp\/v2\/product"}],"about":[{"href":"https:\/\/boreait.com\/fr\/wp-json\/wp\/v2\/types\/product"}],"wp:featuredmedia":[{"embeddable":true,"href":"https:\/\/boreait.com\/fr\/wp-json\/wp\/v2\/media\/7535"}],"wp:attachment":[{"href":"https:\/\/boreait.com\/fr\/wp-json\/wp\/v2\/media?parent=7473"}],"wp:term":[{"taxonomy":"product_brand","embeddable":true,"href":"https:\/\/boreait.com\/fr\/wp-json\/wp\/v2\/product_brand?post=7473"},{"taxonomy":"product_cat","embeddable":true,"href":"https:\/\/boreait.com\/fr\/wp-json\/wp\/v2\/product_cat?post=7473"},{"taxonomy":"product_tag","embeddable":true,"href":"https:\/\/boreait.com\/fr\/wp-json\/wp\/v2\/product_tag?post=7473"}],"curies":[{"name":"wp","href":"https:\/\/api.w.org\/{rel}","templated":true}]}}