{"id":7463,"date":"2025-09-15T14:12:57","date_gmt":"2025-09-15T12:12:57","guid":{"rendered":"https:\/\/boreait.com\/fr\/?post_type=product&#038;p=7463"},"modified":"2026-01-14T08:29:55","modified_gmt":"2026-01-14T07:29:55","slug":"dissipateur-thermique-de-refroidissement-du-processeur-fujitsu-lifebook-s762-z20801","status":"publish","type":"product","link":"https:\/\/boreait.com\/fr\/produit\/dissipateur-thermique-de-refroidissement-du-processeur-fujitsu-lifebook-s762-z20801\/","title":{"rendered":"Dissipateur thermique de refroidissement du processeur Fujitsu LifeBook S762 Z20801"},"content":{"rendered":"<div class=\"flex-1 overflow-hidden\">\n<div class=\"react-scroll-to-bottom--css-kpoah-79elbk h-full dark:bg-gray-800\">\n<div class=\"react-scroll-to-bottom--css-kpoah-1n7m0yu\">\n<div class=\"flex flex-col text-sm dark:bg-gray-800\">\n<div class=\"group w-full text-gray-800 dark:text-gray-100 border-b border-black\/10 dark:border-gray-900\/50 bg-gray-50 dark:bg-[#444654]\">\n<div class=\"flex p-4 gap-4 text-base md:gap-6 md:max-w-2xl lg:max-w-[38rem] xl:max-w-3xl md:py-6 lg:px-0 m-auto\">\n<div class=\"relative flex w-[calc(100%-50px)] flex-col gap-1 md:gap-3 lg:w-[calc(100%-115px)]\">\n<div class=\"flex flex-grow flex-col gap-3\">\n<div class=\"min-h-[20px] flex flex-col items-start gap-4 whitespace-pre-wrap break-words\">\n<div class=\"markdown prose w-full break-words dark:prose-invert light\">\n<p>Un dissipateur thermique pour processeur est un composant essentiel d&rsquo;un syst\u00e8me informatique. Il contribue \u00e0 dissiper la chaleur g\u00e9n\u00e9r\u00e9e par l&rsquo;unit\u00e9 centrale de traitement (CPU). Il s&rsquo;agit g\u00e9n\u00e9ralement d&rsquo;un dispositif m\u00e9tallique con\u00e7u pour transf\u00e9rer la chaleur du processeur vers l&rsquo;air ambiant. <\/p>\n<p>Le dissipateur thermique est g\u00e9n\u00e9ralement fabriqu\u00e9 \u00e0 partir de mat\u00e9riaux \u00e0 haute conductivit\u00e9 thermique, comme l&rsquo;aluminium ou le cuivre, ce qui favorise un transfert thermique efficace. Il est constitu\u00e9 d&rsquo;une s\u00e9rie d&rsquo;ailettes ou de stries qui augmentent la surface pour une meilleure dissipation thermique. Le dissipateur thermique est mont\u00e9 directement sur le processeur et est souvent accompagn\u00e9 d&rsquo;un ventilateur, appel\u00e9 ventilateur de processeur, pour am\u00e9liorer les performances de refroidissement.<\/p>\n<p>Le ventilateur du processeur souffle de l&rsquo;air sur le dissipateur thermique, ce qui contribue \u00e0 dissiper la chaleur absorb\u00e9e par celui-ci. Cette combinaison dissipateur thermique-ventilateur est commun\u00e9ment appel\u00e9e refroidisseur de processeur. Certains refroidisseurs de processeur peuvent \u00e9galement int\u00e9grer des caloducs, des tubes creux remplis d&rsquo;un fluide thermoconducteur pour am\u00e9liorer l&rsquo;efficacit\u00e9 du transfert thermique.<\/p>\n<p>Diff\u00e9rents syst\u00e8mes informatiques peuvent n\u00e9cessiter des refroidisseurs de processeur sp\u00e9cifiques en fonction de facteurs tels que le type de socket du processeur, la consommation \u00e9lectrique et la puissance thermique nominale (TDP) du processeur. Il est important de choisir un dissipateur thermique compatible avec votre processeur et votre carte m\u00e8re. Lors du remplacement ou de la mise \u00e0 niveau d&rsquo;un dissipateur thermique pour processeur, il est essentiel de v\u00e9rifier la compatibilit\u00e9 avec le type de socket du processeur et les dimensions de votre carte m\u00e8re. De plus, prendre en compte des facteurs tels que le niveau sonore, les performances de refroidissement et l&rsquo;espace disponible dans le bo\u00eetier de votre ordinateur peut vous aider \u00e0 choisir une solution de refroidissement adapt\u00e9e.<\/p>\n<p>Il est recommand\u00e9 de consulter les sp\u00e9cifications et les instructions du fabricant ou de consulter des experts techniques lors du choix ou de l&rsquo;installation d&rsquo;un dissipateur thermique pour processeur afin de garantir le bon fonctionnement et des performances de refroidissement optimales pour votre syst\u00e8me.<br \/>\n&#8230;<\/p>\n","protected":false},"excerpt":{"rendered":"<p>#VALUE!<\/p>\n","protected":false},"featured_media":7533,"template":"","meta":[],"product_brand":[],"product_cat":[69],"product_tag":[64],"class_list":{"0":"post-7463","1":"product","2":"type-product","3":"status-publish","4":"has-post-thumbnail","6":"product_cat-cpu-fans-heatsinks","7":"product_tag-fujitsu","9":"first","10":"instock","11":"taxable","12":"shipping-taxable","13":"purchasable","14":"product-type-simple"},"_links":{"self":[{"href":"https:\/\/boreait.com\/fr\/wp-json\/wp\/v2\/product\/7463","targetHints":{"allow":["GET"]}}],"collection":[{"href":"https:\/\/boreait.com\/fr\/wp-json\/wp\/v2\/product"}],"about":[{"href":"https:\/\/boreait.com\/fr\/wp-json\/wp\/v2\/types\/product"}],"wp:featuredmedia":[{"embeddable":true,"href":"https:\/\/boreait.com\/fr\/wp-json\/wp\/v2\/media\/7533"}],"wp:attachment":[{"href":"https:\/\/boreait.com\/fr\/wp-json\/wp\/v2\/media?parent=7463"}],"wp:term":[{"taxonomy":"product_brand","embeddable":true,"href":"https:\/\/boreait.com\/fr\/wp-json\/wp\/v2\/product_brand?post=7463"},{"taxonomy":"product_cat","embeddable":true,"href":"https:\/\/boreait.com\/fr\/wp-json\/wp\/v2\/product_cat?post=7463"},{"taxonomy":"product_tag","embeddable":true,"href":"https:\/\/boreait.com\/fr\/wp-json\/wp\/v2\/product_tag?post=7463"}],"curies":[{"name":"wp","href":"https:\/\/api.w.org\/{rel}","templated":true}]}}