{"id":7462,"date":"2025-09-15T14:12:57","date_gmt":"2025-09-15T12:12:57","guid":{"rendered":"https:\/\/boreait.com\/fr\/?post_type=product&#038;p=7462"},"modified":"2025-09-15T14:14:53","modified_gmt":"2025-09-15T12:14:53","slug":"graveur-de-dvd-modele-gtb0n","status":"publish","type":"product","link":"https:\/\/boreait.com\/fr\/produit\/graveur-de-dvd-modele-gtb0n\/","title":{"rendered":"Graveur de DVD mod\u00e8le GTB0N"},"content":{"rendered":"<p>Le GTB0N prend en charge diff\u00e9rentes vitesses de lecture et d&rsquo;\u00e9criture selon le type de DVD utilis\u00e9. Sa vitesse maximale de lecture est g\u00e9n\u00e9ralement de 8x pour les DVD et de 8x pour les DVD\u00b1R. Pour les DVD\u00b1RW, sa vitesse maximale d&rsquo;\u00e9criture est g\u00e9n\u00e9ralement de 6x.<\/p>\n<p>Il est important de noter que si le GTB0N est avant tout un graveur de DVD, il est \u00e9galement r\u00e9trocompatible avec les CD. Il peut lire et graver des CD, y compris des CD-R et des CD-RW, \u00e0 des vitesses variables. La vitesse maximale de lecture est g\u00e9n\u00e9ralement de 24x pour les CD-R, et de 16x pour les CD-RW.<\/p>\n<p>Pour toute question sp\u00e9cifique ou besoin d&rsquo;aide concernant le graveur de DVD GTB0N, n&rsquo;h\u00e9sitez pas \u00e0 nous contacter\u00a0!<\/p>\n","protected":false},"excerpt":{"rendered":"<p>Le GTB0N est un graveur DVD fabriqu\u00e9 par HL-DT-ST, une marque appartenant \u00e0 LG Electronics. Ce mod\u00e8le \u00e9quipe couramment les ordinateurs portables et les graveurs DVD externes compacts. Il est capable de lire et d&rsquo;\u00e9crire diff\u00e9rents types de DVD, notamment les DVD-R, DVD+R, DVD-RW, DVD+RW et DVD-RAM.<\/p>\n","protected":false},"featured_media":7531,"template":"","meta":[],"product_brand":[],"product_cat":[63],"product_tag":[],"class_list":{"0":"post-7462","1":"product","2":"type-product","3":"status-publish","4":"has-post-thumbnail","6":"product_cat-motherboards-board-parts","8":"first","9":"instock","10":"taxable","11":"shipping-taxable","12":"purchasable","13":"product-type-simple"},"_links":{"self":[{"href":"https:\/\/boreait.com\/fr\/wp-json\/wp\/v2\/product\/7462","targetHints":{"allow":["GET"]}}],"collection":[{"href":"https:\/\/boreait.com\/fr\/wp-json\/wp\/v2\/product"}],"about":[{"href":"https:\/\/boreait.com\/fr\/wp-json\/wp\/v2\/types\/product"}],"wp:featuredmedia":[{"embeddable":true,"href":"https:\/\/boreait.com\/fr\/wp-json\/wp\/v2\/media\/7531"}],"wp:attachment":[{"href":"https:\/\/boreait.com\/fr\/wp-json\/wp\/v2\/media?parent=7462"}],"wp:term":[{"taxonomy":"product_brand","embeddable":true,"href":"https:\/\/boreait.com\/fr\/wp-json\/wp\/v2\/product_brand?post=7462"},{"taxonomy":"product_cat","embeddable":true,"href":"https:\/\/boreait.com\/fr\/wp-json\/wp\/v2\/product_cat?post=7462"},{"taxonomy":"product_tag","embeddable":true,"href":"https:\/\/boreait.com\/fr\/wp-json\/wp\/v2\/product_tag?post=7462"}],"curies":[{"name":"wp","href":"https:\/\/api.w.org\/{rel}","templated":true}]}}