{"id":7461,"date":"2025-09-15T14:12:57","date_gmt":"2025-09-15T12:12:57","guid":{"rendered":"https:\/\/boreait.com\/fr\/?post_type=product&#038;p=7461"},"modified":"2025-09-15T14:14:49","modified_gmt":"2025-09-15T12:14:49","slug":"panneau-inferieur-du-fujitsu-lifebook-a574-k","status":"publish","type":"product","link":"https:\/\/boreait.com\/fr\/produit\/panneau-inferieur-du-fujitsu-lifebook-a574-k\/","title":{"rendered":"Panneau inf\u00e9rieur du Fujitsu LIFEBOOK A574\/K"},"content":{"rendered":"<div class=\"flex-1 overflow-hidden\">\n<div class=\"react-scroll-to-bottom--css-saomo-79elbk h-full dark:bg-gray-800\">\n<div class=\"react-scroll-to-bottom--css-saomo-1n7m0yu\">\n<div class=\"flex flex-col text-sm dark:bg-gray-800\">\n<div class=\"group w-full text-gray-800 dark:text-gray-100 border-b border-black\/10 dark:border-gray-900\/50 bg-gray-50 dark:bg-[#444654]\">\n<div class=\"flex p-4 gap-4 text-base md:gap-6 md:max-w-2xl lg:max-w-[38rem] xl:max-w-3xl md:py-6 lg:px-0 m-auto\">\n<div class=\"relative flex w-[calc(100%-50px)] flex-col gap-1 md:gap-3 lg:w-[calc(100%-115px)]\">\n<div class=\"flex flex-grow flex-col gap-3\">\n<div class=\"min-h-[20px] flex flex-col items-start gap-4 whitespace-pre-wrap break-words\">\n<div class=\"markdown prose w-full break-words dark:prose-invert light\">\n<p>Pour ouvrir le panneau inf\u00e9rieur d&rsquo;un ordinateur portable Fujitsu LIFEBOOK, suivez ces \u00e9tapes g\u00e9n\u00e9rales\u00a0:<\/p>\n<ol>\n<li>\u00c9teignez l&rsquo;ordinateur portable et d\u00e9branchez toute source d&rsquo;alimentation externe.<\/li>\n<li>Placez l&rsquo;ordinateur portable sur une surface plane et stable.<\/li>\n<li>Tournez L&rsquo;ordinateur portable \u00e0 l&rsquo;envers, panneau inf\u00e9rieur orient\u00e9 vers le haut.<\/li>\n<li>Recherchez les vis qui fixent le panneau inf\u00e9rieur. Ces vis sont g\u00e9n\u00e9ralement situ\u00e9es sur les bords ou \u00e0 des emplacements sp\u00e9cifiques, marqu\u00e9s d&rsquo;un symbole (comme une petite ic\u00f4ne de clavier) indiquant leur fonction.<\/li>\n<li>Utilisez un tournevis adapt\u00e9 pour retirer les vis. Conservez-les en lieu s\u00fbr, car vous en aurez besoin pour le remontage.<\/li>\n<li>Une fois toutes les vis retir\u00e9es, faites glisser ou soulevez d\u00e9licatement le panneau inf\u00e9rieur pour le retirer de l&rsquo;ordinateur portable. Des clips ou des loquets peuvent le maintenir en place\u00a0; veillez donc \u00e0 ne pas forcer et \u00e0 exercer une l\u00e9g\u00e8re pression si n\u00e9cessaire.<\/li>\n<li>Une fois le panneau inf\u00e9rieur retir\u00e9, vous devriez avoir acc\u00e8s \u00e0 des composants tels que le disque dur, les emplacements RAM et \u00e9ventuellement la batterie. Soyez prudent lors de la manipulation de ces composants et suivez les instructions ou pr\u00e9cautions fournies par Fujitsu.<\/li>\n<\/ol>\n<p>Il est important de noter que la proc\u00e9dure et la disposition exactes peuvent varier selon le mod\u00e8le de votre ordinateur portable LIFEBOOK. Il est donc conseill\u00e9 de consulter le manuel d&rsquo;utilisation ou la documentation d&rsquo;assistance fournie par Fujitsu pour votre mod\u00e8le. Vous b\u00e9n\u00e9ficierez ainsi d&rsquo;instructions pr\u00e9cises et d\u00e9taill\u00e9es, adapt\u00e9es \u00e0 votre appareil.<\/p>\n<\/div>\n<\/div>\n<\/div>\n<\/div>\n<\/div>\n<\/div>\n<\/div>\n<\/div>\n<\/div>\n<\/div>\n","protected":false},"excerpt":{"rendered":"<p>Le panneau inf\u00e9rieur des ordinateurs portables Fujitsu de la s\u00e9rie LIFEBOOK permet g\u00e9n\u00e9ralement d&rsquo;acc\u00e9der \u00e0 divers composants internes pour la maintenance ou les mises \u00e0 niveau. Cependant, la gamme LIFEBOOK \u00e9tant compos\u00e9e de nombreux mod\u00e8les, la conception et le mode d&rsquo;acc\u00e8s aux composants peuvent varier.<\/p>\n","protected":false},"featured_media":7529,"template":"","meta":[],"product_brand":[],"product_cat":[52],"product_tag":[64],"class_list":{"0":"post-7461","1":"product","2":"type-product","3":"status-publish","4":"has-post-thumbnail","6":"product_cat-laptop-housing","7":"product_tag-fujitsu","9":"first","10":"instock","11":"taxable","12":"shipping-taxable","13":"purchasable","14":"product-type-simple"},"_links":{"self":[{"href":"https:\/\/boreait.com\/fr\/wp-json\/wp\/v2\/product\/7461","targetHints":{"allow":["GET"]}}],"collection":[{"href":"https:\/\/boreait.com\/fr\/wp-json\/wp\/v2\/product"}],"about":[{"href":"https:\/\/boreait.com\/fr\/wp-json\/wp\/v2\/types\/product"}],"wp:featuredmedia":[{"embeddable":true,"href":"https:\/\/boreait.com\/fr\/wp-json\/wp\/v2\/media\/7529"}],"wp:attachment":[{"href":"https:\/\/boreait.com\/fr\/wp-json\/wp\/v2\/media?parent=7461"}],"wp:term":[{"taxonomy":"product_brand","embeddable":true,"href":"https:\/\/boreait.com\/fr\/wp-json\/wp\/v2\/product_brand?post=7461"},{"taxonomy":"product_cat","embeddable":true,"href":"https:\/\/boreait.com\/fr\/wp-json\/wp\/v2\/product_cat?post=7461"},{"taxonomy":"product_tag","embeddable":true,"href":"https:\/\/boreait.com\/fr\/wp-json\/wp\/v2\/product_tag?post=7461"}],"curies":[{"name":"wp","href":"https:\/\/api.w.org\/{rel}","templated":true}]}}