{"id":7417,"date":"2025-09-15T14:11:43","date_gmt":"2025-09-15T12:11:43","guid":{"rendered":"https:\/\/boreait.com\/fr\/?post_type=product&#038;p=7417"},"modified":"2025-09-15T14:13:40","modified_gmt":"2025-09-15T12:13:40","slug":"cadre-avant-de-lecran-lcd-avec-ir-pour-lenovo-thinkpad-e14-gen-2-b30s73485","status":"publish","type":"product","link":"https:\/\/boreait.com\/fr\/produit\/cadre-avant-de-lecran-lcd-avec-ir-pour-lenovo-thinkpad-e14-gen-2-b30s73485\/","title":{"rendered":"Cadre avant de l&rsquo;\u00e9cran LCD avec IR pour Lenovo ThinkPad E14 Gen 2 (B30S73485)"},"content":{"rendered":"<p>Le cache de cadre avant LCD avec infrarouge pour Lenovo Thinkpad E14 Gen 2 (r\u00e9f\u00e9rence\u00a0: B30S73485) est un composant de remplacement d&rsquo;origine sp\u00e9cialement con\u00e7u pour le mod\u00e8le d&rsquo;ordinateur portable Thinkpad E14 Gen 2. Ce cache prot\u00e8ge et d\u00e9core l&rsquo;\u00e9cran LCD, am\u00e9liorant ainsi l&rsquo;apparence g\u00e9n\u00e9rale de l&rsquo;ordinateur portable.<\/p>\n<p>Fabriqu\u00e9 avec pr\u00e9cision et souci du d\u00e9tail, ce cache s&rsquo;int\u00e8gre parfaitement au Thinkpad E14 Gen 2, pr\u00e9servant ainsi l&rsquo;esth\u00e9tique d&rsquo;origine. Il est fabriqu\u00e9 avec des mat\u00e9riaux de haute qualit\u00e9 pour garantir durabilit\u00e9 et performances durables.<\/p>\n<p>L&rsquo;installation du cache de cadre avant LCD avec infrarouge pour Lenovo Thinkpad E14 Gen 2 est simple et intuitive, facilitant ainsi son remplacement ou sa mise \u00e0 niveau. En rempla\u00e7ant le cache de cadre avant endommag\u00e9 ou us\u00e9 par cette pi\u00e8ce Lenovo d&rsquo;origine, vous restaurez l&rsquo;int\u00e9grit\u00e9 structurelle de votre ordinateur portable et pr\u00e9servez son aspect professionnel. <\/p>\n<p>Investir dans cette pi\u00e8ce de rechange Lenovo d&rsquo;origine garantit compatibilit\u00e9 et fiabilit\u00e9, assurant un ajustement parfait et des performances optimales pour votre ordinateur portable Thinkpad E14 Gen 2.<\/p>\n","protected":false},"excerpt":{"rendered":"<p>Le cache avant LCD avec IR pour ordinateur portable Lenovo Thinkpad E14 Gen 2 (r\u00e9f\u00e9rence\u00a0: B30S73485) est un composant de remplacement d&rsquo;origine sp\u00e9cialement con\u00e7u pour le Thinkpad E14 Gen 2. Il am\u00e9liore l&rsquo;apparence et prot\u00e8ge l&rsquo;\u00e9cran LCD. Gr\u00e2ce \u00e0 sa fabrication de haute qualit\u00e9 et \u00e0 son int\u00e9gration parfaite, il assure un ajustement parfait et pr\u00e9serve l&rsquo;esth\u00e9tique professionnelle de votre Thinkpad E14 Gen 2.<\/p>\n","protected":false},"featured_media":7485,"template":"","meta":[],"product_brand":[],"product_cat":[52],"product_tag":[62],"class_list":{"0":"post-7417","1":"product","2":"type-product","3":"status-publish","4":"has-post-thumbnail","6":"product_cat-laptop-housing","7":"product_tag-lenovo","9":"first","10":"instock","11":"taxable","12":"shipping-taxable","13":"purchasable","14":"product-type-simple"},"_links":{"self":[{"href":"https:\/\/boreait.com\/fr\/wp-json\/wp\/v2\/product\/7417","targetHints":{"allow":["GET"]}}],"collection":[{"href":"https:\/\/boreait.com\/fr\/wp-json\/wp\/v2\/product"}],"about":[{"href":"https:\/\/boreait.com\/fr\/wp-json\/wp\/v2\/types\/product"}],"wp:featuredmedia":[{"embeddable":true,"href":"https:\/\/boreait.com\/fr\/wp-json\/wp\/v2\/media\/7485"}],"wp:attachment":[{"href":"https:\/\/boreait.com\/fr\/wp-json\/wp\/v2\/media?parent=7417"}],"wp:term":[{"taxonomy":"product_brand","embeddable":true,"href":"https:\/\/boreait.com\/fr\/wp-json\/wp\/v2\/product_brand?post=7417"},{"taxonomy":"product_cat","embeddable":true,"href":"https:\/\/boreait.com\/fr\/wp-json\/wp\/v2\/product_cat?post=7417"},{"taxonomy":"product_tag","embeddable":true,"href":"https:\/\/boreait.com\/fr\/wp-json\/wp\/v2\/product_tag?post=7417"}],"curies":[{"name":"wp","href":"https:\/\/api.w.org\/{rel}","templated":true}]}}