{"id":7392,"date":"2025-09-15T14:11:19","date_gmt":"2025-09-15T12:11:19","guid":{"rendered":"https:\/\/boreait.com\/fr\/?post_type=product&#038;p=7392"},"modified":"2025-12-04T20:50:08","modified_gmt":"2025-12-04T19:50:08","slug":"boutons-de-souris-tactiles-pour-hp-elitebook-8560p-560200a00-133g","status":"publish","type":"product","link":"https:\/\/boreait.com\/fr\/produit\/boutons-de-souris-tactiles-pour-hp-elitebook-8560p-560200a00-133g\/","title":{"rendered":"Boutons de souris tactiles pour HP EliteBook 8560P 560200A00-133G"},"content":{"rendered":"<div class=\"group w-full text-gray-800 dark:text-gray-100 border-b border-black\/10 dark:border-gray-900\/50 bg-gray-50 dark:bg-[#444654]\">\n<div class=\"flex p-4 gap-4 text-base md:gap-6 md:max-w-2xl lg:max-w-[38rem] xl:max-w-3xl md:py-6 lg:px-0 m-auto\">\n<div class=\"relative flex w-[calc(100%-50px)] flex-col gap-1 md:gap-3 lg:w-[calc(100%-115px)]\">\n<div class=\"flex flex-grow flex-col gap-3\">\n<div class=\"min-h-[20px] flex flex-col items-start gap-4 whitespace-pre-wrap break-words\">\n<div class=\"markdown prose w-full break-words dark:prose-invert light\">\n<p>Les boutons de souris tactiles pour HP EliteBook 8560P, r\u00e9f\u00e9rence 560200A00-133G, sont des composants de remplacement d&rsquo;origine sp\u00e9cialement con\u00e7us pour ce mod\u00e8le d&rsquo;ordinateur portable. Ces boutons offrent un contr\u00f4le r\u00e9actif et pr\u00e9cis, vous permettant de naviguer et d&rsquo;interagir avec votre ordinateur portable sans effort.<\/p>\n<p>Fabriqu\u00e9s avec pr\u00e9cision et con\u00e7us pour r\u00e9pondre aux normes de qualit\u00e9 \u00e9lev\u00e9es de HP, ces boutons de souris tactiles garantissent des performances fiables et une int\u00e9gration parfaite avec votre EliteBook 8560P. Ils offrent une exp\u00e9rience confortable et conviviale, vous permettant d&rsquo;effectuer diverses actions en toute simplicit\u00e9.<\/p>\n<p>Une fois correctement install\u00e9s, ces boutons de souris tactiles de remplacement restaurent toutes les fonctionnalit\u00e9s du pav\u00e9 tactile de votre ordinateur portable, offrant une exp\u00e9rience utilisateur fluide et agr\u00e9able. Ce sont des produits HP authentiques, exempts de plagiat ou d&rsquo;imitation, garantissant compatibilit\u00e9 et performances optimales. <\/p>\n<p>Am\u00e9liorez votre HP EliteBook 8560P avec les boutons de souris tactiles 560200A00-133G et profitez d&rsquo;un contr\u00f4le pr\u00e9cis et r\u00e9actif pour tous vos besoins informatiques.<\/p>\n<\/div>\n<\/div>\n<\/div>\n<div class=\"flex justify-between lg:block\">\n<div class=\"text-gray-400 flex self-end lg:self-center justify-center mt-2 gap-2 md:gap-3 lg:gap-1 lg:absolute lg:top-0 lg:translate-x-full lg:right-0 lg:mt-0 lg:pl-2 visible\">\n<div class=\"flex gap-1\"><\/div>\n<\/div>\n<\/div>\n<\/div>\n<\/div>\n<\/div>\n","protected":false},"excerpt":{"rendered":"<p>Les boutons de souris tactiles du HP EliteBook 8560P (r\u00e9f\u00e9rence 560200A00-133G) sont des pi\u00e8ces de rechange d&rsquo;origine offrant un contr\u00f4le r\u00e9actif et pr\u00e9cis. Con\u00e7us pour s&rsquo;int\u00e9grer parfaitement \u00e0 votre ordinateur portable, ils restaurent toutes les fonctionnalit\u00e9s de votre pav\u00e9 tactile pour une exp\u00e9rience utilisateur fluide.<\/p>\n","protected":false},"featured_media":7442,"template":"","meta":[],"product_brand":[],"product_cat":[78],"product_tag":[61],"class_list":{"0":"post-7392","1":"product","2":"type-product","3":"status-publish","4":"has-post-thumbnail","6":"product_cat-laptop-touchpads","7":"product_tag-hp","9":"first","10":"instock","11":"taxable","12":"shipping-taxable","13":"purchasable","14":"product-type-simple"},"_links":{"self":[{"href":"https:\/\/boreait.com\/fr\/wp-json\/wp\/v2\/product\/7392","targetHints":{"allow":["GET"]}}],"collection":[{"href":"https:\/\/boreait.com\/fr\/wp-json\/wp\/v2\/product"}],"about":[{"href":"https:\/\/boreait.com\/fr\/wp-json\/wp\/v2\/types\/product"}],"wp:featuredmedia":[{"embeddable":true,"href":"https:\/\/boreait.com\/fr\/wp-json\/wp\/v2\/media\/7442"}],"wp:attachment":[{"href":"https:\/\/boreait.com\/fr\/wp-json\/wp\/v2\/media?parent=7392"}],"wp:term":[{"taxonomy":"product_brand","embeddable":true,"href":"https:\/\/boreait.com\/fr\/wp-json\/wp\/v2\/product_brand?post=7392"},{"taxonomy":"product_cat","embeddable":true,"href":"https:\/\/boreait.com\/fr\/wp-json\/wp\/v2\/product_cat?post=7392"},{"taxonomy":"product_tag","embeddable":true,"href":"https:\/\/boreait.com\/fr\/wp-json\/wp\/v2\/product_tag?post=7392"}],"curies":[{"name":"wp","href":"https:\/\/api.w.org\/{rel}","templated":true}]}}