{"id":7391,"date":"2025-09-15T14:11:19","date_gmt":"2025-09-15T12:11:19","guid":{"rendered":"https:\/\/boreait.com\/fr\/?post_type=product&#038;p=7391"},"modified":"2025-09-15T14:12:23","modified_gmt":"2025-09-15T12:12:23","slug":"ecran-lcd-arriere-du-hp-elitebook-8560p-641201-001","status":"publish","type":"product","link":"https:\/\/boreait.com\/fr\/produit\/ecran-lcd-arriere-du-hp-elitebook-8560p-641201-001\/","title":{"rendered":"\u00c9cran LCD arri\u00e8re du HP EliteBook 8560P (641201-001)"},"content":{"rendered":"<p><strong>IDENTIQUE \u00c0 LA PHOTO DE L&rsquo;ANNONCE\u00a0!<\/strong><\/p>\n<p>Le cache arri\u00e8re de l&rsquo;\u00e9cran LCD du HP EliteBook 8560P, r\u00e9f\u00e9rence 641201-001, est un composant de remplacement d&rsquo;origine sp\u00e9cialement con\u00e7u pour ce mod\u00e8le d&rsquo;ordinateur portable. Il prot\u00e8ge et soutient l&rsquo;\u00e9cran LCD.<\/p>\n<p>Fabriqu\u00e9 avec pr\u00e9cision et qualit\u00e9, ce cache arri\u00e8re assure un ajustement parfait et une int\u00e9gration parfaite \u00e0 votre HP EliteBook 8560P. Il est fabriqu\u00e9 \u00e0 partir de mat\u00e9riaux durables pour r\u00e9sister \u00e0 une utilisation quotidienne et prot\u00e9ger l&rsquo;\u00e9cran LCD fragile des rayures et des dommages.<\/p>\n<p>Une fois install\u00e9 correctement, ce cache arri\u00e8re de remplacement restaure l&rsquo;esth\u00e9tique et les fonctionnalit\u00e9s de votre ordinateur portable. Ce produit HP authentique, exempt de plagiat ou d&rsquo;imitation, garantit une compatibilit\u00e9 et des performances optimales.<\/p>\n<p>Am\u00e9liorez votre HP EliteBook 8560P avec le cache arri\u00e8re de l&rsquo;\u00e9cran LCD 641201-001 et profitez d&rsquo;un \u00e9cran neuf et prot\u00e9g\u00e9. B\u00e9n\u00e9ficiez de la tranquillit\u00e9 d\u2019esprit que procure l\u2019utilisation d\u2019un composant de remplacement authentique et fiable.<\/p>\n","protected":false},"excerpt":{"rendered":"<div class=\"group w-full text-gray-800 dark:text-gray-100 border-b border-black\/10 dark:border-gray-900\/50 bg-gray-50 dark:bg-[#444654]\">\n<div class=\"flex p-4 gap-4 text-base md:gap-6 md:max-w-2xl lg:max-w-[38rem] xl:max-w-3xl md:py-6 lg:px-0 m-auto\">\n<div class=\"relative flex w-[calc(100%-50px)] flex-col gap-1 md:gap-3 lg:w-[calc(100%-115px)]\">\n<div class=\"flex flex-grow flex-col gap-3\">\n<div class=\"min-h-[20px] flex flex-col items-start gap-4 whitespace-pre-wrap break-words\">\n<div class=\"markdown prose w-full break-words dark:prose-invert light\">\n<p>Le cache arri\u00e8re de l&rsquo;\u00e9cran LCD du HP EliteBook 8560P (r\u00e9f\u00e9rence 641201-001) est un composant de rechange d&rsquo;origine qui prot\u00e8ge et maintient l&rsquo;\u00e9cran de votre ordinateur portable. Il est con\u00e7u pour s&rsquo;adapter parfaitement et garantit une compatibilit\u00e9 et des performances optimales.<\/p>\n<\/div>\n<\/div>\n<\/div>\n<\/div>\n<\/div>\n<\/div>\n","protected":false},"featured_media":7440,"template":"","meta":[],"product_brand":[],"product_cat":[52],"product_tag":[61],"class_list":{"0":"post-7391","1":"product","2":"type-product","3":"status-publish","4":"has-post-thumbnail","6":"product_cat-laptop-housing","7":"product_tag-hp","9":"first","10":"instock","11":"taxable","12":"shipping-taxable","13":"purchasable","14":"product-type-simple"},"_links":{"self":[{"href":"https:\/\/boreait.com\/fr\/wp-json\/wp\/v2\/product\/7391","targetHints":{"allow":["GET"]}}],"collection":[{"href":"https:\/\/boreait.com\/fr\/wp-json\/wp\/v2\/product"}],"about":[{"href":"https:\/\/boreait.com\/fr\/wp-json\/wp\/v2\/types\/product"}],"wp:featuredmedia":[{"embeddable":true,"href":"https:\/\/boreait.com\/fr\/wp-json\/wp\/v2\/media\/7440"}],"wp:attachment":[{"href":"https:\/\/boreait.com\/fr\/wp-json\/wp\/v2\/media?parent=7391"}],"wp:term":[{"taxonomy":"product_brand","embeddable":true,"href":"https:\/\/boreait.com\/fr\/wp-json\/wp\/v2\/product_brand?post=7391"},{"taxonomy":"product_cat","embeddable":true,"href":"https:\/\/boreait.com\/fr\/wp-json\/wp\/v2\/product_cat?post=7391"},{"taxonomy":"product_tag","embeddable":true,"href":"https:\/\/boreait.com\/fr\/wp-json\/wp\/v2\/product_tag?post=7391"}],"curies":[{"name":"wp","href":"https:\/\/api.w.org\/{rel}","templated":true}]}}