{"id":7374,"date":"2025-09-15T14:10:57","date_gmt":"2025-09-15T12:10:57","guid":{"rendered":"https:\/\/boreait.com\/fr\/?post_type=product&#038;p=7374"},"modified":"2025-09-15T14:12:15","modified_gmt":"2025-09-15T12:12:15","slug":"cable-daffichage-pour-ecran-led-compatible-avec-la-reference-350406b00-01s-g","status":"publish","type":"product","link":"https:\/\/boreait.com\/fr\/produit\/cable-daffichage-pour-ecran-led-compatible-avec-la-reference-350406b00-01s-g\/","title":{"rendered":"C\u00e2ble d&rsquo;affichage pour \u00e9cran LED, compatible avec la r\u00e9f\u00e9rence\u00a0: 350406B00-01S-G"},"content":{"rendered":"<p>Le c\u00e2ble d&rsquo;affichage pour \u00e9cran LED, compatible avec la r\u00e9f\u00e9rence\u00a0: 350406B00-01S-G, est un composant de remplacement d&rsquo;origine con\u00e7u pour des appareils sp\u00e9cifiques. Ce c\u00e2ble transmet le signal vid\u00e9o de la carte m\u00e8re \u00e0 l&rsquo;\u00e9cran LED, vous permettant de profiter d&rsquo;un affichage clair et \u00e9clatant.<\/p>\n<p>Fabriqu\u00e9 avec pr\u00e9cision et qualit\u00e9, ce c\u00e2ble d&rsquo;affichage assure une connectivit\u00e9 fiable et fluide entre la carte m\u00e8re et l&rsquo;\u00e9cran LED. Il est con\u00e7u pour s&rsquo;adapter parfaitement et offrir des performances optimales, vous permettant de profiter pleinement des images de votre appareil.<\/p>\n<p>Une fois correctement install\u00e9, ce c\u00e2ble de remplacement restaure les fonctionnalit\u00e9s de votre \u00e9cran LED, offrant un affichage net et de haute qualit\u00e9. Ce produit authentique, exempt de plagiat ou d&rsquo;imitation, garantit compatibilit\u00e9 et performances fiables.<\/p>\n<p>Am\u00e9liorez votre appareil avec le c\u00e2ble d&rsquo;affichage pour \u00e9cran LED, compatible avec la r\u00e9f\u00e9rence\u00a0: 350406B00-01S-G, et profitez d&rsquo;une exp\u00e9rience visuelle am\u00e9lior\u00e9e gr\u00e2ce \u00e0 un composant de remplacement fiable et authentique.<\/p>\n","protected":false},"excerpt":{"rendered":"<div class=\"group w-full text-gray-800 dark:text-gray-100 border-b border-black\/10 dark:border-gray-900\/50 bg-gray-50 dark:bg-[#444654]\">\n<div class=\"flex p-4 gap-4 text-base md:gap-6 md:max-w-2xl lg:max-w-[38rem] xl:max-w-3xl md:py-6 lg:px-0 m-auto\">\n<div class=\"relative flex w-[calc(100%-50px)] flex-col gap-1 md:gap-3 lg:w-[calc(100%-115px)]\">\n<div class=\"flex flex-grow flex-col gap-3\">\n<div class=\"min-h-[20px] flex flex-col items-start gap-4 whitespace-pre-wrap break-words\">\n<div class=\"markdown prose w-full break-words dark:prose-invert light\">\n<p>Le c\u00e2ble d&rsquo;affichage pour \u00e9cran LED, compatible avec la r\u00e9f\u00e9rence\u00a0: 350406B00-01S-G, est un composant de rechange d&rsquo;origine. Il assure une connectivit\u00e9 fiable et des performances optimales, en transmettant les signaux vid\u00e9o de la carte m\u00e8re \u00e0 l&rsquo;\u00e9cran LED. Profitez d&rsquo;images claires et \u00e9clatantes avec ce c\u00e2ble authentique et compatible.<\/p>\n<\/div>\n<\/div>\n<\/div>\n<\/div>\n<\/div>\n<\/div>\n","protected":false},"featured_media":7438,"template":"","meta":[],"product_brand":[],"product_cat":[56],"product_tag":[],"class_list":{"0":"post-7374","1":"product","2":"type-product","3":"status-publish","4":"has-post-thumbnail","6":"product_cat-cables","8":"first","9":"instock","10":"taxable","11":"shipping-taxable","12":"purchasable","13":"product-type-simple"},"_links":{"self":[{"href":"https:\/\/boreait.com\/fr\/wp-json\/wp\/v2\/product\/7374","targetHints":{"allow":["GET"]}}],"collection":[{"href":"https:\/\/boreait.com\/fr\/wp-json\/wp\/v2\/product"}],"about":[{"href":"https:\/\/boreait.com\/fr\/wp-json\/wp\/v2\/types\/product"}],"wp:featuredmedia":[{"embeddable":true,"href":"https:\/\/boreait.com\/fr\/wp-json\/wp\/v2\/media\/7438"}],"wp:attachment":[{"href":"https:\/\/boreait.com\/fr\/wp-json\/wp\/v2\/media?parent=7374"}],"wp:term":[{"taxonomy":"product_brand","embeddable":true,"href":"https:\/\/boreait.com\/fr\/wp-json\/wp\/v2\/product_brand?post=7374"},{"taxonomy":"product_cat","embeddable":true,"href":"https:\/\/boreait.com\/fr\/wp-json\/wp\/v2\/product_cat?post=7374"},{"taxonomy":"product_tag","embeddable":true,"href":"https:\/\/boreait.com\/fr\/wp-json\/wp\/v2\/product_tag?post=7374"}],"curies":[{"name":"wp","href":"https:\/\/api.w.org\/{rel}","templated":true}]}}