{"id":7365,"date":"2025-09-15T14:10:55","date_gmt":"2025-09-15T12:10:55","guid":{"rendered":"https:\/\/boreait.com\/fr\/?post_type=product&#038;p=7365"},"modified":"2026-01-07T09:42:14","modified_gmt":"2026-01-07T08:42:14","slug":"charnieres-gauche-et-droite-de-remplacement-pour-ecran-lcd-dordinateur-portable-asus-x512-x512f-x512fa","status":"publish","type":"product","link":"https:\/\/boreait.com\/fr\/produit\/charnieres-gauche-et-droite-de-remplacement-pour-ecran-lcd-dordinateur-portable-asus-x512-x512f-x512fa\/","title":{"rendered":"Charni\u00e8res gauche et droite de remplacement pour \u00e9cran LCD d&rsquo;ordinateur portable ASUS X512 X512F X512FA"},"content":{"rendered":"<p>Les charni\u00e8res LCD gauche et droite de remplacement sont sp\u00e9cialement con\u00e7ues pour l&rsquo;ordinateur portable ASUS X512, X512F et X512FA. Ce kit de charni\u00e8res comprend les charni\u00e8res gauche et droite, offrant une solution compl\u00e8te pour la r\u00e9paration ou le remplacement des charni\u00e8res de l&rsquo;\u00e9cran LCD de votre ordinateur portable.<\/p>\n<p>Fabriqu\u00e9es avec pr\u00e9cision et durabilit\u00e9, ces charni\u00e8res assurent une ouverture et une fermeture fluides de l&rsquo;\u00e9cran. Elles s&rsquo;int\u00e8grent parfaitement \u00e0 l&rsquo;ordinateur portable ASUS X512, X512F et X512FA, garantissant un alignement et un fonctionnement parfaits.<\/p>\n<p>En rempla\u00e7ant les charni\u00e8res anciennes ou endommag\u00e9es par ce kit, vous pouvez restaurer la stabilit\u00e9 et la flexibilit\u00e9 de l&rsquo;\u00e9cran LCD de votre ordinateur portable. Cela permet des angles de vision confortables et \u00e9vite les oscillations ou les probl\u00e8mes d&rsquo;alignement qui pourraient nuire \u00e0 votre exp\u00e9rience utilisateur.<\/p>\n<p>Am\u00e9liorez votre ordinateur portable ASUS X512, X512F et X512FA avec ce kit de charni\u00e8res LCD gauche et droite de remplacement pour retrouver toutes les fonctionnalit\u00e9s de votre \u00e9cran LCD. B\u00e9n\u00e9ficiez d&rsquo;une ouverture et d&rsquo;une fermeture transparentes de l&rsquo;\u00e9cran tout en maintenant la stabilit\u00e9 et la long\u00e9vit\u00e9 de votre appareil.<\/p>\n","protected":false},"excerpt":{"rendered":"<div class=\"group w-full text-gray-800 dark:text-gray-100 border-b border-black\/10 dark:border-gray-900\/50 bg-gray-50 dark:bg-[#444654]\">\n<div class=\"flex p-4 gap-4 text-base md:gap-6 md:max-w-2xl lg:max-w-xl xl:max-w-3xl md:py-6 lg:px-0 m-auto\">\n<div class=\"relative flex w-[calc(100%-50px)] flex-col gap-1 md:gap-3 lg:w-[calc(100%-115px)]\">\n<div class=\"flex flex-grow flex-col gap-3\">\n<div class=\"min-h-[20px] flex flex-col items-start gap-4 whitespace-pre-wrap break-words\">\n<div class=\"markdown prose w-full break-words dark:prose-invert light\">\n<p>La charni\u00e8re LCD gauche et droite de remplacement est con\u00e7ue pour l&rsquo;ordinateur portable ASUS X512, X512F et X512FA. Ce kit comprend les deux charni\u00e8res pour la r\u00e9paration ou le remplacement des charni\u00e8res de l&rsquo;\u00e9cran LCD. Restaurez la stabilit\u00e9 et la flexibilit\u00e9 de l&rsquo;\u00e9cran de votre ordinateur portable gr\u00e2ce \u00e0 ce kit de charni\u00e8res robuste.<\/p>\n<\/div>\n<\/div>\n<\/div>\n<\/div>\n<\/div>\n<\/div>\n","protected":false},"featured_media":7412,"template":"","meta":[],"product_brand":[],"product_cat":[55],"product_tag":[66],"class_list":{"0":"post-7365","1":"product","2":"type-product","3":"status-publish","4":"has-post-thumbnail","6":"product_cat-screen-hinge","7":"product_tag-asus","9":"first","10":"instock","11":"taxable","12":"shipping-taxable","13":"purchasable","14":"product-type-simple"},"_links":{"self":[{"href":"https:\/\/boreait.com\/fr\/wp-json\/wp\/v2\/product\/7365","targetHints":{"allow":["GET"]}}],"collection":[{"href":"https:\/\/boreait.com\/fr\/wp-json\/wp\/v2\/product"}],"about":[{"href":"https:\/\/boreait.com\/fr\/wp-json\/wp\/v2\/types\/product"}],"wp:featuredmedia":[{"embeddable":true,"href":"https:\/\/boreait.com\/fr\/wp-json\/wp\/v2\/media\/7412"}],"wp:attachment":[{"href":"https:\/\/boreait.com\/fr\/wp-json\/wp\/v2\/media?parent=7365"}],"wp:term":[{"taxonomy":"product_brand","embeddable":true,"href":"https:\/\/boreait.com\/fr\/wp-json\/wp\/v2\/product_brand?post=7365"},{"taxonomy":"product_cat","embeddable":true,"href":"https:\/\/boreait.com\/fr\/wp-json\/wp\/v2\/product_cat?post=7365"},{"taxonomy":"product_tag","embeddable":true,"href":"https:\/\/boreait.com\/fr\/wp-json\/wp\/v2\/product_tag?post=7365"}],"curies":[{"name":"wp","href":"https:\/\/api.w.org\/{rel}","templated":true}]}}