{"id":7364,"date":"2025-09-15T14:10:55","date_gmt":"2025-09-15T12:10:55","guid":{"rendered":"https:\/\/boreait.com\/fr\/?post_type=product&#038;p=7364"},"modified":"2026-01-13T17:31:49","modified_gmt":"2026-01-13T16:31:49","slug":"charnieres-de-support-decran-en-metal-pour-hp-elitebook-8560p-i7-2640-vga-156-gw704tcwx788av","status":"publish","type":"product","link":"https:\/\/boreait.com\/fr\/produit\/charnieres-de-support-decran-en-metal-pour-hp-elitebook-8560p-i7-2640-vga-156-gw704tcwx788av\/","title":{"rendered":"Charni\u00e8res de support d&rsquo;\u00e9cran en m\u00e9tal pour HP EliteBook 8560p i7-2640\/VGA\/15,6 GW704TC#WX788AV"},"content":{"rendered":"<p>Les charni\u00e8res m\u00e9talliques pour \u00e9cran sont une pi\u00e8ce de rechange d&rsquo;origine con\u00e7ue pour l&rsquo;ordinateur portable HP EliteBook 8560p i7-2640\/VGA\/15,6 pouces (GW704TC#WX788AV). Ces charni\u00e8res m\u00e9talliques assurent la stabilit\u00e9 et le maintien de l&rsquo;\u00e9cran, permettant une ouverture et une fermeture en douceur.<\/p>\n<p>Fabriqu\u00e9es avec des mat\u00e9riaux de haute qualit\u00e9, ces charni\u00e8res sont con\u00e7ues pour r\u00e9sister \u00e0 une utilisation r\u00e9guli\u00e8re et garantir une longue dur\u00e9e de vie. Elles s&rsquo;adaptent parfaitement \u00e0 l&rsquo;ordinateur portable HP EliteBook 8560p, garantissant ainsi compatibilit\u00e9 et facilit\u00e9 d&rsquo;installation.<\/p>\n<p>En rempla\u00e7ant les charni\u00e8res anciennes ou endommag\u00e9es par les charni\u00e8res m\u00e9talliques pour \u00e9cran, vous pouvez restaurer le bon fonctionnement de l&rsquo;\u00e9cran de votre ordinateur portable. Cela inclut une ouverture et une fermeture en douceur, \u00e9vitant tout oscillation ou d\u00e9salignement ind\u00e9sirable.<\/p>\n<p>Am\u00e9liorez la stabilit\u00e9 et la long\u00e9vit\u00e9 de votre \u00e9cran gr\u00e2ce aux charni\u00e8res m\u00e9talliques pour \u00e9cran HP EliteBook 8560p i7-2640\/VGA\/15,6 pouces. Profitez d&rsquo;une exp\u00e9rience fluide, que ce soit pour le travail ou les loisirs.<\/p>\n","protected":false},"excerpt":{"rendered":"<div class=\"group w-full text-gray-800 dark:text-gray-100 border-b border-black\/10 dark:border-gray-900\/50 bg-gray-50 dark:bg-[#444654]\">\n<div class=\"flex p-4 gap-4 text-base md:gap-6 md:max-w-2xl lg:max-w-xl xl:max-w-3xl md:py-6 lg:px-0 m-auto\">\n<div class=\"relative flex w-[calc(100%-50px)] flex-col gap-1 md:gap-3 lg:w-[calc(100%-115px)]\">\n<div class=\"flex flex-grow flex-col gap-3\">\n<div class=\"min-h-[20px] flex flex-col items-start gap-4 whitespace-pre-wrap break-words\">\n<div class=\"markdown prose w-full break-words dark:prose-invert light\">\n<p>Les charni\u00e8res m\u00e9talliques pour support d&rsquo;\u00e9cran sont des pi\u00e8ces de rechange con\u00e7ues pour l&rsquo;ordinateur portable HP EliteBook 8560p i7-2640\/VGA\/15,6&Prime; (GW704TC#WX788AV). Ces charni\u00e8res assurent la stabilit\u00e9 et la fluidit\u00e9 des mouvements de l&rsquo;\u00e9cran. Am\u00e9liorez la fonctionnalit\u00e9 et la long\u00e9vit\u00e9 de votre \u00e9cran avec ces charni\u00e8res durables.<\/p>\n<\/div>\n<\/div>\n<\/div>\n<\/div>\n<\/div>\n<\/div>\n","protected":false},"featured_media":7411,"template":"","meta":[],"product_brand":[],"product_cat":[55],"product_tag":[61],"class_list":{"0":"post-7364","1":"product","2":"type-product","3":"status-publish","4":"has-post-thumbnail","6":"product_cat-screen-hinge","7":"product_tag-hp","9":"first","10":"instock","11":"taxable","12":"shipping-taxable","13":"purchasable","14":"product-type-simple"},"_links":{"self":[{"href":"https:\/\/boreait.com\/fr\/wp-json\/wp\/v2\/product\/7364","targetHints":{"allow":["GET"]}}],"collection":[{"href":"https:\/\/boreait.com\/fr\/wp-json\/wp\/v2\/product"}],"about":[{"href":"https:\/\/boreait.com\/fr\/wp-json\/wp\/v2\/types\/product"}],"wp:featuredmedia":[{"embeddable":true,"href":"https:\/\/boreait.com\/fr\/wp-json\/wp\/v2\/media\/7411"}],"wp:attachment":[{"href":"https:\/\/boreait.com\/fr\/wp-json\/wp\/v2\/media?parent=7364"}],"wp:term":[{"taxonomy":"product_brand","embeddable":true,"href":"https:\/\/boreait.com\/fr\/wp-json\/wp\/v2\/product_brand?post=7364"},{"taxonomy":"product_cat","embeddable":true,"href":"https:\/\/boreait.com\/fr\/wp-json\/wp\/v2\/product_cat?post=7364"},{"taxonomy":"product_tag","embeddable":true,"href":"https:\/\/boreait.com\/fr\/wp-json\/wp\/v2\/product_tag?post=7364"}],"curies":[{"name":"wp","href":"https:\/\/api.w.org\/{rel}","templated":true}]}}