{"id":7342,"date":"2025-09-15T14:10:32","date_gmt":"2025-09-15T12:10:32","guid":{"rendered":"https:\/\/boreait.com\/fr\/?post_type=product&#038;p=7342"},"modified":"2026-01-14T08:07:25","modified_gmt":"2026-01-14T07:07:25","slug":"memoire-dordinateur-portable-mt16ktf51264hz-1g6m1-dorigine-oem-micron-4-go-pc3-12800-ca69","status":"publish","type":"product","link":"https:\/\/boreait.com\/fr\/produit\/memoire-dordinateur-portable-mt16ktf51264hz-1g6m1-dorigine-oem-micron-4-go-pc3-12800-ca69\/","title":{"rendered":"M\u00e9moire d&rsquo;ordinateur portable MT16KTF51264HZ-1G6M1 d&rsquo;origine OEM MICRON 4 Go PC3-12800 (CA69)"},"content":{"rendered":"<p>Le MT16KTF51264HZ-1G6M1 est un module m\u00e9moire Micron PC3-12800 4 Go (CA69) d&rsquo;origine pour ordinateur portable. Con\u00e7u sp\u00e9cifiquement pour les ordinateurs portables, ce module offre une capacit\u00e9 m\u00e9moire fiable et performante.<\/p>\n<p>Avec une capacit\u00e9 de 4 Go, ce module m\u00e9moire Micron offre un espace suffisant pour le multit\u00e2che et l&rsquo;ex\u00e9cution d&rsquo;applications gourmandes en m\u00e9moire, garantissant des performances fluides et efficaces.<\/p>\n<p>Fonctionnant \u00e0 la vitesse PC3-12800, ce module offre des taux de transfert de donn\u00e9es rapides de 12\u00a0800 m\u00e9gaoctets par seconde, garantissant des performances syst\u00e8me rapides et r\u00e9actives. Il est donc id\u00e9al pour les t\u00e2ches exigeantes telles que les jeux, le montage multim\u00e9dia et autres applications gourmandes en m\u00e9moire.<\/p>\n<p>Le num\u00e9ro de mod\u00e8le MT16KTF51264HZ-1G6M1 garantit la compatibilit\u00e9 et l&rsquo;authenticit\u00e9, vous assurant ainsi d&rsquo;acqu\u00e9rir un module m\u00e9moire Micron d&rsquo;origine, con\u00e7u pour r\u00e9pondre aux normes de qualit\u00e9 les plus strictes. <\/p>\n<p>Am\u00e9liorez votre ordinateur portable avec la m\u00e9moire d&rsquo;origine Micron 4 Go PC3-12800 MT16KTF51264HZ-1G6M1 pour am\u00e9liorer ses performances globales et garantir le bon fonctionnement de diverses applications et t\u00e2ches.<\/p>\n","protected":false},"excerpt":{"rendered":"<p>Le MT16KTF51264HZ-1G6M1 est un module m\u00e9moire Micron PC3-12800 4 Go d&rsquo;origine pour ordinateur portable. Il offre une capacit\u00e9 m\u00e9moire fiable et performante pour les ordinateurs portables, permettant un multit\u00e2che efficace et le bon fonctionnement des applications gourmandes en m\u00e9moire. Gr\u00e2ce \u00e0 ses taux de transfert de donn\u00e9es \u00e9lev\u00e9s et \u00e0 sa compatibilit\u00e9 garantie, ce module m\u00e9moire constitue une mise \u00e0 niveau id\u00e9ale pour am\u00e9liorer les performances de votre ordinateur portable.<\/p>\n","protected":false},"featured_media":7405,"template":"","meta":[],"product_brand":[],"product_cat":[73,72],"product_tag":[],"class_list":{"0":"post-7342","1":"product","2":"type-product","3":"status-publish","4":"has-post-thumbnail","6":"product_cat-ddr3-ddr3l","7":"product_cat-ram-memory","9":"first","10":"instock","11":"taxable","12":"shipping-taxable","13":"purchasable","14":"product-type-simple"},"_links":{"self":[{"href":"https:\/\/boreait.com\/fr\/wp-json\/wp\/v2\/product\/7342","targetHints":{"allow":["GET"]}}],"collection":[{"href":"https:\/\/boreait.com\/fr\/wp-json\/wp\/v2\/product"}],"about":[{"href":"https:\/\/boreait.com\/fr\/wp-json\/wp\/v2\/types\/product"}],"wp:featuredmedia":[{"embeddable":true,"href":"https:\/\/boreait.com\/fr\/wp-json\/wp\/v2\/media\/7405"}],"wp:attachment":[{"href":"https:\/\/boreait.com\/fr\/wp-json\/wp\/v2\/media?parent=7342"}],"wp:term":[{"taxonomy":"product_brand","embeddable":true,"href":"https:\/\/boreait.com\/fr\/wp-json\/wp\/v2\/product_brand?post=7342"},{"taxonomy":"product_cat","embeddable":true,"href":"https:\/\/boreait.com\/fr\/wp-json\/wp\/v2\/product_cat?post=7342"},{"taxonomy":"product_tag","embeddable":true,"href":"https:\/\/boreait.com\/fr\/wp-json\/wp\/v2\/product_tag?post=7342"}],"curies":[{"name":"wp","href":"https:\/\/api.w.org\/{rel}","templated":true}]}}