{"id":7338,"date":"2025-09-15T14:10:31","date_gmt":"2025-09-15T12:10:31","guid":{"rendered":"https:\/\/boreait.com\/fr\/?post_type=product&#038;p=7338"},"modified":"2025-09-15T14:11:13","modified_gmt":"2025-09-15T12:11:13","slug":"coque-arriere-de-lecran-lcd-pour-acer-aspire-v3-v3-531-v3-551-v3-571-v3-531g-v3-551g-v3-571g","status":"publish","type":"product","link":"https:\/\/boreait.com\/fr\/produit\/coque-arriere-de-lecran-lcd-pour-acer-aspire-v3-v3-531-v3-551-v3-571-v3-531g-v3-551g-v3-571g\/","title":{"rendered":"Coque arri\u00e8re de l&rsquo;\u00e9cran LCD pour Acer Aspire V3 V3-531 V3-551 V3-571 V3-531G V3-551G V3-571G"},"content":{"rendered":"<p>Le cache arri\u00e8re de l&rsquo;\u00e9cran LCD de l&rsquo;Acer Aspire s\u00e9rie V3 (V3-531, V3-551, V3-571, V3-531G, V3-551G et V3-571G) est un composant qui recouvre l&rsquo;arri\u00e8re de l&rsquo;\u00e9cran LCD de l&rsquo;ordinateur portable. Il est con\u00e7u pour prot\u00e9ger l&rsquo;\u00e9cran LCD et soutenir les charni\u00e8res qui le relient \u00e0 la base de l&rsquo;ordinateur.<\/p>\n<p>Le cache arri\u00e8re est fabriqu\u00e9 en plastique de haute qualit\u00e9 et est disponible en plusieurs couleurs. Facile \u00e0 installer et \u00e0 retirer, il est pratique pour les utilisateurs qui doivent remplacer ou mettre \u00e0 niveau l&rsquo;\u00e9cran LCD de leur ordinateur portable.<\/p>\n<p>En r\u00e9sum\u00e9, le cache arri\u00e8re de l&rsquo;\u00e9cran LCD de l&rsquo;Acer Aspire s\u00e9rie V3 est un composant essentiel qui am\u00e9liore la fonctionnalit\u00e9 et la durabilit\u00e9 de l&rsquo;ordinateur portable, en prot\u00e9geant et en soutenant l&rsquo;\u00e9cran LCD.<\/p>\n","protected":false},"excerpt":{"rendered":"<div class=\"group w-full text-gray-800 dark:text-gray-100 border-b border-black\/10 dark:border-gray-900\/50 bg-gray-50 dark:bg-[#444654]\">\n<div class=\"flex p-4 gap-4 text-base md:gap-6 md:max-w-2xl lg:max-w-xl xl:max-w-3xl md:py-6 lg:px-0 m-auto\">\n<div class=\"relative flex w-[calc(100%-50px)] flex-col gap-1 md:gap-3 lg:w-[calc(100%-115px)]\">\n<div class=\"flex flex-grow flex-col gap-3\">\n<div class=\"min-h-[20px] flex flex-col items-start gap-4 whitespace-pre-wrap break-words\">\n<div class=\"markdown prose w-full break-words dark:prose-invert light\">\n<p>Le cache arri\u00e8re de l&rsquo;\u00e9cran LCD des ordinateurs portables Acer Aspire s\u00e9rie V3 (V3-531, V3-551, V3-571, V3-531G, V3-551G et V3-571G) est un composant en plastique qui recouvre l&rsquo;arri\u00e8re de l&rsquo;\u00e9cran LCD de l&rsquo;ordinateur portable. Il offre protection et maintien \u00e0 l&rsquo;\u00e9cran LCD et est disponible en plusieurs couleurs. Facile \u00e0 installer et \u00e0 retirer, il est pratique pour les utilisateurs qui doivent remplacer ou mettre \u00e0 niveau l&rsquo;\u00e9cran LCD de leur ordinateur portable. En r\u00e9sum\u00e9, le cache arri\u00e8re de l&rsquo;\u00e9cran LCD est un composant essentiel qui am\u00e9liore la fonctionnalit\u00e9 et la durabilit\u00e9 des ordinateurs portables Acer Aspire s\u00e9rie V3. <\/p>\n<\/div>\n<\/div>\n<\/div>\n<div class=\"flex justify-between lg:block\">\n<div class=\"text-gray-400 flex self-end lg:self-center justify-center mt-2 gap-2 md:gap-3 lg:gap-1 lg:absolute lg:top-0 lg:translate-x-full lg:right-0 lg:mt-0 lg:pl-2 visible\">\n<p>&nbsp;<\/p>\n<div class=\"flex gap-1\"><\/div>\n<\/div>\n<\/div>\n<\/div>\n<\/div>\n<\/div>\n","protected":false},"featured_media":7387,"template":"","meta":[],"product_brand":[],"product_cat":[52],"product_tag":[65],"class_list":{"0":"post-7338","1":"product","2":"type-product","3":"status-publish","4":"has-post-thumbnail","6":"product_cat-laptop-housing","7":"product_tag-acer","9":"first","10":"instock","11":"taxable","12":"shipping-taxable","13":"purchasable","14":"product-type-simple"},"_links":{"self":[{"href":"https:\/\/boreait.com\/fr\/wp-json\/wp\/v2\/product\/7338","targetHints":{"allow":["GET"]}}],"collection":[{"href":"https:\/\/boreait.com\/fr\/wp-json\/wp\/v2\/product"}],"about":[{"href":"https:\/\/boreait.com\/fr\/wp-json\/wp\/v2\/types\/product"}],"wp:featuredmedia":[{"embeddable":true,"href":"https:\/\/boreait.com\/fr\/wp-json\/wp\/v2\/media\/7387"}],"wp:attachment":[{"href":"https:\/\/boreait.com\/fr\/wp-json\/wp\/v2\/media?parent=7338"}],"wp:term":[{"taxonomy":"product_brand","embeddable":true,"href":"https:\/\/boreait.com\/fr\/wp-json\/wp\/v2\/product_brand?post=7338"},{"taxonomy":"product_cat","embeddable":true,"href":"https:\/\/boreait.com\/fr\/wp-json\/wp\/v2\/product_cat?post=7338"},{"taxonomy":"product_tag","embeddable":true,"href":"https:\/\/boreait.com\/fr\/wp-json\/wp\/v2\/product_tag?post=7338"}],"curies":[{"name":"wp","href":"https:\/\/api.w.org\/{rel}","templated":true}]}}