{"id":7336,"date":"2025-09-15T14:10:30","date_gmt":"2025-09-15T12:10:30","guid":{"rendered":"https:\/\/boreait.com\/fr\/?post_type=product&#038;p=7336"},"modified":"2025-09-15T14:11:07","modified_gmt":"2025-09-15T12:11:07","slug":"chassis-inferieur-toshiba-satellite-l70-c-l70-c-106-l75-h000081930-j0115-b06-clavier","status":"publish","type":"product","link":"https:\/\/boreait.com\/fr\/produit\/chassis-inferieur-toshiba-satellite-l70-c-l70-c-106-l75-h000081930-j0115-b06-clavier\/","title":{"rendered":"Ch\u00e2ssis inf\u00e9rieur Toshiba Satellite L70-C L70-C-106 L75 H000081930 (J0115) B06 + CLAVIER"},"content":{"rendered":"<p><strong>IDENTIQUE \u00c0 LA PHOTO\u00a0! CLAVIER INCLUS\u00a0!<\/strong><\/p>\n<p>Le ch\u00e2ssis inf\u00e9rieur H000081930 (J0115) B06 pour Toshiba Satellite L70-C, L70-C-106 et L75 est une pi\u00e8ce de rechange d&rsquo;origine sp\u00e9cialement con\u00e7ue pour le ch\u00e2ssis inf\u00e9rieur des ordinateurs portables Toshiba Satellite L70-C, L70-C-106 et L75. Fabriqu\u00e9e par Toshiba avec des mat\u00e9riaux de haute qualit\u00e9 pour garantir durabilit\u00e9 et long\u00e9vit\u00e9, cette pi\u00e8ce de rechange est facile \u00e0 installer et est livr\u00e9e avec tous les composants n\u00e9cessaires pour un remplacement sans tracas.<\/p>\n<p>En utilisant le ch\u00e2ssis inf\u00e9rieur H000081930 (J0115) B06, vous pouvez restaurer les fonctionnalit\u00e9s de votre ordinateur portable et garantir qu&rsquo;il fonctionne au m\u00eame niveau que le ch\u00e2ssis d&rsquo;origine. Cette pi\u00e8ce de rechange est un produit Toshiba d&rsquo;origine, vous pouvez donc \u00eatre s\u00fbr qu&rsquo;elle fonctionnera parfaitement avec votre ordinateur portable. Que vous soyez un professionnel qui a besoin d&rsquo;un ordinateur portable fiable pour travailler ou un \u00e9tudiant qui a besoin d&rsquo;un ordinateur portable pour \u00e9tudier, le ch\u00e2ssis inf\u00e9rieur de base Toshiba Satellite L70-C, L70-C-106 et L75 H000081930 (J0115) B06 est un excellent choix pour maintenir la durabilit\u00e9 et les performances de votre ordinateur portable.<\/p>\n","protected":false},"excerpt":{"rendered":"<p>Le ch\u00e2ssis inf\u00e9rieur H000081930 (J0115) B06 pour Toshiba Satellite L70-C, L70-C-106 et L75 est une pi\u00e8ce de rechange fabriqu\u00e9e par Toshiba pour le ch\u00e2ssis inf\u00e9rieur des ordinateurs portables Toshiba Satellite L70-C, L70-C-106 et L75. Cette pi\u00e8ce de rechange d&rsquo;origine est con\u00e7ue pour r\u00e9sister \u00e0 l&rsquo;usure quotidienne et est fabriqu\u00e9e \u00e0 partir de mat\u00e9riaux de haute qualit\u00e9. Facile \u00e0 installer, le ch\u00e2ssis inf\u00e9rieur H000081930 (J0115) B06 est fourni avec tous les composants n\u00e9cessaires pour un remplacement rapide et sans tracas. Gr\u00e2ce \u00e0 cette pi\u00e8ce de rechange, vous pouvez restaurer les fonctionnalit\u00e9s de votre ordinateur portable et garantir qu&rsquo;il fonctionne au m\u00eame niveau que le ch\u00e2ssis d&rsquo;origine.<\/p>\n","protected":false},"featured_media":7384,"template":"","meta":[],"product_brand":[],"product_cat":[52],"product_tag":[70],"class_list":{"0":"post-7336","1":"product","2":"type-product","3":"status-publish","4":"has-post-thumbnail","6":"product_cat-laptop-housing","7":"product_tag-toshiba","9":"first","10":"instock","11":"taxable","12":"shipping-taxable","13":"purchasable","14":"product-type-simple"},"_links":{"self":[{"href":"https:\/\/boreait.com\/fr\/wp-json\/wp\/v2\/product\/7336","targetHints":{"allow":["GET"]}}],"collection":[{"href":"https:\/\/boreait.com\/fr\/wp-json\/wp\/v2\/product"}],"about":[{"href":"https:\/\/boreait.com\/fr\/wp-json\/wp\/v2\/types\/product"}],"wp:featuredmedia":[{"embeddable":true,"href":"https:\/\/boreait.com\/fr\/wp-json\/wp\/v2\/media\/7384"}],"wp:attachment":[{"href":"https:\/\/boreait.com\/fr\/wp-json\/wp\/v2\/media?parent=7336"}],"wp:term":[{"taxonomy":"product_brand","embeddable":true,"href":"https:\/\/boreait.com\/fr\/wp-json\/wp\/v2\/product_brand?post=7336"},{"taxonomy":"product_cat","embeddable":true,"href":"https:\/\/boreait.com\/fr\/wp-json\/wp\/v2\/product_cat?post=7336"},{"taxonomy":"product_tag","embeddable":true,"href":"https:\/\/boreait.com\/fr\/wp-json\/wp\/v2\/product_tag?post=7336"}],"curies":[{"name":"wp","href":"https:\/\/api.w.org\/{rel}","templated":true}]}}