{"id":7319,"date":"2025-09-15T14:10:08","date_gmt":"2025-09-15T12:10:08","guid":{"rendered":"https:\/\/boreait.com\/fr\/?post_type=product&#038;p=7319"},"modified":"2025-09-15T14:11:06","modified_gmt":"2025-09-15T12:11:06","slug":"chassis-inferieur-pour-toshiba-satellite-l70-c-l70-c-106-l75-h000081930-j0115-b06","status":"publish","type":"product","link":"https:\/\/boreait.com\/fr\/produit\/chassis-inferieur-pour-toshiba-satellite-l70-c-l70-c-106-l75-h000081930-j0115-b06\/","title":{"rendered":"Ch\u00e2ssis inf\u00e9rieur pour Toshiba Satellite L70-C L70-C-106 L75 H000081930 (J0115) B06"},"content":{"rendered":"<p>Le ch\u00e2ssis inf\u00e9rieur H000081930 (J0115) B06 pour Toshiba Satellite L70-C, L70-C-106 et L75 est une pi\u00e8ce de rechange d&rsquo;origine pour le ch\u00e2ssis inf\u00e9rieur des mod\u00e8les d&rsquo;ordinateurs portables mentionn\u00e9s ci-dessus. Fabriqu\u00e9 par Toshiba, il est parfaitement adapt\u00e9 aux ordinateurs portables L70-C, L70-C-106 et L75. Fabriqu\u00e9 \u00e0 partir de mat\u00e9riaux de haute qualit\u00e9, il est con\u00e7u pour r\u00e9sister aux rigueurs d&rsquo;une utilisation quotidienne.<\/p>\n<p>Le ch\u00e2ssis inf\u00e9rieur H000081930 (J0115) B06 est facile \u00e0 installer et est fourni avec tous les composants n\u00e9cessaires pour un remplacement rapide et sans tracas. Pi\u00e8ce d&rsquo;origine Toshiba, il fonctionnera parfaitement avec votre ordinateur portable et offrira les m\u00eames performances et la m\u00eame fiabilit\u00e9 que le ch\u00e2ssis d&rsquo;origine. <\/p>\n<p>Avec cette pi\u00e8ce de rechange, vous pouvez restaurer les fonctionnalit\u00e9s de votre ordinateur portable Toshiba Satellite et reprendre votre travail ou vos loisirs sans d\u00e9lai. Que vous soyez un professionnel \u00e0 la recherche d&rsquo;un ordinateur portable fiable pour travailler ou un \u00e9tudiant \u00e0 la recherche d&rsquo;un ordinateur portable pour \u00e9tudier, le ch\u00e2ssis inf\u00e9rieur H000081930 (J0115) B06 pour Toshiba Satellite L70-C, L70-C-106 et L75 est un excellent choix pour pr\u00e9server la durabilit\u00e9 et les performances de votre ordinateur portable.<\/p>\n","protected":false},"excerpt":{"rendered":"<p>Le ch\u00e2ssis inf\u00e9rieur H000081930 (J0115) B06 pour Toshiba Satellite L70-C, L70-C-106 et L75 est une pi\u00e8ce de rechange d&rsquo;origine con\u00e7ue pour s&rsquo;adapter parfaitement au ch\u00e2ssis inf\u00e9rieur des ordinateurs portables Toshiba Satellite L70-C, L70-C-106 et L75. Fabriqu\u00e9e \u00e0 partir de mat\u00e9riaux de haute qualit\u00e9, cette pi\u00e8ce de rechange est facile \u00e0 installer et offre les m\u00eames performances et la m\u00eame fiabilit\u00e9 que le ch\u00e2ssis d&rsquo;origine. Gr\u00e2ce au ch\u00e2ssis inf\u00e9rieur H000081930 (J0115) B06, vous pouvez restaurer rapidement les fonctionnalit\u00e9s de votre ordinateur portable et reprendre votre travail ou vos loisirs sans d\u00e9lai.<\/p>\n","protected":false},"featured_media":7383,"template":"","meta":[],"product_brand":[],"product_cat":[52],"product_tag":[70],"class_list":{"0":"post-7319","1":"product","2":"type-product","3":"status-publish","4":"has-post-thumbnail","6":"product_cat-laptop-housing","7":"product_tag-toshiba","9":"first","10":"instock","11":"taxable","12":"shipping-taxable","13":"purchasable","14":"product-type-simple"},"_links":{"self":[{"href":"https:\/\/boreait.com\/fr\/wp-json\/wp\/v2\/product\/7319","targetHints":{"allow":["GET"]}}],"collection":[{"href":"https:\/\/boreait.com\/fr\/wp-json\/wp\/v2\/product"}],"about":[{"href":"https:\/\/boreait.com\/fr\/wp-json\/wp\/v2\/types\/product"}],"wp:featuredmedia":[{"embeddable":true,"href":"https:\/\/boreait.com\/fr\/wp-json\/wp\/v2\/media\/7383"}],"wp:attachment":[{"href":"https:\/\/boreait.com\/fr\/wp-json\/wp\/v2\/media?parent=7319"}],"wp:term":[{"taxonomy":"product_brand","embeddable":true,"href":"https:\/\/boreait.com\/fr\/wp-json\/wp\/v2\/product_brand?post=7319"},{"taxonomy":"product_cat","embeddable":true,"href":"https:\/\/boreait.com\/fr\/wp-json\/wp\/v2\/product_cat?post=7319"},{"taxonomy":"product_tag","embeddable":true,"href":"https:\/\/boreait.com\/fr\/wp-json\/wp\/v2\/product_tag?post=7319"}],"curies":[{"name":"wp","href":"https:\/\/api.w.org\/{rel}","templated":true}]}}