{"id":7317,"date":"2025-09-15T14:10:07","date_gmt":"2025-09-15T12:10:07","guid":{"rendered":"https:\/\/boreait.com\/fr\/?post_type=product&#038;p=7317"},"modified":"2026-01-14T08:06:48","modified_gmt":"2026-01-14T07:06:48","slug":"fujitsu-hp-wifi-intel-7260hmw-717381-001-717384-001-717382-001-784641-001-bt","status":"publish","type":"product","link":"https:\/\/boreait.com\/fr\/produit\/fujitsu-hp-wifi-intel-7260hmw-717381-001-717384-001-717382-001-784641-001-bt\/","title":{"rendered":"Fujitsu \/ HP wifi Intel 7260HMW 717381-001 717384-001 717382-001 784641-001 BT"},"content":{"rendered":"<p>L&rsquo;adaptateur r\u00e9seau sans fil Fujitsu \/ HP WiFi Intel 7260HMW 717381-001 717384-001 717382-001 784641-001 BT est con\u00e7u pour les ordinateurs portables et autres appareils compatibles avec la carte PCI Express Mini. Il offre une connectivit\u00e9 sans fil haut d\u00e9bit et la fonctionnalit\u00e9 Bluetooth, permettant aux utilisateurs de se connecter \u00e0 Internet et \u00e0 d&rsquo;autres appareils Bluetooth sans fil.<\/p>\n<p>Avec des fonctionnalit\u00e9s avanc\u00e9es comme la prise en charge bi-bande, la technologie Intel Wireless Display (WiDi) et le Bluetooth 4.0, l&rsquo;adaptateur r\u00e9seau sans fil Fujitsu \/ HP WiFi Intel 7260HMW 717381-001 717384-001 717382-001 784641-001 BT est une solution fiable et efficace pour les utilisateurs qui recherchent une connexion sans fil rapide et fluide. L&rsquo;installation du routeur WiFi Fujitsu \/ HP Intel 7260HMW 717381-001 717384-001 717382-001 784641-001 BT est simple et compatible avec une large gamme d&rsquo;ordinateurs portables et autres appareils. Il constitue donc une option polyvalente et pratique pour les utilisateurs n\u00e9cessitant une connectivit\u00e9 sans fil et la fonctionnalit\u00e9 Bluetooth sur leurs appareils.<\/p>\n","protected":false},"excerpt":{"rendered":"<p>L&rsquo;adaptateur r\u00e9seau sans fil Fujitsu \/ HP WiFi Intel 7260HMW 717381-001 717384-001 717382-001 784641-001 BT est con\u00e7u pour les ordinateurs portables et autres appareils compatibles avec la carte PCI Express Mini. Cet adaptateur offre une connectivit\u00e9 sans fil haut d\u00e9bit et la fonctionnalit\u00e9 Bluetooth, permettant aux utilisateurs de se connecter \u00e0 Internet et \u00e0 d&rsquo;autres appareils Bluetooth sans fil.<\/p>\n<p>L&rsquo;adaptateur r\u00e9seau sans fil Fujitsu \/ HP WiFi Intel 7260HMW 717381-001 717384-001 717382-001 784641-001 BT est une solution fiable et efficace pour les utilisateurs n\u00e9cessitant une connexion sans fil haut d\u00e9bit. Gr\u00e2ce \u00e0 ses fonctionnalit\u00e9s avanc\u00e9es, notamment la prise en charge bi-bande, la technologie Intel Wireless Display (WiDi) et le Bluetooth 4.0, cet adaptateur offre une connectivit\u00e9 rapide et fluide. L&rsquo;installation de l&rsquo;adaptateur WiFi Fujitsu \/ HP Intel 7260HMW 717381-001 717384-001 717382-001 784641-001 BT est simple et n\u00e9cessite peu de connaissances techniques. Compatible avec une large gamme d&rsquo;ordinateurs portables et autres appareils, cet adaptateur constitue une solution polyvalente et pratique pour les utilisateurs n\u00e9cessitant une connectivit\u00e9 sans fil et la fonctionnalit\u00e9 Bluetooth.<\/p>\n","protected":false},"featured_media":7381,"template":"","meta":[],"product_brand":[],"product_cat":[63],"product_tag":[64,61],"class_list":{"0":"post-7317","1":"product","2":"type-product","3":"status-publish","4":"has-post-thumbnail","6":"product_cat-motherboards-board-parts","7":"product_tag-fujitsu","8":"product_tag-hp","10":"first","11":"instock","12":"taxable","13":"shipping-taxable","14":"purchasable","15":"product-type-simple"},"_links":{"self":[{"href":"https:\/\/boreait.com\/fr\/wp-json\/wp\/v2\/product\/7317","targetHints":{"allow":["GET"]}}],"collection":[{"href":"https:\/\/boreait.com\/fr\/wp-json\/wp\/v2\/product"}],"about":[{"href":"https:\/\/boreait.com\/fr\/wp-json\/wp\/v2\/types\/product"}],"wp:featuredmedia":[{"embeddable":true,"href":"https:\/\/boreait.com\/fr\/wp-json\/wp\/v2\/media\/7381"}],"wp:attachment":[{"href":"https:\/\/boreait.com\/fr\/wp-json\/wp\/v2\/media?parent=7317"}],"wp:term":[{"taxonomy":"product_brand","embeddable":true,"href":"https:\/\/boreait.com\/fr\/wp-json\/wp\/v2\/product_brand?post=7317"},{"taxonomy":"product_cat","embeddable":true,"href":"https:\/\/boreait.com\/fr\/wp-json\/wp\/v2\/product_cat?post=7317"},{"taxonomy":"product_tag","embeddable":true,"href":"https:\/\/boreait.com\/fr\/wp-json\/wp\/v2\/product_tag?post=7317"}],"curies":[{"name":"wp","href":"https:\/\/api.w.org\/{rel}","templated":true}]}}