{"id":7313,"date":"2025-09-15T14:10:05","date_gmt":"2025-09-15T12:10:05","guid":{"rendered":"https:\/\/boreait.com\/fr\/?post_type=product&#038;p=7313"},"modified":"2026-01-14T08:06:08","modified_gmt":"2026-01-14T07:06:08","slug":"ensemble-de-haut-parleurs-sps-749653-001-dorigine-pour-ordinateur-portable-hp-15-r213na-droit-et-gauche","status":"publish","type":"product","link":"https:\/\/boreait.com\/fr\/produit\/ensemble-de-haut-parleurs-sps-749653-001-dorigine-pour-ordinateur-portable-hp-15-r213na-droit-et-gauche\/","title":{"rendered":"Ensemble de haut-parleurs SPS-749653-001 d&rsquo;origine pour ordinateur portable HP 15-r213na, droit et gauche"},"content":{"rendered":"<p>Le kit de haut-parleurs SPS-749653-001 authentique est une pi\u00e8ce de rechange sp\u00e9cialement con\u00e7ue pour l&rsquo;ordinateur portable HP 15-r213na. Il comprend les haut-parleurs droit et gauche et est fabriqu\u00e9 avec des mat\u00e9riaux de haute qualit\u00e9 pour garantir des performances et une long\u00e9vit\u00e9 optimales.<\/p>\n<p>L&rsquo;installation est facile et ne n\u00e9cessite aucun outil ni comp\u00e9tence technique particuli\u00e8re. En rempla\u00e7ant des haut-parleurs endommag\u00e9s ou d\u00e9fectueux par ce kit SPS-749653-001 authentique, vous pouvez profiter pleinement des fonctionnalit\u00e9s audio de votre appareil.<\/p>\n<p>Ce kit offre une sortie audio haute qualit\u00e9 sur les deux canaux, ce qui le rend id\u00e9al pour le travail comme pour les loisirs. Que ce soit pour une pr\u00e9sentation professionnelle, un film ou de la musique en streaming, le kit SPS-749653-001 authentique est un excellent choix pour les utilisateurs d&rsquo;un ordinateur portable HP 15-r213na \u00e0 la recherche d&rsquo;une exp\u00e9rience audio de haute qualit\u00e9.<\/p>\n","protected":false},"excerpt":{"rendered":"<p>Le kit de haut-parleurs d&rsquo;origine SPS-749653-001 est une pi\u00e8ce de rechange con\u00e7ue pour l&rsquo;ordinateur portable HP 15-r213na. Ce kit comprend les haut-parleurs gauche et droit et est fabriqu\u00e9 avec des mat\u00e9riaux de haute qualit\u00e9 pour garantir des performances fiables et constantes. Faciles \u00e0 installer, ils ne n\u00e9cessitent ni outils ni expertise sp\u00e9cifiques, ce qui en fait un choix id\u00e9al pour remplacer des haut-parleurs d\u00e9fectueux ou endommag\u00e9s. Gr\u00e2ce \u00e0 ce kit, profitez d&rsquo;un son haute qualit\u00e9 sur les deux canaux, que ce soit pour travailler ou se divertir.<\/p>\n","protected":false},"featured_media":7377,"template":"","meta":[],"product_brand":[],"product_cat":[54],"product_tag":[61],"class_list":{"0":"post-7313","1":"product","2":"type-product","3":"status-publish","4":"has-post-thumbnail","6":"product_cat-laptop-speakers","7":"product_tag-hp","9":"first","10":"instock","11":"taxable","12":"shipping-taxable","13":"purchasable","14":"product-type-simple"},"_links":{"self":[{"href":"https:\/\/boreait.com\/fr\/wp-json\/wp\/v2\/product\/7313","targetHints":{"allow":["GET"]}}],"collection":[{"href":"https:\/\/boreait.com\/fr\/wp-json\/wp\/v2\/product"}],"about":[{"href":"https:\/\/boreait.com\/fr\/wp-json\/wp\/v2\/types\/product"}],"wp:featuredmedia":[{"embeddable":true,"href":"https:\/\/boreait.com\/fr\/wp-json\/wp\/v2\/media\/7377"}],"wp:attachment":[{"href":"https:\/\/boreait.com\/fr\/wp-json\/wp\/v2\/media?parent=7313"}],"wp:term":[{"taxonomy":"product_brand","embeddable":true,"href":"https:\/\/boreait.com\/fr\/wp-json\/wp\/v2\/product_brand?post=7313"},{"taxonomy":"product_cat","embeddable":true,"href":"https:\/\/boreait.com\/fr\/wp-json\/wp\/v2\/product_cat?post=7313"},{"taxonomy":"product_tag","embeddable":true,"href":"https:\/\/boreait.com\/fr\/wp-json\/wp\/v2\/product_tag?post=7313"}],"curies":[{"name":"wp","href":"https:\/\/api.w.org\/{rel}","templated":true}]}}