{"id":7310,"date":"2025-09-15T14:10:04","date_gmt":"2025-09-15T12:10:04","guid":{"rendered":"https:\/\/boreait.com\/fr\/?post_type=product&#038;p=7310"},"modified":"2025-09-15T14:10:50","modified_gmt":"2025-09-15T12:10:50","slug":"ensemble-de-haut-parleurs-gauche-et-droit-dorigine-pour-dell-latitude-e5450-14-pouces-gkvp1","status":"publish","type":"product","link":"https:\/\/boreait.com\/fr\/produit\/ensemble-de-haut-parleurs-gauche-et-droit-dorigine-pour-dell-latitude-e5450-14-pouces-gkvp1\/","title":{"rendered":"Ensemble de haut-parleurs gauche et droit d&rsquo;origine pour Dell Latitude E5450 14 pouces (GKVP1)"},"content":{"rendered":"<p>L&rsquo;ensemble de haut-parleurs gauche et droit d&rsquo;origine Dell Latitude E5450 14&Prime; (r\u00e9f\u00e9rence GKVP1) est con\u00e7u pour les ordinateurs portables Dell Latitude E5450. Il produit un son clair et de haute qualit\u00e9 pour diverses applications multim\u00e9dias, telles que la musique, les vid\u00e9os et les pr\u00e9sentations. Il comprend des haut-parleurs gauche et droit pour garantir une sortie audio \u00e9quilibr\u00e9e. L&rsquo;ensemble de haut-parleurs gauche et droit d&rsquo;origine Dell Latitude E5450 14&Prime; (r\u00e9f\u00e9rence GKVP1) est un produit Dell authentique, fabriqu\u00e9 avec des mat\u00e9riaux de haute qualit\u00e9 pour garantir durabilit\u00e9 et fiabilit\u00e9. Correctement install\u00e9, cet ensemble am\u00e9liore consid\u00e9rablement l&rsquo;exp\u00e9rience audio des ordinateurs portables Dell Latitude E5450. C&rsquo;est une pi\u00e8ce de rechange indispensable pour les personnes rencontrant des probl\u00e8mes de son sur leur ordinateur portable Dell Latitude E5450.<\/p>\n","protected":false},"excerpt":{"rendered":"<p>L&rsquo;ensemble de haut-parleurs gauche et droit d&rsquo;origine pour Dell Latitude E5450 14&Prime; (r\u00e9f\u00e9rence GKVP1) est un ensemble de haut-parleurs audio de haute qualit\u00e9 con\u00e7u pour les ordinateurs portables Dell Latitude E5450. Il comprend des haut-parleurs gauche et droit, offrant un son clair et \u00e9quilibr\u00e9 pour diverses applications multim\u00e9dias, telles que la musique, les vid\u00e9os et les pr\u00e9sentations. Produit Dell d&rsquo;origine, cet ensemble de haut-parleurs est fabriqu\u00e9 avec des mat\u00e9riaux de haute qualit\u00e9, garantissant durabilit\u00e9 et fiabilit\u00e9. Il est recommand\u00e9 aux personnes rencontrant des probl\u00e8mes audio sur leur ordinateur portable Dell Latitude E5450.<\/p>\n","protected":false},"featured_media":7360,"template":"","meta":[],"product_brand":[],"product_cat":[54],"product_tag":[53],"class_list":{"0":"post-7310","1":"product","2":"type-product","3":"status-publish","4":"has-post-thumbnail","6":"product_cat-laptop-speakers","7":"product_tag-dell","9":"first","10":"instock","11":"taxable","12":"shipping-taxable","13":"purchasable","14":"product-type-simple"},"_links":{"self":[{"href":"https:\/\/boreait.com\/fr\/wp-json\/wp\/v2\/product\/7310","targetHints":{"allow":["GET"]}}],"collection":[{"href":"https:\/\/boreait.com\/fr\/wp-json\/wp\/v2\/product"}],"about":[{"href":"https:\/\/boreait.com\/fr\/wp-json\/wp\/v2\/types\/product"}],"wp:featuredmedia":[{"embeddable":true,"href":"https:\/\/boreait.com\/fr\/wp-json\/wp\/v2\/media\/7360"}],"wp:attachment":[{"href":"https:\/\/boreait.com\/fr\/wp-json\/wp\/v2\/media?parent=7310"}],"wp:term":[{"taxonomy":"product_brand","embeddable":true,"href":"https:\/\/boreait.com\/fr\/wp-json\/wp\/v2\/product_brand?post=7310"},{"taxonomy":"product_cat","embeddable":true,"href":"https:\/\/boreait.com\/fr\/wp-json\/wp\/v2\/product_cat?post=7310"},{"taxonomy":"product_tag","embeddable":true,"href":"https:\/\/boreait.com\/fr\/wp-json\/wp\/v2\/product_tag?post=7310"}],"curies":[{"name":"wp","href":"https:\/\/api.w.org\/{rel}","templated":true}]}}