{"id":7309,"date":"2025-09-15T14:10:03","date_gmt":"2025-09-15T12:10:03","guid":{"rendered":"https:\/\/boreait.com\/fr\/?post_type=product&#038;p=7309"},"modified":"2025-09-15T14:10:48","modified_gmt":"2025-09-15T12:10:48","slug":"ensemble-de-haut-parleurs-gauche-et-droit-pour-lenovo-thinkpad-14-t460-pk23000jj00","status":"publish","type":"product","link":"https:\/\/boreait.com\/fr\/produit\/ensemble-de-haut-parleurs-gauche-et-droit-pour-lenovo-thinkpad-14-t460-pk23000jj00\/","title":{"rendered":"Ensemble de haut-parleurs gauche et droit pour Lenovo ThinkPad 14&Prime; T460 (PK23000JJ00)"},"content":{"rendered":"<p>Le kit de haut-parleurs gauche et droit pour Lenovo Thinkpad 14&Prime; T460 (r\u00e9f\u00e9rence pk23000jj00) est con\u00e7u pour les ordinateurs portables Lenovo Thinkpad T460. Ces haut-parleurs sont con\u00e7us pour produire un son de haute qualit\u00e9 pour diverses applications multim\u00e9dias, telles que la musique, les vid\u00e9os et les pr\u00e9sentations. L&rsquo;ensemble comprend des haut-parleurs gauche et droit pour garantir une sortie audio \u00e9quilibr\u00e9e. Le kit de haut-parleurs gauche et droit pour Lenovo Thinkpad 14&Prime; T460 (r\u00e9f\u00e9rence pk23000jj00) est un produit Lenovo d&rsquo;origine, fabriqu\u00e9 avec des mat\u00e9riaux de haute qualit\u00e9 pour garantir durabilit\u00e9 et fiabilit\u00e9. Correctement install\u00e9, ce kit am\u00e9liore consid\u00e9rablement l&rsquo;exp\u00e9rience audio des ordinateurs portables Lenovo Thinkpad T460. C&rsquo;est une pi\u00e8ce de rechange indispensable pour les utilisateurs rencontrant des probl\u00e8mes de son sur leur ordinateur portable Lenovo Thinkpad T460.<\/p>\n","protected":false},"excerpt":{"rendered":"<p>Le kit de haut-parleurs gauche et droit pour Lenovo Thinkpad 14&Prime; T460 (r\u00e9f\u00e9rence pk23000jj00) est sp\u00e9cialement con\u00e7u pour les ordinateurs portables Lenovo Thinkpad T460. Il produit un son clair et de haute qualit\u00e9 pour diverses applications multim\u00e9dias, telles que la musique, les vid\u00e9os et les pr\u00e9sentations. Il comprend des haut-parleurs gauche et droit, garantissant une exp\u00e9rience audio \u00e9quilibr\u00e9e. Le kit de haut-parleurs gauche et droit pour Lenovo Thinkpad 14&Prime; T460 (r\u00e9f\u00e9rence pk23000jj00) est un produit Lenovo d&rsquo;origine, fabriqu\u00e9 avec des mat\u00e9riaux de haute qualit\u00e9 pour garantir durabilit\u00e9 et fiabilit\u00e9. Correctement install\u00e9, il am\u00e9liore consid\u00e9rablement l&rsquo;exp\u00e9rience audio des ordinateurs portables Lenovo Thinkpad T460.<\/p>\n","protected":false},"featured_media":7359,"template":"","meta":[],"product_brand":[],"product_cat":[54],"product_tag":[62],"class_list":{"0":"post-7309","1":"product","2":"type-product","3":"status-publish","4":"has-post-thumbnail","6":"product_cat-laptop-speakers","7":"product_tag-lenovo","9":"first","10":"instock","11":"taxable","12":"shipping-taxable","13":"purchasable","14":"product-type-simple"},"_links":{"self":[{"href":"https:\/\/boreait.com\/fr\/wp-json\/wp\/v2\/product\/7309","targetHints":{"allow":["GET"]}}],"collection":[{"href":"https:\/\/boreait.com\/fr\/wp-json\/wp\/v2\/product"}],"about":[{"href":"https:\/\/boreait.com\/fr\/wp-json\/wp\/v2\/types\/product"}],"wp:featuredmedia":[{"embeddable":true,"href":"https:\/\/boreait.com\/fr\/wp-json\/wp\/v2\/media\/7359"}],"wp:attachment":[{"href":"https:\/\/boreait.com\/fr\/wp-json\/wp\/v2\/media?parent=7309"}],"wp:term":[{"taxonomy":"product_brand","embeddable":true,"href":"https:\/\/boreait.com\/fr\/wp-json\/wp\/v2\/product_brand?post=7309"},{"taxonomy":"product_cat","embeddable":true,"href":"https:\/\/boreait.com\/fr\/wp-json\/wp\/v2\/product_cat?post=7309"},{"taxonomy":"product_tag","embeddable":true,"href":"https:\/\/boreait.com\/fr\/wp-json\/wp\/v2\/product_tag?post=7309"}],"curies":[{"name":"wp","href":"https:\/\/api.w.org\/{rel}","templated":true}]}}