{"id":7308,"date":"2025-09-15T14:10:03","date_gmt":"2025-09-15T12:10:03","guid":{"rendered":"https:\/\/boreait.com\/fr\/?post_type=product&#038;p=7308"},"modified":"2026-01-14T08:05:31","modified_gmt":"2026-01-14T07:05:31","slug":"dissipateur-thermique-de-refroidissement-de-processeur-pour-ordinateur-portable-hp-elitebook-840-g1-g2-730963-001","status":"publish","type":"product","link":"https:\/\/boreait.com\/fr\/produit\/dissipateur-thermique-de-refroidissement-de-processeur-pour-ordinateur-portable-hp-elitebook-840-g1-g2-730963-001\/","title":{"rendered":"Dissipateur thermique de refroidissement de processeur pour ordinateur portable HP EliteBook 840 G1 G2 730963-001"},"content":{"rendered":"<p>Le dissipateur thermique pour processeur HP EliteBook 840 G1 G2 (r\u00e9f\u00e9rence 730963-001) est un composant essentiel du syst\u00e8me de refroidissement des ordinateurs portables HP EliteBook 840 G1 et G2. Il dissipe la chaleur du processeur (unit\u00e9 centrale) afin d&rsquo;\u00e9viter toute surchauffe susceptible d&rsquo;endommager les composants internes. En maintenant le processeur \u00e0 une temp\u00e9rature optimale, le dissipateur thermique pour processeur HP EliteBook 840 G1 G2 garantit des performances fiables et efficaces. Une installation et un entretien corrects du dissipateur thermique sont essentiels \u00e0 la long\u00e9vit\u00e9 et \u00e0 l&rsquo;efficacit\u00e9 du syst\u00e8me de refroidissement. En r\u00e9sum\u00e9, le dissipateur thermique pour processeur HP EliteBook 840 G1 G2 est un composant essentiel au bon fonctionnement des ordinateurs portables HP EliteBook 840 G1 et G2.<\/p>\n","protected":false},"excerpt":{"rendered":"<p>Le dissipateur thermique pour processeur HP EliteBook 840 G1 G2 (r\u00e9f\u00e9rence 730963-001) est un composant essentiel du syst\u00e8me de refroidissement des ordinateurs portables HP EliteBook 840 G1 et G2. Il dissipe la chaleur du processeur (unit\u00e9 centrale) afin d&rsquo;\u00e9viter toute surchauffe susceptible d&rsquo;endommager les composants internes. En maintenant une temp\u00e9rature optimale du processeur, il contribue \u00e0 garantir les performances et la fiabilit\u00e9 de l&rsquo;ordinateur. Une installation et un entretien corrects du dissipateur thermique pour processeur HP EliteBook 840 G1 G2 sont essentiels \u00e0 la long\u00e9vit\u00e9 et \u00e0 l&rsquo;efficacit\u00e9 de l&rsquo;ordinateur. Ce dissipateur est essentiel au bon fonctionnement des ordinateurs portables HP EliteBook 840 G1 et G2.<\/p>\n","protected":false},"featured_media":7357,"template":"","meta":[],"product_brand":[],"product_cat":[69],"product_tag":[61],"class_list":{"0":"post-7308","1":"product","2":"type-product","3":"status-publish","4":"has-post-thumbnail","6":"product_cat-cpu-fans-heatsinks","7":"product_tag-hp","9":"first","10":"instock","11":"taxable","12":"shipping-taxable","13":"purchasable","14":"product-type-simple"},"_links":{"self":[{"href":"https:\/\/boreait.com\/fr\/wp-json\/wp\/v2\/product\/7308","targetHints":{"allow":["GET"]}}],"collection":[{"href":"https:\/\/boreait.com\/fr\/wp-json\/wp\/v2\/product"}],"about":[{"href":"https:\/\/boreait.com\/fr\/wp-json\/wp\/v2\/types\/product"}],"wp:featuredmedia":[{"embeddable":true,"href":"https:\/\/boreait.com\/fr\/wp-json\/wp\/v2\/media\/7357"}],"wp:attachment":[{"href":"https:\/\/boreait.com\/fr\/wp-json\/wp\/v2\/media?parent=7308"}],"wp:term":[{"taxonomy":"product_brand","embeddable":true,"href":"https:\/\/boreait.com\/fr\/wp-json\/wp\/v2\/product_brand?post=7308"},{"taxonomy":"product_cat","embeddable":true,"href":"https:\/\/boreait.com\/fr\/wp-json\/wp\/v2\/product_cat?post=7308"},{"taxonomy":"product_tag","embeddable":true,"href":"https:\/\/boreait.com\/fr\/wp-json\/wp\/v2\/product_tag?post=7308"}],"curies":[{"name":"wp","href":"https:\/\/api.w.org\/{rel}","templated":true}]}}