{"id":7307,"date":"2025-09-15T14:10:02","date_gmt":"2025-09-15T12:10:02","guid":{"rendered":"https:\/\/boreait.com\/fr\/?post_type=product&#038;p=7307"},"modified":"2025-09-15T14:10:44","modified_gmt":"2025-09-15T12:10:44","slug":"pour-hp-zbook-17-radiateur-caloduc-735374-001-786686-001","status":"publish","type":"product","link":"https:\/\/boreait.com\/fr\/produit\/pour-hp-zbook-17-radiateur-caloduc-735374-001-786686-001\/","title":{"rendered":"Pour HP ZBOOK 17 Radiateur Caloduc 735374-001 786686-001"},"content":{"rendered":"<p>Le caloduc pour radiateur HP ZBOOK 17 (r\u00e9f\u00e9rences 735374-001 et 786686-001) est un composant con\u00e7u pour la station de travail mobile HP ZBOOK 17. Ce caloduc dissipe la chaleur du processeur et du processeur graphique afin d&rsquo;\u00e9viter toute surchauffe susceptible d&rsquo;endommager les composants internes. Il est essentiel au syst\u00e8me de refroidissement et garantit la long\u00e9vit\u00e9 et la fiabilit\u00e9 de la station de travail. Avec une installation et un entretien corrects, le caloduc pour radiateur HP ZBOOK 17 permet \u00e0 la station de travail mobile HP ZBOOK 17 de fonctionner \u00e0 des niveaux de performance optimaux pendant de longues p\u00e9riodes.<\/p>\n","protected":false},"excerpt":{"rendered":"<p>Le caloduc pour radiateur HP ZBOOK 17 (r\u00e9f\u00e9rences 735374-001 et 786686-001) est un composant con\u00e7u pour dissiper la chaleur du processeur et du processeur graphique de la station de travail mobile HP ZBOOK 17. En pr\u00e9venant la surchauffe, ce caloduc contribue \u00e0 maintenir une temp\u00e9rature optimale des composants internes de la station, garantissant ainsi leur long\u00e9vit\u00e9 et leur fiabilit\u00e9. \u00c9l\u00e9ment essentiel du syst\u00e8me de refroidissement, le caloduc pour radiateur HP ZBOOK 17 contribue au bon fonctionnement de la station de travail. Une installation et un entretien corrects peuvent am\u00e9liorer consid\u00e9rablement les performances et la dur\u00e9e de vie de la station de travail mobile HP ZBOOK 17.<\/p>\n","protected":false},"featured_media":7355,"template":"","meta":[],"product_brand":[],"product_cat":[69],"product_tag":[61],"class_list":{"0":"post-7307","1":"product","2":"type-product","3":"status-publish","4":"has-post-thumbnail","6":"product_cat-cpu-fans-heatsinks","7":"product_tag-hp","9":"first","10":"instock","11":"taxable","12":"shipping-taxable","13":"purchasable","14":"product-type-simple"},"_links":{"self":[{"href":"https:\/\/boreait.com\/fr\/wp-json\/wp\/v2\/product\/7307","targetHints":{"allow":["GET"]}}],"collection":[{"href":"https:\/\/boreait.com\/fr\/wp-json\/wp\/v2\/product"}],"about":[{"href":"https:\/\/boreait.com\/fr\/wp-json\/wp\/v2\/types\/product"}],"wp:featuredmedia":[{"embeddable":true,"href":"https:\/\/boreait.com\/fr\/wp-json\/wp\/v2\/media\/7355"}],"wp:attachment":[{"href":"https:\/\/boreait.com\/fr\/wp-json\/wp\/v2\/media?parent=7307"}],"wp:term":[{"taxonomy":"product_brand","embeddable":true,"href":"https:\/\/boreait.com\/fr\/wp-json\/wp\/v2\/product_brand?post=7307"},{"taxonomy":"product_cat","embeddable":true,"href":"https:\/\/boreait.com\/fr\/wp-json\/wp\/v2\/product_cat?post=7307"},{"taxonomy":"product_tag","embeddable":true,"href":"https:\/\/boreait.com\/fr\/wp-json\/wp\/v2\/product_tag?post=7307"}],"curies":[{"name":"wp","href":"https:\/\/api.w.org\/{rel}","templated":true}]}}